{"id":164328,"date":"2025-12-19T13:20:45","date_gmt":"2025-12-19T10:20:45","guid":{"rendered":"https:\/\/baldumarket.lt\/product\/fribo-frib01-biurko-1d1s-biale\/"},"modified":"2026-04-06T19:21:04","modified_gmt":"2026-04-06T16:21:04","slug":"fribo-frib01-biurko-1d1s-biale","status":"publish","type":"product","link":"https:\/\/baldumarket.lt\/lt\/product\/fribo-frib01-biurko-1d1s-biale\/","title":{"rendered":"Fribo FRIB01 \u2013 Ra\u0161omasis stalas 1D1S, baltas"},"content":{"rendered":"<p>Atraskite subtili\u0105 elegancij\u0105 ir funkcionalum\u0105, kurie pakeis j\u016bs\u0173 po\u017ei\u016br\u012f \u012f darb\u0105 i\u0161 nam\u0173. Pristatome balt\u0105 ra\u0161om\u0105j\u012f stal\u0105 \u201eFribo FRIB01 \u2013 1D1S\u201c \u2013 bald\u0105, kuris \u012fne\u0161 gaivos \u012f j\u016bs\u0173 interjer\u0105 ir u\u017etikrins patogi\u0105 darbo viet\u0105. Sukurtas tiems, kurie vertina modernumo ir prakti\u0161kumo derin\u012f, \u201eFribo\u201c ra\u0161omasis stalas yra 135,4 cm plo\u010dio, 74,9 cm auk\u0161\u010dio ir 65 cm gylio, si\u016blantis erdv\u0173 stalvir\u0161\u012f, ant kurio lengvai tilps kompiuteris, dokumentai ir b\u016btini biuro reikmenys. Skandinavi\u0161kas minimalizmas papildo ry\u0161ki\u0105 spalv\u0173 palet\u0119, o balta apdaila ne tik pa\u0161viesina kambar\u012f, bet ir suteikia lengvumo. Baldai pagaminti i\u0161 auk\u0161tos kokyb\u0117s laminuotos plok\u0161t\u0117s, kuri yra atspari kasdieniam naudojimui. Pavir\u0161ius atsparus \u012fbr\u0117\u017eimams, dr\u0117gmei ir auk\u0161tai temperat\u016brai, tod\u0117l \u201eFribo\u201c yra ilgalaik\u0117 investicija. Tiek stalo korpusas, tiek priekin\u0117 dalis apdailinti ta pa\u010dia patvaria plok\u0161te, u\u017etikrinant vientis\u0105 ir eleganti\u0161k\u0105 i\u0161vaizd\u0105.<\/p>","protected":false},"excerpt":{"rendered":"<p>Plotis (cm): 135,4<br \/>\n\u016agis (cm): 74,9<br \/>\nGylis (cm): 65<\/p>","protected":false},"featured_media":164329,"comment_status":"open","ping_status":"open","template":"","meta":[],"product_brand":[],"product_cat":[9481,1312,4107],"product_tag":[],"class_list":{"0":"post-164328","1":"product","2":"type-product","3":"status-publish","4":"has-post-thumbnail","6":"product_cat-furniture-system-fribo-wojcik-meble","7":"product_cat-desks","8":"product_cat-meble-wojcik","10":"first","11":"instock","12":"purchasable","13":"product-type-simple"},"_links":{"self":[{"href":"https:\/\/baldumarket.lt\/lt\/wp-json\/wp\/v2\/product\/164328","targetHints":{"allow":["GET"]}}],"collection":[{"href":"https:\/\/baldumarket.lt\/lt\/wp-json\/wp\/v2\/product"}],"about":[{"href":"https:\/\/baldumarket.lt\/lt\/wp-json\/wp\/v2\/types\/product"}],"replies":[{"embeddable":true,"href":"https:\/\/baldumarket.lt\/lt\/wp-json\/wp\/v2\/comments?post=164328"}],"wp:featuredmedia":[{"embeddable":true,"href":"https:\/\/baldumarket.lt\/lt\/wp-json\/wp\/v2\/media\/164329"}],"wp:attachment":[{"href":"https:\/\/baldumarket.lt\/lt\/wp-json\/wp\/v2\/media?parent=164328"}],"wp:term":[{"taxonomy":"product_brand","embeddable":true,"href":"https:\/\/baldumarket.lt\/lt\/wp-json\/wp\/v2\/product_brand?post=164328"},{"taxonomy":"product_cat","embeddable":true,"href":"https:\/\/baldumarket.lt\/lt\/wp-json\/wp\/v2\/product_cat?post=164328"},{"taxonomy":"product_tag","embeddable":true,"href":"https:\/\/baldumarket.lt\/lt\/wp-json\/wp\/v2\/product_tag?post=164328"}],"curies":[{"name":"wp","href":"https:\/\/api.w.org\/{rel}","templated":true}]}}