{"id":164316,"date":"2025-12-19T13:20:15","date_gmt":"2025-12-19T10:20:15","guid":{"rendered":"https:\/\/baldumarket.lt\/product\/fribo-friv01-witryna-1d3s-dab-ribbeck-zloty\/"},"modified":"2026-04-06T19:21:04","modified_gmt":"2026-04-06T16:21:04","slug":"fribo-friv01-witryna-1d3s-dab-ribbeck-zloty","status":"publish","type":"product","link":"https:\/\/baldumarket.lt\/lt\/product\/fribo-friv01-witryna-1d3s-dab-ribbeck-zloty\/","title":{"rendered":"Fribo FRIV01 \u2013 Vitrina 1D3S Ribbeck auksinio \u0105\u017euolo spalvos"},"content":{"rendered":"<p>Atraskite geometrinio paprastumo ir funkcionalumo magij\u0105 su \u201eFribo FRIV01\u201c vitrina \u201eRibbeck Golden Oak\u201c spalvos. Jos eleganti\u0161ka forma ir subtilus dizainas puikiai \u012fsilies \u012f j\u016bs\u0173 interjero erdv\u0119. \u0160is baldas nustebins jus savo universalumu ir suteiks prabangos bet kokiam i\u0161d\u0117stymui. \u0160i moderni vitrina yra 50,1 cm plo\u010dio, 200 cm auk\u0161\u010dio ir 40 cm gylio, tod\u0117l ji idealiai tinka tiek ma\u017eesn\u0117ms, tiek didesn\u0117ms patalpoms, kurioms reikia stilingo ir prakti\u0161ko daikt\u0173 laikymo sprendimo. \u0160iltas \u201eRibbeck Golden Oak\u201c atspalvis su nat\u016braliu beicu suteiks j\u016bs\u0173 namams ypatingos atmosferos. Trys erdv\u016bs stal\u010diai su auk\u0161tos kokyb\u0117s viso i\u0161traukimo rutuliniais guoliais suteikia lengv\u0105 ir patogi\u0105 prieig\u0105 prie laikom\u0173 daikt\u0173. Tai, kartu su stiklin\u0117mis lentynomis, puikiai tinkan\u010diomis m\u0117gstamoms dekoracijoms ar kolekcijoms eksponuoti, sukuria bald\u0105, kuris yra ne tik gra\u017eus, bet ir ne\u012ftik\u0117tinai prakti\u0161kas. Be to, galite pasirinkti papildom\u0105 LED ap\u0161vietim\u0105, kuris gra\u017eiai pary\u0161kins pasirinktus dekoratyvinius elementus, suteikdamas jiems magi\u0161k\u0105 \u0161vyt\u0117jim\u0105 \u2013 \u201eSquare 1 point\u201c u\u017e 89 PLN arba \u201eLED Klips 2 points\u201c u\u017e 79 PLN.<\/p>","protected":false},"excerpt":{"rendered":"<p>Plotis (cm): 50,1<br \/>\n\u016agis (cm): 200<br \/>\nGylis (cm): 40<\/p>","protected":false},"featured_media":164317,"comment_status":"open","ping_status":"open","template":"","meta":[],"product_brand":[],"product_cat":[9481,4107,2006],"product_tag":[],"class_list":{"0":"post-164316","1":"product","2":"type-product","3":"status-publish","4":"has-post-thumbnail","6":"product_cat-furniture-system-fribo-wojcik-meble","7":"product_cat-meble-wojcik","8":"product_cat-vitrines","10":"first","11":"instock","12":"purchasable","13":"product-type-simple"},"_links":{"self":[{"href":"https:\/\/baldumarket.lt\/lt\/wp-json\/wp\/v2\/product\/164316","targetHints":{"allow":["GET"]}}],"collection":[{"href":"https:\/\/baldumarket.lt\/lt\/wp-json\/wp\/v2\/product"}],"about":[{"href":"https:\/\/baldumarket.lt\/lt\/wp-json\/wp\/v2\/types\/product"}],"replies":[{"embeddable":true,"href":"https:\/\/baldumarket.lt\/lt\/wp-json\/wp\/v2\/comments?post=164316"}],"wp:featuredmedia":[{"embeddable":true,"href":"https:\/\/baldumarket.lt\/lt\/wp-json\/wp\/v2\/media\/164317"}],"wp:attachment":[{"href":"https:\/\/baldumarket.lt\/lt\/wp-json\/wp\/v2\/media?parent=164316"}],"wp:term":[{"taxonomy":"product_brand","embeddable":true,"href":"https:\/\/baldumarket.lt\/lt\/wp-json\/wp\/v2\/product_brand?post=164316"},{"taxonomy":"product_cat","embeddable":true,"href":"https:\/\/baldumarket.lt\/lt\/wp-json\/wp\/v2\/product_cat?post=164316"},{"taxonomy":"product_tag","embeddable":true,"href":"https:\/\/baldumarket.lt\/lt\/wp-json\/wp\/v2\/product_tag?post=164316"}],"curies":[{"name":"wp","href":"https:\/\/api.w.org\/{rel}","templated":true}]}}