{"id":164310,"date":"2025-12-19T13:19:55","date_gmt":"2025-12-19T10:19:55","guid":{"rendered":"https:\/\/baldumarket.lt\/product\/fribo-fris01-bielizniarka-1d3s-dab-ribbeck-zloty\/"},"modified":"2026-04-06T19:20:48","modified_gmt":"2026-04-06T16:20:48","slug":"fribo-fris01-bielizniarka-1d3s-dab-ribbeck-zloty","status":"publish","type":"product","link":"https:\/\/baldumarket.lt\/lt\/product\/fribo-fris01-bielizniarka-1d3s-dab-ribbeck-zloty\/","title":{"rendered":"Fribo FRIS01 \u2013 1D3S komoda Ribbeck aukso \u0105\u017euolo spalvos"},"content":{"rendered":"<p>Su \u201eFribo FRIS01\u201c patalyn\u0117s spinta \u201eRibbeck Golden Oak\u201c spalvos suteikite savo interjerui prabangos ir funkcionalumo. \u0160i eleganti\u0161ka ir rafinuota patalyn\u0117s spinta yra daugiau nei tiesiog baldas \u2013 tai stilingas ir prakti\u0161kas nam\u0173 apstatymo elementas, traukiantis ak\u012f unikalia spalva ir moderniu dizainu. 50,1 cm plo\u010dio, 200 cm auk\u0161\u010dio ir 40 cm gylio, ji puikiai tinka net ma\u017eesn\u0117ms erdv\u0117ms, neprarandant prakti\u0161kumo. \u201eFribo FRIS01\u201c patalyn\u0117s spinta buvo sukurta tiems, kurie vertina ir estetik\u0105, ir komfort\u0105. Pagaminta i\u0161 auk\u0161tos kokyb\u0117s laminuotos plok\u0161t\u0117s, ji garantuoja patvarum\u0105 ir atsparum\u0105 kasdieniam naudojimui. Atspari dr\u0117gmei, \u012fbr\u0117\u017eimams, pa\u017eeidimams ir auk\u0161tai temperat\u016brai, ji ilgai i\u0161laikys savo gro\u017e\u012f ir form\u0105. Patalyn\u0117s spintos viduje yra trys erdv\u016bs stal\u010diai ir keturios erdvios ni\u0161os, puikiai tinkan\u010dios \u012fvairiems drabu\u017eiams laikyti. Jose \u012frengti pilno i\u0161traukimo rutuliniai guoliai, tod\u0117l visi laikomi daiktai yra lengvai pasiekiami. Harmoningas srautas, kur\u012f ji atne\u0161a \u012f j\u016bs\u0173 namus, kiekvien\u0105 aprangos keitim\u0105 pavers tikru malonumu.<\/p>","protected":false},"excerpt":{"rendered":"<p>Plotis (cm): 50,1<br \/>\n\u016agis (cm): 200<br \/>\nGylis (cm): 40<\/p>","protected":false},"featured_media":164311,"comment_status":"open","ping_status":"open","template":"","meta":[],"product_brand":[],"product_cat":[9481,4107,1177],"product_tag":[],"class_list":{"0":"post-164310","1":"product","2":"type-product","3":"status-publish","4":"has-post-thumbnail","6":"product_cat-furniture-system-fribo-wojcik-meble","7":"product_cat-meble-wojcik","8":"product_cat-wardrobes","10":"first","11":"instock","12":"purchasable","13":"product-type-simple"},"_links":{"self":[{"href":"https:\/\/baldumarket.lt\/lt\/wp-json\/wp\/v2\/product\/164310","targetHints":{"allow":["GET"]}}],"collection":[{"href":"https:\/\/baldumarket.lt\/lt\/wp-json\/wp\/v2\/product"}],"about":[{"href":"https:\/\/baldumarket.lt\/lt\/wp-json\/wp\/v2\/types\/product"}],"replies":[{"embeddable":true,"href":"https:\/\/baldumarket.lt\/lt\/wp-json\/wp\/v2\/comments?post=164310"}],"wp:featuredmedia":[{"embeddable":true,"href":"https:\/\/baldumarket.lt\/lt\/wp-json\/wp\/v2\/media\/164311"}],"wp:attachment":[{"href":"https:\/\/baldumarket.lt\/lt\/wp-json\/wp\/v2\/media?parent=164310"}],"wp:term":[{"taxonomy":"product_brand","embeddable":true,"href":"https:\/\/baldumarket.lt\/lt\/wp-json\/wp\/v2\/product_brand?post=164310"},{"taxonomy":"product_cat","embeddable":true,"href":"https:\/\/baldumarket.lt\/lt\/wp-json\/wp\/v2\/product_cat?post=164310"},{"taxonomy":"product_tag","embeddable":true,"href":"https:\/\/baldumarket.lt\/lt\/wp-json\/wp\/v2\/product_tag?post=164310"}],"curies":[{"name":"wp","href":"https:\/\/api.w.org\/{rel}","templated":true}]}}