{"id":164304,"date":"2025-12-19T13:19:43","date_gmt":"2025-12-19T10:19:43","guid":{"rendered":"https:\/\/baldumarket.lt\/product\/fribo-frir01-regal-3s-dab-ribbeck-zloty\/"},"modified":"2026-04-06T19:20:48","modified_gmt":"2026-04-06T16:20:48","slug":"fribo-frir01-regal-3s-dab-ribbeck-zloty","status":"publish","type":"product","link":"https:\/\/baldumarket.lt\/lt\/product\/fribo-frir01-regal-3s-dab-ribbeck-zloty\/","title":{"rendered":"Fribo FRIR01 \u2013 3S lentyna Ribbeck \u0105\u017euolo aukso spalvos"},"content":{"rendered":"<p>Ie\u0161kote tvirto baldo, kuris \u012fne\u0161t\u0173 harmonijos \u012f j\u016bs\u0173 svetain\u0119 ar biur\u0105 ir patenkint\u0173 net i\u0161rankiausi\u0173 literat\u016bros myl\u0117toj\u0173 l\u016bkes\u010dius? \u201eFribo FRIR01 \u2013 3S Golden Ribbeck Oak\u201c knyg\u0173 spinta yra b\u016btent tai, ko jums reikia! Subtili forma ir eleganti\u0161kas auksinis \u201eRibbeck\u201c \u0105\u017euolo atspalvis suteiks spindesio bet kokiam interjerui, o didesnis nei vidutinis funkcionalumas patenkins kiekvien\u0105 vartotoj\u0105. Kurdami \u0161\u012f bald\u0105, sutelk\u0117me d\u0117mes\u012f \u012f tai, kad jis b\u016bt\u0173 ne tik prakti\u0161kas ir patvarus, bet ir dekoratyvus kambario akcentas. Knyg\u0173 lentynos matmenys (plotis: 50,1 cm, auk\u0161tis: 200 cm, gylis: 40 cm) puikiai atitinka \u0161iuolaikinio interjero poreikius. Auk\u0161tos kokyb\u0117s laminuotos plok\u0161t\u0117s konstrukcija u\u017etikrina patvarum\u0105 ir lengv\u0105 valym\u0105. Galvojant apie knyg\u0173 myl\u0117tojus, \u201eFribo FRIR01\u201c knyg\u0173 spinta si\u016blo erdvias lentynas, kuriose tilps daugyb\u0117 literat\u016bros kolekcij\u0173, taip pat skoningi dekoro elementai ir dokumentai. Ta\u010diau tai dar ne viskas \u2013 baldas turi tris stal\u010dius su patikimais rutuliniais guoliais, tod\u0117l kiekvienas stal\u010dius gali b\u016bti visi\u0161kai i\u0161stumtas. Dabar galite lengvai rasti visk\u0105, k\u0105 laikote jose, nereik\u0117s ilgai ie\u0161koti ir gai\u0161ti brangaus laiko.<\/p>","protected":false},"excerpt":{"rendered":"<p>Plotis (cm): 50,1<br \/>\n\u016agis (cm): 200<br \/>\nGylis (cm): 40<\/p>","protected":false},"featured_media":164305,"comment_status":"open","ping_status":"open","template":"","meta":[],"product_brand":[],"product_cat":[9481,4107,1987],"product_tag":[],"class_list":{"0":"post-164304","1":"product","2":"type-product","3":"status-publish","4":"has-post-thumbnail","6":"product_cat-furniture-system-fribo-wojcik-meble","7":"product_cat-meble-wojcik","8":"product_cat-shelving-units","10":"first","11":"instock","12":"purchasable","13":"product-type-simple"},"_links":{"self":[{"href":"https:\/\/baldumarket.lt\/lt\/wp-json\/wp\/v2\/product\/164304","targetHints":{"allow":["GET"]}}],"collection":[{"href":"https:\/\/baldumarket.lt\/lt\/wp-json\/wp\/v2\/product"}],"about":[{"href":"https:\/\/baldumarket.lt\/lt\/wp-json\/wp\/v2\/types\/product"}],"replies":[{"embeddable":true,"href":"https:\/\/baldumarket.lt\/lt\/wp-json\/wp\/v2\/comments?post=164304"}],"wp:featuredmedia":[{"embeddable":true,"href":"https:\/\/baldumarket.lt\/lt\/wp-json\/wp\/v2\/media\/164305"}],"wp:attachment":[{"href":"https:\/\/baldumarket.lt\/lt\/wp-json\/wp\/v2\/media?parent=164304"}],"wp:term":[{"taxonomy":"product_brand","embeddable":true,"href":"https:\/\/baldumarket.lt\/lt\/wp-json\/wp\/v2\/product_brand?post=164304"},{"taxonomy":"product_cat","embeddable":true,"href":"https:\/\/baldumarket.lt\/lt\/wp-json\/wp\/v2\/product_cat?post=164304"},{"taxonomy":"product_tag","embeddable":true,"href":"https:\/\/baldumarket.lt\/lt\/wp-json\/wp\/v2\/product_tag?post=164304"}],"curies":[{"name":"wp","href":"https:\/\/api.w.org\/{rel}","templated":true}]}}