{"id":164298,"date":"2025-12-19T13:19:31","date_gmt":"2025-12-19T10:19:31","guid":{"rendered":"https:\/\/baldumarket.lt\/product\/cortina-cnat02-stolik-dab-grandson\/"},"modified":"2026-04-06T18:44:36","modified_gmt":"2026-04-06T15:44:36","slug":"cortina-cnat02-stolik-dab-grandson","status":"publish","type":"product","link":"https:\/\/baldumarket.lt\/lt\/product\/cortina-cnat02-stolik-dab-grandson\/","title":{"rendered":"Cortina CNAT02 \u2013 \u0105\u017euolinis stalas \u201eAn\u016bkas\u201c"},"content":{"rendered":"<p>Norite savo interjerui prid\u0117ti ne tik prakti\u0161ko, bet ir stilingo bei nesenstan\u010dio \u017eavesio suteikian\u010dio baldo? Pristatome kavos staliuk\u0105 \u201eCortina CNAT02\u201c \u2013 puik\u0173 pasirinkim\u0105 tiems, kurie savo nam\u0173 erdv\u0117se vertina ir estetik\u0105, ir funkcionalum\u0105. \u0160is eleganti\u0161kas kavos staliukas, pagamintas i\u0161 laminuotos \u201eGrandson Oak\u201c plok\u0161t\u0117s, \u012fk\u016bnija modernaus dizaino esm\u0119, derinam\u0105 su nat\u016bralia med\u017eio \u0161iluma. \u201eCortina CNAT02\u201c yra 100 cm plo\u010dio, 40 cm auk\u0161\u010dio ir 59 cm gylio staliukas, tod\u0117l jis puikiai tinka rytiniam ir popietiniam poilsiui. Tvirtas stalvir\u0161is pagamintas i\u0161 laminuotos med\u017eio dro\u017eli\u0173 plok\u0161t\u0117s ir suteikia puiki\u0105 viet\u0105 m\u0117gstamai knygai, puodeliui aromatingos kavos ar \u0161vie\u017eioms g\u0117l\u0117ms, kad b\u016bt\u0173 sukurta jauki atmosfera. \u201eCortina CNAT02\u201c kavos staliukas taip pat turi prakti\u0161k\u0105 lentyn\u0105, esan\u010di\u0105 tiesiai po pagrindiniu stalvir\u0161iu. Tai puiki vieta laikyti visus smulkius daiktus, kuriuos nor\u0117tum\u0117te tur\u0117ti po ranka, bet nenorite, kad jie sutrikdyt\u0173 j\u016bs\u0173 svetain\u0117s tvark\u0105 ir harmonij\u0105. Stora, laminuota med\u017eio dro\u017eli\u0173 plok\u0161t\u0117 garantuoja patvarum\u0105 ir stabilum\u0105, nepriklausomai nuo to, kiek daikt\u0173 nuspr\u0119site ant jos laikyti.<\/p>","protected":false},"excerpt":{"rendered":"<p>Plotis (cm): 100<br \/>\n\u016agis (cm): 40<br \/>\nGylis (cm): 59<\/p>","protected":false},"featured_media":164299,"comment_status":"open","ping_status":"open","template":"","meta":[],"product_brand":[],"product_cat":[9477,4107,1934],"product_tag":[],"class_list":{"0":"post-164298","1":"product","2":"type-product","3":"status-publish","4":"has-post-thumbnail","6":"product_cat-furniture-system-cortina-wojcik-meble","7":"product_cat-meble-wojcik","8":"product_cat-tables","10":"first","11":"instock","12":"purchasable","13":"product-type-simple"},"_links":{"self":[{"href":"https:\/\/baldumarket.lt\/lt\/wp-json\/wp\/v2\/product\/164298","targetHints":{"allow":["GET"]}}],"collection":[{"href":"https:\/\/baldumarket.lt\/lt\/wp-json\/wp\/v2\/product"}],"about":[{"href":"https:\/\/baldumarket.lt\/lt\/wp-json\/wp\/v2\/types\/product"}],"replies":[{"embeddable":true,"href":"https:\/\/baldumarket.lt\/lt\/wp-json\/wp\/v2\/comments?post=164298"}],"wp:featuredmedia":[{"embeddable":true,"href":"https:\/\/baldumarket.lt\/lt\/wp-json\/wp\/v2\/media\/164299"}],"wp:attachment":[{"href":"https:\/\/baldumarket.lt\/lt\/wp-json\/wp\/v2\/media?parent=164298"}],"wp:term":[{"taxonomy":"product_brand","embeddable":true,"href":"https:\/\/baldumarket.lt\/lt\/wp-json\/wp\/v2\/product_brand?post=164298"},{"taxonomy":"product_cat","embeddable":true,"href":"https:\/\/baldumarket.lt\/lt\/wp-json\/wp\/v2\/product_cat?post=164298"},{"taxonomy":"product_tag","embeddable":true,"href":"https:\/\/baldumarket.lt\/lt\/wp-json\/wp\/v2\/product_tag?post=164298"}],"curies":[{"name":"wp","href":"https:\/\/api.w.org\/{rel}","templated":true}]}}