{"id":164292,"date":"2025-12-19T13:19:19","date_gmt":"2025-12-19T10:19:19","guid":{"rendered":"https:\/\/baldumarket.lt\/product\/cortina-cnat01-stol-rozkladany-160-200-dab-grandson\/"},"modified":"2026-04-06T18:44:36","modified_gmt":"2026-04-06T15:44:36","slug":"cortina-cnat01-stol-rozkladany-160-200-dab-grandson","status":"publish","type":"product","link":"https:\/\/baldumarket.lt\/lt\/product\/cortina-cnat01-stol-rozkladany-160-200-dab-grandson\/","title":{"rendered":"Cortina CNAT01 &#8211; I\u0161traukiamas stalas 160-200 Grandson Oak"},"content":{"rendered":"<p>Atraskite elegancij\u0105 ir funkcionalum\u0105 gryniausia forma su i\u0161traukiamu stalu \u201eCortina CNAT01\u201c, kuris bet kuri\u0105 erdv\u0119 pavers tikrai unikalia vieta pavalgyti ir praleisti laik\u0105 su \u0161eima bei draugais. Sukurtas galvojant apie modern\u0173, dinami\u0161k\u0105 interjer\u0105, \u201eGrandson\u201c \u0105\u017euolo kolekcijos \u201eCortina CNAT01\u201c stalas yra gra\u017eaus stiliaus ir unikalaus funkcionalumo kvintesencija. Sulankstyto stalo plotis yra 160 cm, tod\u0117l jis kompakti\u0161kas ir puikiai tinka net ma\u017eesniems valgomiesiems. Sinchroninio b\u0117gelio d\u0117ka stal\u0105 greitai ir lengvai i\u0161tiesite iki 200 cm ilgio, taip suteikdami papildomos erdv\u0117s sve\u010diams. Nepriekai\u0161tinga stalo apdaila, kurios auk\u0161tis \u2013 75,5 cm, o gylis \u2013 90 cm, sukuria erdv\u0173 pavir\u0161i\u0173 didesniam stal\u0173 serviravimui ir patogiam vis\u0173 sve\u010di\u0173 naudojimui. \u0160is stalas pagamintas i\u0161 auk\u0161tos kokyb\u0117s laminuotos plok\u0161t\u0117s, pasi\u017eymin\u010dios i\u0161skirtiniu atsparumu kasdieniam naudojimui. Jums nereikia jaudintis d\u0117l \u012fbr\u0117\u017eim\u0173, pa\u017eeidim\u0173, dr\u0117gm\u0117s ar auk\u0161tos temperat\u016bros, tod\u0117l \u201eCortina CNAT01\u201c stalas nepriekai\u0161tingai tarnaus jums daugel\u012f met\u0173. Nat\u016brali \u201eGrandson\u201c \u0105\u017euolo spalva suteikia interjerui \u0161ilumos ir nat\u016bralumo, i\u0161laikant modern\u0173 charakter\u012f ir pritaikomum\u0105 \u012fvairiems interjero dizainams.<\/p>","protected":false},"excerpt":{"rendered":"<p>Plotis (cm): 160\u2013200<br \/>\n\u016agis (cm): 75,5<br \/>\nGylis (cm): 90<\/p>","protected":false},"featured_media":164293,"comment_status":"open","ping_status":"open","template":"","meta":[],"product_brand":[],"product_cat":[9477,4107,1934],"product_tag":[],"class_list":{"0":"post-164292","1":"product","2":"type-product","3":"status-publish","4":"has-post-thumbnail","6":"product_cat-furniture-system-cortina-wojcik-meble","7":"product_cat-meble-wojcik","8":"product_cat-tables","10":"first","11":"instock","12":"purchasable","13":"product-type-simple"},"_links":{"self":[{"href":"https:\/\/baldumarket.lt\/lt\/wp-json\/wp\/v2\/product\/164292","targetHints":{"allow":["GET"]}}],"collection":[{"href":"https:\/\/baldumarket.lt\/lt\/wp-json\/wp\/v2\/product"}],"about":[{"href":"https:\/\/baldumarket.lt\/lt\/wp-json\/wp\/v2\/types\/product"}],"replies":[{"embeddable":true,"href":"https:\/\/baldumarket.lt\/lt\/wp-json\/wp\/v2\/comments?post=164292"}],"wp:featuredmedia":[{"embeddable":true,"href":"https:\/\/baldumarket.lt\/lt\/wp-json\/wp\/v2\/media\/164293"}],"wp:attachment":[{"href":"https:\/\/baldumarket.lt\/lt\/wp-json\/wp\/v2\/media?parent=164292"}],"wp:term":[{"taxonomy":"product_brand","embeddable":true,"href":"https:\/\/baldumarket.lt\/lt\/wp-json\/wp\/v2\/product_brand?post=164292"},{"taxonomy":"product_cat","embeddable":true,"href":"https:\/\/baldumarket.lt\/lt\/wp-json\/wp\/v2\/product_cat?post=164292"},{"taxonomy":"product_tag","embeddable":true,"href":"https:\/\/baldumarket.lt\/lt\/wp-json\/wp\/v2\/product_tag?post=164292"}],"curies":[{"name":"wp","href":"https:\/\/api.w.org\/{rel}","templated":true}]}}