{"id":164286,"date":"2025-12-19T13:19:07","date_gmt":"2025-12-19T10:19:07","guid":{"rendered":"https:\/\/baldumarket.lt\/product\/brolo-brov01p-witryna-prawostronna-1-drzwiowa-dab-catania-czarna-perla-biala\/"},"modified":"2026-04-06T18:44:36","modified_gmt":"2026-04-06T15:44:36","slug":"brolo-brov01p-witryna-prawostronna-1-drzwiowa-dab-catania-czarna-perla-biala","status":"publish","type":"product","link":"https:\/\/baldumarket.lt\/lt\/product\/brolo-brov01p-witryna-prawostronna-1-drzwiowa-dab-catania-czarna-perla-biala\/","title":{"rendered":"Brolo BROV01P \u2013 De\u0161in\u0117 vitrina, 1 dur\u0173, Catania \u0105\u017euolas\/juodas perlas\/balta"},"content":{"rendered":"<p>Pristatome Jums i\u0161skirtin\u012f \u201eBrolo BROV01P\u201c serijos bald\u0105, simbolizuojant\u012f \u0161iuolaikin\u0119 elegancij\u0105 ir funkcionalum\u0105 \u2013 vien\u0173 dur\u0173 vitrin\u0105 \u201eCatania Oak\u201c \/ \u201eBlack Pearl\u201c \/ \u201eWhite\u201c spalv\u0173. Puikiai tinkanti moderniai svetainei, valgomajam ar net eleganti\u0161kam biurui, \u0161i spintel\u0117 yra ne tik prakti\u0161kas, bet ir esteti\u0161kai patrauklus J\u016bs\u0173 interjero papildymas. \u017davinga \u201eBrolo\u201c spintel\u0117 buvo sukurta tiems, kurie vertina nat\u016brali\u0173 spalv\u0173 ir moderni\u0173 akcent\u0173 harmonij\u0105. \u201eCatania Oak\u201c spalv\u0173 gama harmoningai papildo gili\u0105 perlin\u0119 juod\u0105 ir universali\u0105 balt\u0105 spalvas, sukurdama patvar\u0173 bald\u0105, kuris ne tik laikys, bet ir tinkamai eksponuos nam\u0173 lobius. \u0160ios vien\u0173 dur\u0173 spintel\u0117s matmenys \u2013 56,6 cm plo\u010dio, 208,5 cm auk\u0161\u010dio ir 37 cm gylio \u2013 idealiai tinka \u012fvairiems daikt\u0173 laikymo poreikiams. Korpusas, pagamintas i\u0161 laminuotos med\u017eio dro\u017eli\u0173 plok\u0161t\u0117s, u\u017etikrina konstrukcijos tvirtum\u0105, o priekin\u0117 dalis, pagaminta i\u0161 masi\u0161kai da\u017eytos juodos MDF spalvos, suteikia baldui elegancijos ir ilgaam\u017ei\u0161kumo.<\/p>","protected":false},"excerpt":{"rendered":"<p>Plotis (cm): 56,6<br \/>\n\u016agis (cm): 208,5<br \/>\nGylis (cm): 37<\/p>","protected":false},"featured_media":164287,"comment_status":"open","ping_status":"open","template":"","meta":[],"product_brand":[],"product_cat":[9472,4107,2006],"product_tag":[],"class_list":{"0":"post-164286","1":"product","2":"type-product","3":"status-publish","4":"has-post-thumbnail","6":"product_cat-furniture-system-brolo-wojcik-meble","7":"product_cat-meble-wojcik","8":"product_cat-vitrines","10":"first","11":"instock","12":"purchasable","13":"product-type-simple"},"_links":{"self":[{"href":"https:\/\/baldumarket.lt\/lt\/wp-json\/wp\/v2\/product\/164286","targetHints":{"allow":["GET"]}}],"collection":[{"href":"https:\/\/baldumarket.lt\/lt\/wp-json\/wp\/v2\/product"}],"about":[{"href":"https:\/\/baldumarket.lt\/lt\/wp-json\/wp\/v2\/types\/product"}],"replies":[{"embeddable":true,"href":"https:\/\/baldumarket.lt\/lt\/wp-json\/wp\/v2\/comments?post=164286"}],"wp:featuredmedia":[{"embeddable":true,"href":"https:\/\/baldumarket.lt\/lt\/wp-json\/wp\/v2\/media\/164287"}],"wp:attachment":[{"href":"https:\/\/baldumarket.lt\/lt\/wp-json\/wp\/v2\/media?parent=164286"}],"wp:term":[{"taxonomy":"product_brand","embeddable":true,"href":"https:\/\/baldumarket.lt\/lt\/wp-json\/wp\/v2\/product_brand?post=164286"},{"taxonomy":"product_cat","embeddable":true,"href":"https:\/\/baldumarket.lt\/lt\/wp-json\/wp\/v2\/product_cat?post=164286"},{"taxonomy":"product_tag","embeddable":true,"href":"https:\/\/baldumarket.lt\/lt\/wp-json\/wp\/v2\/product_tag?post=164286"}],"curies":[{"name":"wp","href":"https:\/\/api.w.org\/{rel}","templated":true}]}}