{"id":164280,"date":"2025-12-19T13:18:55","date_gmt":"2025-12-19T10:18:55","guid":{"rendered":"https:\/\/baldumarket.lt\/product\/angel-typ-80-biurko-3s-dab-white-craft\/"},"modified":"2026-04-06T18:44:36","modified_gmt":"2026-04-06T15:44:36","slug":"angel-typ-80-biurko-3s-dab-white-craft","status":"publish","type":"product","link":"https:\/\/baldumarket.lt\/lt\/product\/angel-typ-80-biurko-3s-dab-white-craft\/","title":{"rendered":"Angel TYP-80 &#8211; 3S ra\u0161omasis stalas, \u0105\u017euolo baltumo, Craft"},"content":{"rendered":"<p>Pristatome eleganti\u0161k\u0105 ir funkcional\u0173 balt\u0105 ra\u0161om\u0105j\u012f stal\u0105 \u201cAngel TYP-80 \u2013 3S\u201d, sukurt\u0105 sukurti tobul\u0105 erdv\u0119 darbui, studijoms ir k\u016brybiniam laisvalaikiui. Jo modernus dizainas puikiai der\u0117s prie bet kokio interjero, suteikdamas jam gaiv\u0173 ir esteti\u0161k\u0105 vaizd\u0105. Ra\u0161omasis stalas \u201cAngel TYP-80\u201d pasi\u017eymi eleganti\u0161ka balta apdaila, simbolizuojan\u010dia grynum\u0105 ir modernum\u0105, suteikian\u010dia kambariui erdv\u0117s ir \u0161viesos poj\u016bt\u012f. Baldo i\u0161skirtin\u012f charakter\u012f dar labiau sustiprina nat\u016bralus atspalvis, suteikiantis bet kokiam kambariui \u0161ilt\u0105 ir jauki\u0105 atmosfer\u0105. Auk\u0161tos kokyb\u0117s laminuotos plok\u0161t\u0117s naudojimas tiek korpuso, tiek fasad\u0173 konstrukcijoje u\u017etikrina patvarum\u0105 ir atsparum\u0105 kasdieniam naudojimui. Ra\u0161omasis stalas \u201cAngel TYP-80\u201d yra atsparus \u012fbr\u0117\u017eimams, pa\u017eeidimams, dr\u0117gmei ir auk\u0161tai temperat\u016brai, tod\u0117l ilg\u0105 laik\u0105 i\u0161laikys savo nepriekai\u0161ting\u0105 i\u0161vaizd\u0105.<\/p>","protected":false},"excerpt":{"rendered":"<p>Plotis (cm): 118,7<br \/>\n\u016agis (cm): 76,5<br \/>\nGylis (cm): 60<\/p>","protected":false},"featured_media":164281,"comment_status":"open","ping_status":"open","template":"","meta":[],"product_brand":[],"product_cat":[9470,1312,4107],"product_tag":[],"class_list":{"0":"post-164280","1":"product","2":"type-product","3":"status-publish","4":"has-post-thumbnail","6":"product_cat-furniture-system-angel-wojcik-meble","7":"product_cat-desks","8":"product_cat-meble-wojcik","10":"first","11":"instock","12":"purchasable","13":"product-type-simple"},"_links":{"self":[{"href":"https:\/\/baldumarket.lt\/lt\/wp-json\/wp\/v2\/product\/164280","targetHints":{"allow":["GET"]}}],"collection":[{"href":"https:\/\/baldumarket.lt\/lt\/wp-json\/wp\/v2\/product"}],"about":[{"href":"https:\/\/baldumarket.lt\/lt\/wp-json\/wp\/v2\/types\/product"}],"replies":[{"embeddable":true,"href":"https:\/\/baldumarket.lt\/lt\/wp-json\/wp\/v2\/comments?post=164280"}],"wp:featuredmedia":[{"embeddable":true,"href":"https:\/\/baldumarket.lt\/lt\/wp-json\/wp\/v2\/media\/164281"}],"wp:attachment":[{"href":"https:\/\/baldumarket.lt\/lt\/wp-json\/wp\/v2\/media?parent=164280"}],"wp:term":[{"taxonomy":"product_brand","embeddable":true,"href":"https:\/\/baldumarket.lt\/lt\/wp-json\/wp\/v2\/product_brand?post=164280"},{"taxonomy":"product_cat","embeddable":true,"href":"https:\/\/baldumarket.lt\/lt\/wp-json\/wp\/v2\/product_cat?post=164280"},{"taxonomy":"product_tag","embeddable":true,"href":"https:\/\/baldumarket.lt\/lt\/wp-json\/wp\/v2\/product_tag?post=164280"}],"curies":[{"name":"wp","href":"https:\/\/api.w.org\/{rel}","templated":true}]}}