{"id":164274,"date":"2025-12-19T13:18:43","date_gmt":"2025-12-19T10:18:43","guid":{"rendered":"https:\/\/baldumarket.lt\/product\/stelaz-metalowy-podnoszony-do-lozka-typ-mwsd08-160x200-cm\/"},"modified":"2026-02-08T19:33:49","modified_gmt":"2026-02-08T16:33:49","slug":"stelaz-metalowy-podnoszony-do-lozka-typ-mwsd08-160x200-cm","status":"publish","type":"product","link":"https:\/\/baldumarket.lt\/lt\/product\/stelaz-metalowy-podnoszony-do-lozka-typ-mwsd08-160x200-cm\/","title":{"rendered":"Metalinis pakeltas lovos r\u0117mas, tipas MWSD08, 160\u00d7200 cm"},"content":{"rendered":"<p>Metalin\u012f k\u0117limo r\u0117m\u0105 sudaro 24 spyruoklin\u0117s juostos, kuri\u0173 kiekviena yra 5 cm plo\u010dio (2,5 cm atstumu viena nuo kitos).<\/p>\n<p>Produktas tiekiamas kaip savaranki\u0161kai surenkamas produktas.<\/p>\n<p>R\u0117mo auk\u0161tis: apie 7 cm.<\/p>\n<p>R\u0117mo dydis: 160 \u00d7 200 cm.<\/p>","protected":false},"excerpt":{"rendered":"<p>Plotis (cm): 160<br \/>\n\u016agis (cm): 7<br \/>\nGylis (cm): 200<\/p>","protected":false},"featured_media":164275,"comment_status":"open","ping_status":"open","template":"","meta":[],"product_brand":[],"product_cat":[9251,9489,4107],"product_tag":[],"class_list":{"0":"post-164274","1":"product","2":"type-product","3":"status-publish","4":"has-post-thumbnail","6":"product_cat-musor","7":"product_cat-wooden-frames-wojcik-meble","8":"product_cat-meble-wojcik","10":"first","11":"instock","12":"purchasable","13":"product-type-simple"},"_links":{"self":[{"href":"https:\/\/baldumarket.lt\/lt\/wp-json\/wp\/v2\/product\/164274","targetHints":{"allow":["GET"]}}],"collection":[{"href":"https:\/\/baldumarket.lt\/lt\/wp-json\/wp\/v2\/product"}],"about":[{"href":"https:\/\/baldumarket.lt\/lt\/wp-json\/wp\/v2\/types\/product"}],"replies":[{"embeddable":true,"href":"https:\/\/baldumarket.lt\/lt\/wp-json\/wp\/v2\/comments?post=164274"}],"wp:featuredmedia":[{"embeddable":true,"href":"https:\/\/baldumarket.lt\/lt\/wp-json\/wp\/v2\/media\/164275"}],"wp:attachment":[{"href":"https:\/\/baldumarket.lt\/lt\/wp-json\/wp\/v2\/media?parent=164274"}],"wp:term":[{"taxonomy":"product_brand","embeddable":true,"href":"https:\/\/baldumarket.lt\/lt\/wp-json\/wp\/v2\/product_brand?post=164274"},{"taxonomy":"product_cat","embeddable":true,"href":"https:\/\/baldumarket.lt\/lt\/wp-json\/wp\/v2\/product_cat?post=164274"},{"taxonomy":"product_tag","embeddable":true,"href":"https:\/\/baldumarket.lt\/lt\/wp-json\/wp\/v2\/product_tag?post=164274"}],"curies":[{"name":"wp","href":"https:\/\/api.w.org\/{rel}","templated":true}]}}