{"id":164261,"date":"2025-12-19T13:18:18","date_gmt":"2025-12-19T10:18:18","guid":{"rendered":"https:\/\/baldumarket.lt\/product\/savio-flex-delux-materac-multipocket-mwmm05-160-x-200-cm\/"},"modified":"2026-02-08T15:31:23","modified_gmt":"2026-02-08T12:31:23","slug":"savio-flex-delux-materac-multipocket-mwmm05-160-x-200-cm","status":"publish","type":"product","link":"https:\/\/baldumarket.lt\/lt\/product\/savio-flex-delux-materac-multipocket-mwmm05-160-x-200-cm\/","title":{"rendered":"Savio Flex Delux daugiaki\u0161enis \u010diu\u017einys MWMM05 160 x 200 cm"},"content":{"rendered":"","protected":false},"excerpt":{"rendered":"<p>Plotis (cm): 160<br \/>\n\u016agis (cm): 24<br \/>\nIlgis (cm): 200<\/p>","protected":false},"featured_media":164262,"comment_status":"open","ping_status":"open","template":"","meta":[],"product_brand":[],"product_cat":[9475,1099,4107],"product_tag":[],"class_list":{"0":"post-164261","1":"product","2":"type-product","3":"status-publish","4":"has-post-thumbnail","6":"product_cat-mattresses-wojcik-meble","7":"product_cat-mattresses","8":"product_cat-meble-wojcik","10":"first","11":"instock","12":"purchasable","13":"product-type-simple"},"_links":{"self":[{"href":"https:\/\/baldumarket.lt\/lt\/wp-json\/wp\/v2\/product\/164261","targetHints":{"allow":["GET"]}}],"collection":[{"href":"https:\/\/baldumarket.lt\/lt\/wp-json\/wp\/v2\/product"}],"about":[{"href":"https:\/\/baldumarket.lt\/lt\/wp-json\/wp\/v2\/types\/product"}],"replies":[{"embeddable":true,"href":"https:\/\/baldumarket.lt\/lt\/wp-json\/wp\/v2\/comments?post=164261"}],"wp:featuredmedia":[{"embeddable":true,"href":"https:\/\/baldumarket.lt\/lt\/wp-json\/wp\/v2\/media\/164262"}],"wp:attachment":[{"href":"https:\/\/baldumarket.lt\/lt\/wp-json\/wp\/v2\/media?parent=164261"}],"wp:term":[{"taxonomy":"product_brand","embeddable":true,"href":"https:\/\/baldumarket.lt\/lt\/wp-json\/wp\/v2\/product_brand?post=164261"},{"taxonomy":"product_cat","embeddable":true,"href":"https:\/\/baldumarket.lt\/lt\/wp-json\/wp\/v2\/product_cat?post=164261"},{"taxonomy":"product_tag","embeddable":true,"href":"https:\/\/baldumarket.lt\/lt\/wp-json\/wp\/v2\/product_tag?post=164261"}],"curies":[{"name":"wp","href":"https:\/\/api.w.org\/{rel}","templated":true}]}}