{"id":164198,"date":"2025-12-19T13:16:09","date_gmt":"2025-12-19T10:16:09","guid":{"rendered":"https:\/\/baldumarket.lt\/product\/venezia-venv02r-witryna-prawostronna-2-drzwiowa-biala-dab-vicenza-czarna\/"},"modified":"2026-04-06T20:06:54","modified_gmt":"2026-04-06T17:06:54","slug":"venezia-venv02r-witryna-prawostronna-2-drzwiowa-biala-dab-vicenza-czarna","status":"publish","type":"product","link":"https:\/\/baldumarket.lt\/lt\/product\/venezia-venv02r-witryna-prawostronna-2-drzwiowa-biala-dab-vicenza-czarna\/","title":{"rendered":"Venezia VENV02R \u2013 De\u0161in\u0117s pus\u0117s 2 dur\u0173 vitrina, balta\/juoda, Vicenza \u0105\u017euolas"},"content":{"rendered":"<p>Atnaujinkite savo interjer\u0105 klase ir modernia elegancija su \u201eVenezia VENV02R\u201c 2 dur\u0173 vitrina, kurioje subtiliai dera balta, juoda \u201eVicenza\u201c \u0105\u017euolo medienos ir auk\u0161tos kokyb\u0117s med\u017eiagos. \u0160is eleganti\u0161kas baldas \u2013 puikus pasirinkimas tiems, kurie vertina tradicin\u012f funkcionalum\u0105 ir modern\u0173 dizain\u0105. 91,1 cm plo\u010dio, 140,5 cm auk\u0161\u010dio ir 40 cm gylio \u201eVenezia\u201c vitrina si\u016blo tobul\u0105 elegancijos ir prakti\u0161kumo pusiausvyr\u0105. Sukurta siekiant optimizuoti erdv\u0119, ji lengvai tilps tiek erdviame valgomajame, tiek ma\u017eoje svetain\u0117je. Laminuotos med\u017eio dro\u017eli\u0173 plok\u0161t\u0117s korpusas kartu su MDF fasadais, padengtais blizgia PVC pl\u0117vele, u\u017etikrina ilgalaik\u012f patvarum\u0105 ir estetin\u012f patrauklum\u0105. Spalv\u0173 gama ypa\u010d traukia ak\u012f \u2013 eleganti\u0161ka, \u0161ilta \u201eVicenza\u201c \u0105\u017euolo medienos spalva, derinama su klasikine balta ir sodria juoda spalvomis, sukuria kontrast\u0105, kuris traukia ak\u012f ir suteikia interjerui charakterio. Metalin\u0117s rankenos puikiai papildo minimalistin\u012f dizain\u0105, sukurdamos darni\u0105 visum\u0105. \u0160velniai u\u017esidarantys vyriai u\u017etikrina patog\u0173 kasdien\u012f naudojim\u0105, o plastikin\u0117s kojel\u0117s \u2013 stabilum\u0105 ant bet kokio pavir\u0161iaus.<\/p>","protected":false},"excerpt":{"rendered":"<p>Plotis (cm): 91,1<br \/>\n\u016agis (cm): 140,5<br \/>\nGylis (cm): 40<\/p>","protected":false},"featured_media":164199,"comment_status":"open","ping_status":"open","template":"","meta":[],"product_brand":[],"product_cat":[9501,4107,2006],"product_tag":[],"class_list":{"0":"post-164198","1":"product","2":"type-product","3":"status-publish","4":"has-post-thumbnail","6":"product_cat-furniture-system-venezia-wojcik-meble","7":"product_cat-meble-wojcik","8":"product_cat-vitrines","10":"first","11":"instock","12":"purchasable","13":"product-type-simple"},"_links":{"self":[{"href":"https:\/\/baldumarket.lt\/lt\/wp-json\/wp\/v2\/product\/164198","targetHints":{"allow":["GET"]}}],"collection":[{"href":"https:\/\/baldumarket.lt\/lt\/wp-json\/wp\/v2\/product"}],"about":[{"href":"https:\/\/baldumarket.lt\/lt\/wp-json\/wp\/v2\/types\/product"}],"replies":[{"embeddable":true,"href":"https:\/\/baldumarket.lt\/lt\/wp-json\/wp\/v2\/comments?post=164198"}],"wp:featuredmedia":[{"embeddable":true,"href":"https:\/\/baldumarket.lt\/lt\/wp-json\/wp\/v2\/media\/164199"}],"wp:attachment":[{"href":"https:\/\/baldumarket.lt\/lt\/wp-json\/wp\/v2\/media?parent=164198"}],"wp:term":[{"taxonomy":"product_brand","embeddable":true,"href":"https:\/\/baldumarket.lt\/lt\/wp-json\/wp\/v2\/product_brand?post=164198"},{"taxonomy":"product_cat","embeddable":true,"href":"https:\/\/baldumarket.lt\/lt\/wp-json\/wp\/v2\/product_cat?post=164198"},{"taxonomy":"product_tag","embeddable":true,"href":"https:\/\/baldumarket.lt\/lt\/wp-json\/wp\/v2\/product_tag?post=164198"}],"curies":[{"name":"wp","href":"https:\/\/api.w.org\/{rel}","templated":true}]}}