{"id":164192,"date":"2025-12-19T13:15:55","date_gmt":"2025-12-19T10:15:55","guid":{"rendered":"https:\/\/baldumarket.lt\/product\/venezia-vens01l-bielizniarka-lewa-2-drzwiowa-biala-dab-vicenza-czarna\/"},"modified":"2026-04-06T20:06:45","modified_gmt":"2026-04-06T17:06:45","slug":"venezia-vens01l-bielizniarka-lewa-2-drzwiowa-biala-dab-vicenza-czarna","status":"publish","type":"product","link":"https:\/\/baldumarket.lt\/lt\/product\/venezia-vens01l-bielizniarka-lewa-2-drzwiowa-biala-dab-vicenza-czarna\/","title":{"rendered":"Venezia VENS01L \u2013 Komoda su 2 stal\u010diais kair\u0117je, balta\/juoda, Vicenza \u0105\u017euolas"},"content":{"rendered":"<p>Pristatome eleganti\u0161k\u0105 ir funkcionali\u0105 patalyn\u0117s spint\u0105 \u201eVenezia VENS01L\u201c \u2013 \u017eav\u0173 klasikinio stiliaus ir modernumo derin\u012f. Sukurta papildyti \u012fvairius interjerus, ji ne tik si\u016blo prakti\u0161kus daikt\u0173 laikymo sprendimus, bet ir yra rafinuotas dekoratyvinis elementas. Jos matmenys yra puikiai apgalvoti: 76,1 cm plotis, 200 cm auk\u0161tis ir 40 cm gylis leid\u017eia patogiai pastatyti daiktus net ir ank\u0161tose erdv\u0117se, tuo pa\u010diu suteikdami daug vietos daiktams susid\u0117ti. Patalyn\u0117s spintos korpusas pagamintas i\u0161 laminuotos med\u017eio dro\u017eli\u0173 plok\u0161t\u0117s, u\u017etikrinan\u010dios didel\u012f stabilum\u0105 ir atsparum\u0105 kasdieniam naudojimui. Be to, vir\u0161utin\u0117 ir apatin\u0117 plok\u0161t\u0117s i\u0161 juodo \u201eVicenza Oak\u201c sukuria stiling\u0105 kontrast\u0105, pabr\u0117\u017eiant\u012f modern\u0173 baldo charakter\u012f. Patalyn\u0117s spintos fasadas, pagamintas i\u0161 MDF, yra padengtas sniego baltumo blizgia PVC pl\u0117vele, kuri ne tik atrodo i\u0161skirtinai, bet ir palengvina valym\u0105. Dekoratyvinis frezavimas ant platesni\u0173 dureli\u0173 sukuria eleganti\u0161k\u0105 geometrin\u012f ra\u0161t\u0105, suteikiant\u012f baldui unikali\u0105 i\u0161vaizd\u0105.<\/p>","protected":false},"excerpt":{"rendered":"<p>Plotis (cm): 76,1<br \/>\n\u016agis (cm): 200<br \/>\nGylis (cm): 40<\/p>","protected":false},"featured_media":164193,"comment_status":"open","ping_status":"open","template":"","meta":[],"product_brand":[],"product_cat":[9501,4107,1177],"product_tag":[],"class_list":{"0":"post-164192","1":"product","2":"type-product","3":"status-publish","4":"has-post-thumbnail","6":"product_cat-furniture-system-venezia-wojcik-meble","7":"product_cat-meble-wojcik","8":"product_cat-wardrobes","10":"first","11":"instock","12":"purchasable","13":"product-type-simple"},"_links":{"self":[{"href":"https:\/\/baldumarket.lt\/lt\/wp-json\/wp\/v2\/product\/164192","targetHints":{"allow":["GET"]}}],"collection":[{"href":"https:\/\/baldumarket.lt\/lt\/wp-json\/wp\/v2\/product"}],"about":[{"href":"https:\/\/baldumarket.lt\/lt\/wp-json\/wp\/v2\/types\/product"}],"replies":[{"embeddable":true,"href":"https:\/\/baldumarket.lt\/lt\/wp-json\/wp\/v2\/comments?post=164192"}],"wp:featuredmedia":[{"embeddable":true,"href":"https:\/\/baldumarket.lt\/lt\/wp-json\/wp\/v2\/media\/164193"}],"wp:attachment":[{"href":"https:\/\/baldumarket.lt\/lt\/wp-json\/wp\/v2\/media?parent=164192"}],"wp:term":[{"taxonomy":"product_brand","embeddable":true,"href":"https:\/\/baldumarket.lt\/lt\/wp-json\/wp\/v2\/product_brand?post=164192"},{"taxonomy":"product_cat","embeddable":true,"href":"https:\/\/baldumarket.lt\/lt\/wp-json\/wp\/v2\/product_cat?post=164192"},{"taxonomy":"product_tag","embeddable":true,"href":"https:\/\/baldumarket.lt\/lt\/wp-json\/wp\/v2\/product_tag?post=164192"}],"curies":[{"name":"wp","href":"https:\/\/api.w.org\/{rel}","templated":true}]}}