{"id":164185,"date":"2025-12-19T13:15:40","date_gmt":"2025-12-19T10:15:40","guid":{"rendered":"https:\/\/baldumarket.lt\/product\/venezia-venv01r-witryna-prawostronna-2-drzwiowa-biala-dab-vicenza-czarna\/"},"modified":"2026-04-06T20:06:45","modified_gmt":"2026-04-06T17:06:45","slug":"venezia-venv01r-witryna-prawostronna-2-drzwiowa-biala-dab-vicenza-czarna","status":"publish","type":"product","link":"https:\/\/baldumarket.lt\/lt\/product\/venezia-venv01r-witryna-prawostronna-2-drzwiowa-biala-dab-vicenza-czarna\/","title":{"rendered":"Venezia VENV01R \u2013 De\u0161in\u0117s pus\u0117s 2 dur\u0173 vitrina, balta\/juoda, Vicenza \u0105\u017euolas"},"content":{"rendered":"<p>Atraskite unikali\u0105 \u201eVenezia VENV01R\u201c 2 dur\u0173 vitrin\u0105 \u2013 eleganti\u0161k\u0105 ir funkcional\u0173 j\u016bs\u0173 svetain\u0117s ar valgomojo papildym\u0105. Balta spalva kartu su tamsiai juoda \u201eVicenza Oak\u201c spalva ir moderniu dizainu paver\u010dia \u0161\u012f bald\u0105 tikru ak\u012f traukian\u010diu baldu ir suteikia j\u016bs\u0173 interjerui gaivumo. \u201eVenezia\u201c vitrina sukurta siekiant esteti\u0161kai eksponuoti j\u016bs\u0173 m\u0117gstamiausius daiktus ir suteikti prakti\u0161k\u0173 daikt\u0173 laikymo sprendim\u0173. 76,1 cm plo\u010dio, 200 cm auk\u0161\u010dio ir 40 cm gylio, ji puikiai tiks \u012fvairiuose interjero dizainuose. Jos konstrukcijoje naudojamos laminuotos plok\u0161t\u0117s ir MDF derinys, u\u017etikrinantis patvarum\u0105 ir konstrukcin\u012f stabilum\u0105. Modern\u0173 vitrinos vaizd\u0105 pary\u0161kina geometriniais frezavimais dekoruoti ir PVC folija padengti MDF fasadai, suteikiantys jiems i\u0161skirtin\u012f blizges\u012f ir gyl\u012f. Laminuotos med\u017eio dro\u017eli\u0173 plok\u0161t\u0117s korpusas \u201eVicenza Oak\u201c atspalvio kontrastuoja su balta fasad\u0173 spalva, sukurdamas ry\u0161k\u0173 spalv\u0173 derin\u012f.<\/p>","protected":false},"excerpt":{"rendered":"<p>Plotis (cm): 76,1<br \/>\n\u016agis (cm): 200<br \/>\nGylis (cm): 40<\/p>","protected":false},"featured_media":164186,"comment_status":"open","ping_status":"open","template":"","meta":[],"product_brand":[],"product_cat":[9501,4107,2006],"product_tag":[],"class_list":{"0":"post-164185","1":"product","2":"type-product","3":"status-publish","4":"has-post-thumbnail","6":"product_cat-furniture-system-venezia-wojcik-meble","7":"product_cat-meble-wojcik","8":"product_cat-vitrines","10":"first","11":"instock","12":"purchasable","13":"product-type-simple"},"_links":{"self":[{"href":"https:\/\/baldumarket.lt\/lt\/wp-json\/wp\/v2\/product\/164185","targetHints":{"allow":["GET"]}}],"collection":[{"href":"https:\/\/baldumarket.lt\/lt\/wp-json\/wp\/v2\/product"}],"about":[{"href":"https:\/\/baldumarket.lt\/lt\/wp-json\/wp\/v2\/types\/product"}],"replies":[{"embeddable":true,"href":"https:\/\/baldumarket.lt\/lt\/wp-json\/wp\/v2\/comments?post=164185"}],"wp:featuredmedia":[{"embeddable":true,"href":"https:\/\/baldumarket.lt\/lt\/wp-json\/wp\/v2\/media\/164186"}],"wp:attachment":[{"href":"https:\/\/baldumarket.lt\/lt\/wp-json\/wp\/v2\/media?parent=164185"}],"wp:term":[{"taxonomy":"product_brand","embeddable":true,"href":"https:\/\/baldumarket.lt\/lt\/wp-json\/wp\/v2\/product_brand?post=164185"},{"taxonomy":"product_cat","embeddable":true,"href":"https:\/\/baldumarket.lt\/lt\/wp-json\/wp\/v2\/product_cat?post=164185"},{"taxonomy":"product_tag","embeddable":true,"href":"https:\/\/baldumarket.lt\/lt\/wp-json\/wp\/v2\/product_tag?post=164185"}],"curies":[{"name":"wp","href":"https:\/\/api.w.org\/{rel}","templated":true}]}}