{"id":164179,"date":"2025-12-19T13:15:26","date_gmt":"2025-12-19T10:15:26","guid":{"rendered":"https:\/\/baldumarket.lt\/product\/venezia-venv01l-witryna-lewostronna-2-drzwiowa-biala-dab-vicenza-czarna\/"},"modified":"2026-04-06T20:06:45","modified_gmt":"2026-04-06T17:06:45","slug":"venezia-venv01l-witryna-lewostronna-2-drzwiowa-biala-dab-vicenza-czarna","status":"publish","type":"product","link":"https:\/\/baldumarket.lt\/lt\/product\/venezia-venv01l-witryna-lewostronna-2-drzwiowa-biala-dab-vicenza-czarna\/","title":{"rendered":"Venezia VENV01L &#8211; Kairin\u0117 2 dur\u0173 vitrina, balta\/juoda, Vicenza \u0105\u017euolas"},"content":{"rendered":"<p>\u012esileiskite \u012f savo interjer\u0105 baldu, kuris nustebins jus prakti\u0161kumu ir i\u0161skirtiniu dizainu. Pristatome \u201eVenezia VENV01L\u201c vitrin\u0105 \u2013 dviej\u0173 dur\u0173 bald\u0173 perl\u0105, kuris puikiai papildys tiek j\u016bs\u0173 valgom\u0105j\u012f, tiek svetain\u0119. Sukurtas galvojant apie \u0161iuolaikini\u0173 sprendim\u0173 m\u0117g\u0117jus, kur funkcionalumas dera su estetika. \u0160is baldas yra 76,1 cm plo\u010dio, 200 cm auk\u0161\u010dio ir 40 cm gylio, pagamintas i\u0161 auk\u0161\u010diausios kokyb\u0117s med\u017eiag\u0173. Spintel\u0117s korpusas pagamintas i\u0161 laminuotos med\u017eio dro\u017eli\u0173 plok\u0161t\u0117s, o priekin\u0117 dalis \u2013 i\u0161 MDF plok\u0161t\u0117s, padengtos PVC folija, u\u017etikrinan\u010dia ne tik ilgaam\u017ei\u0161kum\u0105, bet ir lengv\u0105 valym\u0105. I\u0161skirtinis gaminio bruo\u017eas \u2013 spalv\u0173 derinys: nat\u016brali balta, eleganti\u0161ka juoda Vi\u010dencos \u0105\u017euolo spalva ir modernios klasikos dvelksmas, kuris patenkins net ir i\u0161rankiausi\u0105 skon\u012f. Jei vertinate komfort\u0105 ir patogum\u0105, \u012fvertinsite vitrinoje \u012fmontuotus \u0161velnaus u\u017edarymo vyrius. Metalin\u0117s rankenos yra ne tik funkcionalios, bet ir madinga apdaila, pabr\u0117\u017eianti modern\u0173 baldo charakter\u012f. Vertinantiems netradicinius sprendimus, vitrinos durel\u0117se esantis skaidrus, gr\u016bdintas \u201eAntisol\u201c stiklas leid\u017eia gro\u017e\u0117tis m\u0117gstamiausiais eksponatais, o papildomos stiklin\u0117s lentynos suteikia dar daugiau ekspozicijos erdv\u0117s.<\/p>","protected":false},"excerpt":{"rendered":"<p>Plotis (cm): 76,1<br \/>\n\u016agis (cm): 200<br \/>\nGylis (cm): 40<\/p>","protected":false},"featured_media":164180,"comment_status":"open","ping_status":"open","template":"","meta":[],"product_brand":[],"product_cat":[9501,4107,2006],"product_tag":[],"class_list":{"0":"post-164179","1":"product","2":"type-product","3":"status-publish","4":"has-post-thumbnail","6":"product_cat-furniture-system-venezia-wojcik-meble","7":"product_cat-meble-wojcik","8":"product_cat-vitrines","10":"first","11":"instock","12":"purchasable","13":"product-type-simple"},"_links":{"self":[{"href":"https:\/\/baldumarket.lt\/lt\/wp-json\/wp\/v2\/product\/164179","targetHints":{"allow":["GET"]}}],"collection":[{"href":"https:\/\/baldumarket.lt\/lt\/wp-json\/wp\/v2\/product"}],"about":[{"href":"https:\/\/baldumarket.lt\/lt\/wp-json\/wp\/v2\/types\/product"}],"replies":[{"embeddable":true,"href":"https:\/\/baldumarket.lt\/lt\/wp-json\/wp\/v2\/comments?post=164179"}],"wp:featuredmedia":[{"embeddable":true,"href":"https:\/\/baldumarket.lt\/lt\/wp-json\/wp\/v2\/media\/164180"}],"wp:attachment":[{"href":"https:\/\/baldumarket.lt\/lt\/wp-json\/wp\/v2\/media?parent=164179"}],"wp:term":[{"taxonomy":"product_brand","embeddable":true,"href":"https:\/\/baldumarket.lt\/lt\/wp-json\/wp\/v2\/product_brand?post=164179"},{"taxonomy":"product_cat","embeddable":true,"href":"https:\/\/baldumarket.lt\/lt\/wp-json\/wp\/v2\/product_cat?post=164179"},{"taxonomy":"product_tag","embeddable":true,"href":"https:\/\/baldumarket.lt\/lt\/wp-json\/wp\/v2\/product_tag?post=164179"}],"curies":[{"name":"wp","href":"https:\/\/api.w.org\/{rel}","templated":true}]}}