{"id":164173,"date":"2025-12-19T13:15:14","date_gmt":"2025-12-19T10:15:14","guid":{"rendered":"https:\/\/baldumarket.lt\/product\/twist-sumgl1-lustro-dab-viking\/"},"modified":"2026-04-06T20:06:45","modified_gmt":"2026-04-06T17:06:45","slug":"twist-sumgl1-lustro-dab-viking","status":"publish","type":"product","link":"https:\/\/baldumarket.lt\/lt\/product\/twist-sumgl1-lustro-dab-viking\/","title":{"rendered":"\u201eTwist SUMGL1\u201c \u2013 \u201eViking Oak\u201c veidrodis"},"content":{"rendered":"<p>\u201eTwist SUMGL1\u201c \u2013 \u201eViking Oak\u201c veidrodis yra b\u016btinas bet kurio prie\u0161kambario aksesuaras, kuriame dera modernumas ir nat\u016bralus gro\u017eis. Tai puikus aksesuaras, leid\u017eiantis ap\u017ei\u016br\u0117ti savo i\u0161vaizd\u0105 prie\u0161 i\u0161einant i\u0161 nam\u0173 ir pasikrauti energijos kitai dienai. D\u0117l savo proporcij\u0173 (plotis: 86 cm, auk\u0161tis: 72 cm, gylis: 2,2 cm) jis puikiai tinka tiek ma\u017eiems, tiek dideliems interjerams. Veidrod\u017eio med\u017eiaga \u2013 auk\u0161tos kokyb\u0117s laminuota plok\u0161t\u0117 \u2013 u\u017etikrina patvarum\u0105 ir lengv\u0105 valym\u0105. Su \u201eViking Oak\u201c prieskoniu veidrodis suteikia interjerui nat\u016brali\u0105, \u0161ilt\u0105 atmosfer\u0105. Nat\u016brali spalva ir laminuota med\u017eio dro\u017eli\u0173 plok\u0161t\u0117, sukurianti tvirt\u0105 konstrukcij\u0105, suteikia gaminiui elegancijos, kartu i\u0161laikant mading\u0105 ir modern\u0173 vaizd\u0105. \u201eTwist SUMGL1\u201c tinka \u012fvairiems interjerams \u2013 nuo klasikinio ir kaimi\u0161ko iki industrinio ar skandinavi\u0161ko stiliaus \u2013 ir lengvai ras savo viet\u0105 j\u016bs\u0173 namuose. Platus pasirinkimo pasirinkimas paver\u010dia \u0161\u012f veidrod\u012f universaliu aksesuaru, kuris atlaikys bet kokius interjero dizaino poky\u010dius. Nepriklausomai nuo dominuojan\u010dio stiliaus, jis suteiks interjerui stiling\u0105 ir i\u0161baigt\u0105 i\u0161vaizd\u0105.<\/p>","protected":false},"excerpt":{"rendered":"<p>Plotis (cm): 86<br \/>\n\u016agis (cm): 72<br \/>\nGylis (cm): 2,2<\/p>","protected":false},"featured_media":164174,"comment_status":"open","ping_status":"open","template":"","meta":[],"product_brand":[],"product_cat":[9468,4107,1108],"product_tag":[],"class_list":{"0":"post-164173","1":"product","2":"type-product","3":"status-publish","4":"has-post-thumbnail","6":"product_cat-furniture-system-twist-wojcik-meble","7":"product_cat-meble-wojcik","8":"product_cat-mirrors","10":"first","11":"instock","12":"purchasable","13":"product-type-simple"},"_links":{"self":[{"href":"https:\/\/baldumarket.lt\/lt\/wp-json\/wp\/v2\/product\/164173","targetHints":{"allow":["GET"]}}],"collection":[{"href":"https:\/\/baldumarket.lt\/lt\/wp-json\/wp\/v2\/product"}],"about":[{"href":"https:\/\/baldumarket.lt\/lt\/wp-json\/wp\/v2\/types\/product"}],"replies":[{"embeddable":true,"href":"https:\/\/baldumarket.lt\/lt\/wp-json\/wp\/v2\/comments?post=164173"}],"wp:featuredmedia":[{"embeddable":true,"href":"https:\/\/baldumarket.lt\/lt\/wp-json\/wp\/v2\/media\/164174"}],"wp:attachment":[{"href":"https:\/\/baldumarket.lt\/lt\/wp-json\/wp\/v2\/media?parent=164173"}],"wp:term":[{"taxonomy":"product_brand","embeddable":true,"href":"https:\/\/baldumarket.lt\/lt\/wp-json\/wp\/v2\/product_brand?post=164173"},{"taxonomy":"product_cat","embeddable":true,"href":"https:\/\/baldumarket.lt\/lt\/wp-json\/wp\/v2\/product_cat?post=164173"},{"taxonomy":"product_tag","embeddable":true,"href":"https:\/\/baldumarket.lt\/lt\/wp-json\/wp\/v2\/product_tag?post=164173"}],"curies":[{"name":"wp","href":"https:\/\/api.w.org\/{rel}","templated":true}]}}