{"id":164167,"date":"2025-12-19T13:15:01","date_gmt":"2025-12-19T10:15:01","guid":{"rendered":"https:\/\/baldumarket.lt\/product\/twist-sumgs1-bielizniarka-1-drzwiowa-dab-viking-antracyt\/"},"modified":"2026-04-06T20:06:45","modified_gmt":"2026-04-06T17:06:45","slug":"twist-sumgs1-bielizniarka-1-drzwiowa-dab-viking-antracyt","status":"publish","type":"product","link":"https:\/\/baldumarket.lt\/lt\/product\/twist-sumgs1-bielizniarka-1-drzwiowa-dab-viking-antracyt\/","title":{"rendered":"Twist SUMGS1 \u2013 1 dur\u0173 patalyn\u0117s spinta Viking \u0105\u017euolo\/antracito spalvos"},"content":{"rendered":"<p>Svajojate apie prie\u0161kambar\u012f, kuriame kiekvienas daiktas turi savo viet\u0105, o harmoningas i\u0161d\u0117stymas \u017eavi nuo pat \u012f\u017eengimo? \u201eTwist SUMGS1\u201c patalyn\u0117s spinta \u201eViking Oak\u201c ir antracito spalv\u0173 \u2013 tai sprendimas, kuris derina funkcionalum\u0105 ir modern\u0173 dizain\u0105. Ji idealiai tinka drabu\u017eiams ir patalynei laikyti, i\u0161laikydama eleganti\u0161k\u0105 form\u0105, kuri papildys bet kokio interjero estetik\u0105. \u201eTwist SUMGS1\u201c \u2013 tai baldas, kurio matmenys puikiai papildo prie\u0161kambario erdv\u0119 \u2013 54 cm plo\u010dio, 196,6 cm auk\u0161\u010dio ir 39,9 cm gylio. Pagaminta i\u0161 patvarios laminuotos plok\u0161t\u0117s ir MDF, ji garantuoja ilgaam\u017ei\u0161kum\u0105. Patalyn\u0117s spintos korpusas ir priekin\u0117 dalis pagaminti i\u0161 laminuotos med\u017eio dro\u017eli\u0173 plok\u0161t\u0117s, kuri gra\u017eiai imituoja nat\u016brali\u0105 medien\u0105 \u201eViking Oak\u201c atspalvyje, o moderni antracito apdaila suteikia baldui unikal\u0173 charakter\u012f. \u201eTwist SUMGS1\u201c patalyn\u0117s spintai nereikia ranken\u0173 \u2013 jos sistema be ranken\u0117li\u0173 yra modernaus dizaino kvintesencija, u\u017etikrinanti minimalistin\u0119 ir eleganti\u0161k\u0105 i\u0161vaizd\u0105. \u0160velnaus u\u017edarymo vyriai suteikia baldams funkcionalumo ir komforto kasdienio naudojimo metu, o plastikin\u0117s kojel\u0117s apsaugo grindis nuo \u012fbr\u0117\u017eim\u0173. Metalinis pakabukas suteikia papildomo patogumo organizuojant vir\u0161utinius drabu\u017eius \u2013 ne\u012fkainojamas prana\u0161umas, ypa\u010d ribotos erdv\u0117s kambariuose.<\/p>","protected":false},"excerpt":{"rendered":"<p>Plotis (cm): 54<br \/>\n\u016agis (cm): 196,6<br \/>\nGylis (cm): 39,9<\/p>","protected":false},"featured_media":164168,"comment_status":"open","ping_status":"open","template":"","meta":[],"product_brand":[],"product_cat":[9468,4107,1177],"product_tag":[],"class_list":{"0":"post-164167","1":"product","2":"type-product","3":"status-publish","4":"has-post-thumbnail","6":"product_cat-furniture-system-twist-wojcik-meble","7":"product_cat-meble-wojcik","8":"product_cat-wardrobes","10":"first","11":"instock","12":"purchasable","13":"product-type-simple"},"_links":{"self":[{"href":"https:\/\/baldumarket.lt\/lt\/wp-json\/wp\/v2\/product\/164167","targetHints":{"allow":["GET"]}}],"collection":[{"href":"https:\/\/baldumarket.lt\/lt\/wp-json\/wp\/v2\/product"}],"about":[{"href":"https:\/\/baldumarket.lt\/lt\/wp-json\/wp\/v2\/types\/product"}],"replies":[{"embeddable":true,"href":"https:\/\/baldumarket.lt\/lt\/wp-json\/wp\/v2\/comments?post=164167"}],"wp:featuredmedia":[{"embeddable":true,"href":"https:\/\/baldumarket.lt\/lt\/wp-json\/wp\/v2\/media\/164168"}],"wp:attachment":[{"href":"https:\/\/baldumarket.lt\/lt\/wp-json\/wp\/v2\/media?parent=164167"}],"wp:term":[{"taxonomy":"product_brand","embeddable":true,"href":"https:\/\/baldumarket.lt\/lt\/wp-json\/wp\/v2\/product_brand?post=164167"},{"taxonomy":"product_cat","embeddable":true,"href":"https:\/\/baldumarket.lt\/lt\/wp-json\/wp\/v2\/product_cat?post=164167"},{"taxonomy":"product_tag","embeddable":true,"href":"https:\/\/baldumarket.lt\/lt\/wp-json\/wp\/v2\/product_tag?post=164167"}],"curies":[{"name":"wp","href":"https:\/\/api.w.org\/{rel}","templated":true}]}}