{"id":164161,"date":"2025-12-19T13:14:47","date_gmt":"2025-12-19T10:14:47","guid":{"rendered":"https:\/\/baldumarket.lt\/product\/venezia-vent01-stolik-1s-bialy-dab-vicenza-czarny\/"},"modified":"2026-04-06T20:06:45","modified_gmt":"2026-04-06T17:06:45","slug":"venezia-vent01-stolik-1s-bialy-dab-vicenza-czarny","status":"publish","type":"product","link":"https:\/\/baldumarket.lt\/lt\/product\/venezia-vent01-stolik-1s-bialy-dab-vicenza-czarny\/","title":{"rendered":"Venezia VENT01 \u2013 1S stalas, baltas \/ Vicenza \u0105\u017euolas, juodas"},"content":{"rendered":"<p>Pasinerkite \u012f modern\u0173 dizain\u0105 ir neabejotin\u0105 funkcionalum\u0105 su m\u016bs\u0173 \u201eVenezia VENT01\u201c kavos staliuku. \u0160is unikalus baldas \u2013 tobulas klasikos ir modernumo derinys, i\u0161ry\u0161kinantis bet kurio svetain\u0117s gro\u017e\u012f. 100 cm plo\u010dio, 45 cm auk\u0161\u010dio ir 64 cm gylio 1S staliukas yra stilingo dizaino esm\u0117, tinkanti tiek ma\u017eesniems, tiek erdvesniems kambariams. \u201eVenezia VENT01\u201c staliukas \u017eavi lengvais kontrastais \u2013 juodo Vi\u010dencos \u0105\u017euolo atspalvis, susipyn\u0119s su nat\u016bralia balta spalva, sukuria harmoning\u0105 visum\u0105, kuri \u017eavi elegancija ir subtiliu charakteriu. Laminuotos med\u017eio dro\u017eli\u0173 plok\u0161t\u0117s stalvir\u0161is kartu su MDF priekine dalimi, padengta PVC folija, ne tik puikiai atrodo, bet ir garantuoja ilgaam\u017ei\u0161kum\u0105. Kiekvien\u0105 akimirk\u0105 su kava paverskite malonumu, o j\u016bs\u0173 televizoriaus nuotolinio valdymo pultas ras savo nuolatinius namus. Erdviame stal\u010diuje tilps visi j\u016bs\u0173 reikalingi daiktai, o \u0161velnaus u\u017edarymo mechanizmas u\u017etikrins komfort\u0105 ir ramyb\u0119 pa\u010diomis \u012ftemp\u010diausiomis dienos akimirkomis. Tvirtas darbas, patvarios med\u017eiagos, atsparumas \u012fbr\u0117\u017eimams ir dr\u0117gmei \u2013 \u201eVenezia\u201c staliukas yra investicija, kuri atlaikys laiko i\u0161bandym\u0105.<\/p>","protected":false},"excerpt":{"rendered":"<p>Plotis (cm): 100<br \/>\n\u016agis (cm): 45<br \/>\nGylis (cm): 64<\/p>","protected":false},"featured_media":164162,"comment_status":"open","ping_status":"open","template":"","meta":[],"product_brand":[],"product_cat":[9501,866,4107],"product_tag":[],"class_list":{"0":"post-164161","1":"product","2":"type-product","3":"status-publish","4":"has-post-thumbnail","6":"product_cat-furniture-system-venezia-wojcik-meble","7":"product_cat-coffee-tables","8":"product_cat-meble-wojcik","10":"first","11":"instock","12":"purchasable","13":"product-type-simple"},"_links":{"self":[{"href":"https:\/\/baldumarket.lt\/lt\/wp-json\/wp\/v2\/product\/164161","targetHints":{"allow":["GET"]}}],"collection":[{"href":"https:\/\/baldumarket.lt\/lt\/wp-json\/wp\/v2\/product"}],"about":[{"href":"https:\/\/baldumarket.lt\/lt\/wp-json\/wp\/v2\/types\/product"}],"replies":[{"embeddable":true,"href":"https:\/\/baldumarket.lt\/lt\/wp-json\/wp\/v2\/comments?post=164161"}],"wp:featuredmedia":[{"embeddable":true,"href":"https:\/\/baldumarket.lt\/lt\/wp-json\/wp\/v2\/media\/164162"}],"wp:attachment":[{"href":"https:\/\/baldumarket.lt\/lt\/wp-json\/wp\/v2\/media?parent=164161"}],"wp:term":[{"taxonomy":"product_brand","embeddable":true,"href":"https:\/\/baldumarket.lt\/lt\/wp-json\/wp\/v2\/product_brand?post=164161"},{"taxonomy":"product_cat","embeddable":true,"href":"https:\/\/baldumarket.lt\/lt\/wp-json\/wp\/v2\/product_cat?post=164161"},{"taxonomy":"product_tag","embeddable":true,"href":"https:\/\/baldumarket.lt\/lt\/wp-json\/wp\/v2\/product_tag?post=164161"}],"curies":[{"name":"wp","href":"https:\/\/api.w.org\/{rel}","templated":true}]}}