{"id":164156,"date":"2025-12-19T13:14:36","date_gmt":"2025-12-19T10:14:36","guid":{"rendered":"https:\/\/baldumarket.lt\/product\/twist-sumgd1-lawka-2-drzwiowa-dab-viking-antracyt\/"},"modified":"2026-04-06T20:06:45","modified_gmt":"2026-04-06T17:06:45","slug":"twist-sumgd1-lawka-2-drzwiowa-dab-viking-antracyt","status":"publish","type":"product","link":"https:\/\/baldumarket.lt\/lt\/product\/twist-sumgd1-lawka-2-drzwiowa-dab-viking-antracyt\/","title":{"rendered":"Twist SUMGD1 \u2013 2 dur\u0173 suolas Viking \u0105\u017euolo\/antracito spalvos"},"content":{"rendered":"<p>Susipa\u017einkite su \u201eTwist SUMGD1\u201c \u2013 dviej\u0173 dur\u0173 \u201eViking Oak\u201c\/antracito spalvos suoliuku, kuris yra komforto ir stiliaus sinonimas. Jo prakti\u0161kumas ir estetika suteiks harmonijos bet kuriame prie\u0161kambaryje ir suteiks papildomos vietos daiktams susid\u0117ti. Didelis 86 cm plotis, 49 cm auk\u0161tis ir 39,9 cm gylis puikiai atitinka \u0161iuolaikinio interjero poreikius, o klasikin\u0117 \u201eViking Oak\u201c spalv\u0173 gama kartu su antracito akcentais suderina modern\u0173 funkcionalum\u0105 su nat\u016bralios apdailos \u0161iluma. Pagamintas i\u0161 auk\u0161tos kokyb\u0117s med\u017eiag\u0173, toki\u0173 kaip laminuota plok\u0161t\u0117 ir MDF, jis garantuoja ilgaam\u017ei\u0161kum\u0105 ir atsparum\u0105 \u012fbr\u0117\u017eimams. Modern\u0173 stili\u0173, b\u016bding\u0105 kiekvienam suoliuko aspektui, pabr\u0117\u017eia sistema be ranken\u0117li\u0173, leid\u017eianti patogiai atidaryti be ranken\u0117li\u0173, ir \u0161velnaus u\u017edarymo vyriai kasdieniam naudojimui. \u201eTwist\u201c suoliukas turi dvi tvirtas duris, kurios palengvina tvark\u0105 ir suteikia galimyb\u0119 laikyti batus ar kitus prie\u0161kambario aksesuarus. Visas suoliukas praturtintas plastikiniais elementais, tokiais kaip kojel\u0117s, kurios apsaugo grindis nuo \u012fbr\u0117\u017eim\u0173 ir u\u017etikrina bald\u0173 stabilum\u0105.<\/p>","protected":false},"excerpt":{"rendered":"<p>Plotis (cm): 86<br \/>\n\u016agis (cm): 49<br \/>\nGylis (cm): 39,9<\/p>","protected":false},"featured_media":164157,"comment_status":"open","ping_status":"open","template":"","meta":[],"product_brand":[],"product_cat":[9468,4107,1997],"product_tag":[],"class_list":{"0":"post-164156","1":"product","2":"type-product","3":"status-publish","4":"has-post-thumbnail","6":"product_cat-furniture-system-twist-wojcik-meble","7":"product_cat-meble-wojcik","8":"product_cat-shoe-cabinets","10":"first","11":"instock","12":"purchasable","13":"product-type-simple"},"_links":{"self":[{"href":"https:\/\/baldumarket.lt\/lt\/wp-json\/wp\/v2\/product\/164156","targetHints":{"allow":["GET"]}}],"collection":[{"href":"https:\/\/baldumarket.lt\/lt\/wp-json\/wp\/v2\/product"}],"about":[{"href":"https:\/\/baldumarket.lt\/lt\/wp-json\/wp\/v2\/types\/product"}],"replies":[{"embeddable":true,"href":"https:\/\/baldumarket.lt\/lt\/wp-json\/wp\/v2\/comments?post=164156"}],"wp:featuredmedia":[{"embeddable":true,"href":"https:\/\/baldumarket.lt\/lt\/wp-json\/wp\/v2\/media\/164157"}],"wp:attachment":[{"href":"https:\/\/baldumarket.lt\/lt\/wp-json\/wp\/v2\/media?parent=164156"}],"wp:term":[{"taxonomy":"product_brand","embeddable":true,"href":"https:\/\/baldumarket.lt\/lt\/wp-json\/wp\/v2\/product_brand?post=164156"},{"taxonomy":"product_cat","embeddable":true,"href":"https:\/\/baldumarket.lt\/lt\/wp-json\/wp\/v2\/product_cat?post=164156"},{"taxonomy":"product_tag","embeddable":true,"href":"https:\/\/baldumarket.lt\/lt\/wp-json\/wp\/v2\/product_tag?post=164156"}],"curies":[{"name":"wp","href":"https:\/\/api.w.org\/{rel}","templated":true}]}}