{"id":164146,"date":"2025-12-19T13:14:16","date_gmt":"2025-12-19T10:14:16","guid":{"rendered":"https:\/\/baldumarket.lt\/product\/twist-sumgp1-panel-dab-viking\/"},"modified":"2026-04-06T20:06:36","modified_gmt":"2026-04-06T17:06:36","slug":"twist-sumgp1-panel-dab-viking","status":"publish","type":"product","link":"https:\/\/baldumarket.lt\/lt\/product\/twist-sumgp1-panel-dab-viking\/","title":{"rendered":"\u201eTwist SUMGP1\u201c \u2013 \u201eViking\u201c \u0105\u017euolo plok\u0161t\u0117"},"content":{"rendered":"<p>Atraskite \u201eTwist SUMGP1\u201c sienin\u0119 panel\u0119 \u2013 bald\u0105, kuris suteiks tvarkos ir harmonijos j\u016bs\u0173 prie\u0161kambaryje ar bet kurioje kitoje nam\u0173 erdv\u0117je, kurioje svarbu laikyti ir organizuoti drabu\u017eius. \u0160is funkcionalus ir esteti\u0161kai patrauklus baldas buvo sukurtas siekiant supaprastinti kasdienes u\u017eduotis ir suteikti j\u016bs\u0173 interjerui rafinuotumo. \u201eTwist SUMGP1\u201c d\u017eiugins j\u016bs\u0173 ak\u012f \u0161ilta viking\u0173 \u0105\u017euolo spalva, kuri simbolizuoja elegancij\u0105 ir nat\u016bral\u0173 \u017eaves\u012f. Laminuotos plok\u0161t\u0117s, o tiksliau, laminuotos med\u017eio dro\u017eli\u0173 plok\u0161t\u0117s korpuso, panaudojimas sienelei garantuoja ilgaam\u017ei\u0161kum\u0105 ir atsparum\u0105 kasdieniam naudojimui. Pakabos, pagamintos i\u0161 metalo ir plastiko derinio, yra tiek pat patvarios, kiek ir prakti\u0161kos. \u012esivaizduokite, kad gr\u012f\u017etate namo po \u012ftemptos dienos. \u201eTwist SUMGP1\u201c su laminuota plok\u0161te jus pasitinka, suteikdama vietos ne tik paltui ar striukei pakabinti, bet ir kitiems smulkiems daiktams laikyti. 86 cm plo\u010dio sienel\u0117je yra integruota lentyna kepur\u0117ms ar kitiems aksesuarams. Po ja rasite stiling\u0105 pakab\u0173 b\u0117gel\u012f ir tris kabliukus \u0161alikams ar krep\u0161iams, kurie leis efektyviai organizuoti erdv\u0119.<\/p>","protected":false},"excerpt":{"rendered":"<p>Plotis (cm): 86<br \/>\n\u016agis (cm): 101<br \/>\nGylis (cm): 29,6<\/p>","protected":false},"featured_media":164147,"comment_status":"open","ping_status":"open","template":"","meta":[],"product_brand":[],"product_cat":[9468,1931,4107],"product_tag":[],"class_list":{"0":"post-164146","1":"product","2":"type-product","3":"status-publish","4":"has-post-thumbnail","6":"product_cat-furniture-system-twist-wojcik-meble","7":"product_cat-hangers","8":"product_cat-meble-wojcik","10":"first","11":"instock","12":"purchasable","13":"product-type-simple"},"_links":{"self":[{"href":"https:\/\/baldumarket.lt\/lt\/wp-json\/wp\/v2\/product\/164146","targetHints":{"allow":["GET"]}}],"collection":[{"href":"https:\/\/baldumarket.lt\/lt\/wp-json\/wp\/v2\/product"}],"about":[{"href":"https:\/\/baldumarket.lt\/lt\/wp-json\/wp\/v2\/types\/product"}],"replies":[{"embeddable":true,"href":"https:\/\/baldumarket.lt\/lt\/wp-json\/wp\/v2\/comments?post=164146"}],"wp:featuredmedia":[{"embeddable":true,"href":"https:\/\/baldumarket.lt\/lt\/wp-json\/wp\/v2\/media\/164147"}],"wp:attachment":[{"href":"https:\/\/baldumarket.lt\/lt\/wp-json\/wp\/v2\/media?parent=164146"}],"wp:term":[{"taxonomy":"product_brand","embeddable":true,"href":"https:\/\/baldumarket.lt\/lt\/wp-json\/wp\/v2\/product_brand?post=164146"},{"taxonomy":"product_cat","embeddable":true,"href":"https:\/\/baldumarket.lt\/lt\/wp-json\/wp\/v2\/product_cat?post=164146"},{"taxonomy":"product_tag","embeddable":true,"href":"https:\/\/baldumarket.lt\/lt\/wp-json\/wp\/v2\/product_tag?post=164146"}],"curies":[{"name":"wp","href":"https:\/\/api.w.org\/{rel}","templated":true}]}}