{"id":164140,"date":"2025-12-19T13:14:03","date_gmt":"2025-12-19T10:14:03","guid":{"rendered":"https:\/\/baldumarket.lt\/product\/twenty-twez02-lozko-90-1s-dab-honey-castello-biale-szare\/"},"modified":"2026-04-06T20:06:36","modified_gmt":"2026-04-06T17:06:36","slug":"twenty-twez02-lozko-90-1s-dab-honey-castello-biale-szare","status":"publish","type":"product","link":"https:\/\/baldumarket.lt\/lt\/product\/twenty-twez02-lozko-90-1s-dab-honey-castello-biale-szare\/","title":{"rendered":"Twenty TWEZ02 &#8211; Lova 90 1S, medaus \u0105\u017euolo spalvos, Castello\/balta\/pilka"},"content":{"rendered":"<p>Pristatome viengul\u0119 lov\u0105 \u201eTwenty TWEZ02\u201c \u2013 komforto, modernumo ir unikalaus dizaino derin\u012f, idealiai tinkant\u012f charakteringam interjerui. Visa \u201eTwenty\u201c kolekcija yra puikus pasirinkimas jaunimo ar vaik\u0173 kambariui \u012frengti, kur svarbiausia universalumas ir individualios i\u0161d\u0117stymo galimyb\u0117s. 95,3 cm plo\u010dio, 95,5 cm auk\u0161\u010dio ir 204,9 cm ilgio lova sukurta atsi\u017evelgiant \u012f maksimal\u0173 funkcionalum\u0105 ir ilgaam\u017ei\u0161kum\u0105. Ji tinka bet kokiam interjerui, kuriame svarbi ir estetika, ir prakti\u0161kumas. Pagaminta i\u0161 auk\u0161tos kokyb\u0117s laminuotos plok\u0161t\u0117s \u201eHoney Castello Oak\u201c spalvos, derinamos su balta ir pilka spalvomis, ji traukia d\u0117mes\u012f ir suteikia elegancijos bet kokiam kambariui. Prakti\u0161kas, erdvus stal\u010dius, esantis po lova ant tvirt\u0173 kreipian\u010di\u0173j\u0173 ratuk\u0173, leid\u017eia patogiai laikyti patalyn\u0119 ir kitus daiktus, o tai ypa\u010d naudinga ma\u017eesn\u0117se erdv\u0117se. Geometrin\u0117s linijos ir kontrastingos fasad\u0173 spalvos \u2013 \u201eHoney Castello Oak\u201c, balta ir pilka \u2013 suteikia interjerui modern\u0173 ir i\u0161skirtin\u012f charakter\u012f. Tai idealus sprendimas, harmoningai derantis tiek prie industrin\u0117s estetikos, tiek prie modernaus ar vinta\u017einio dekoro stiliaus.<\/p>","protected":false},"excerpt":{"rendered":"<p>Plotis (cm): 95,3<br \/>\n\u016agis (cm): 95,5<br \/>\nGylis (cm): 204,9<\/p>","protected":false},"featured_media":164141,"comment_status":"open","ping_status":"open","template":"","meta":[],"product_brand":[],"product_cat":[9500,505,4107],"product_tag":[],"class_list":{"0":"post-164140","1":"product","2":"type-product","3":"status-publish","4":"has-post-thumbnail","6":"product_cat-furniture-system-twenty-wojcik-meble","7":"product_cat-bedroom-beds","8":"product_cat-meble-wojcik","10":"first","11":"instock","12":"purchasable","13":"product-type-simple"},"_links":{"self":[{"href":"https:\/\/baldumarket.lt\/lt\/wp-json\/wp\/v2\/product\/164140","targetHints":{"allow":["GET"]}}],"collection":[{"href":"https:\/\/baldumarket.lt\/lt\/wp-json\/wp\/v2\/product"}],"about":[{"href":"https:\/\/baldumarket.lt\/lt\/wp-json\/wp\/v2\/types\/product"}],"replies":[{"embeddable":true,"href":"https:\/\/baldumarket.lt\/lt\/wp-json\/wp\/v2\/comments?post=164140"}],"wp:featuredmedia":[{"embeddable":true,"href":"https:\/\/baldumarket.lt\/lt\/wp-json\/wp\/v2\/media\/164141"}],"wp:attachment":[{"href":"https:\/\/baldumarket.lt\/lt\/wp-json\/wp\/v2\/media?parent=164140"}],"wp:term":[{"taxonomy":"product_brand","embeddable":true,"href":"https:\/\/baldumarket.lt\/lt\/wp-json\/wp\/v2\/product_brand?post=164140"},{"taxonomy":"product_cat","embeddable":true,"href":"https:\/\/baldumarket.lt\/lt\/wp-json\/wp\/v2\/product_cat?post=164140"},{"taxonomy":"product_tag","embeddable":true,"href":"https:\/\/baldumarket.lt\/lt\/wp-json\/wp\/v2\/product_tag?post=164140"}],"curies":[{"name":"wp","href":"https:\/\/api.w.org\/{rel}","templated":true}]}}