{"id":164134,"date":"2025-12-19T13:13:50","date_gmt":"2025-12-19T10:13:50","guid":{"rendered":"https:\/\/baldumarket.lt\/product\/twenty-twez01-lozko-120-1s-dab-honey-castello-biale-szare\/"},"modified":"2026-04-06T20:06:36","modified_gmt":"2026-04-06T17:06:36","slug":"twenty-twez01-lozko-120-1s-dab-honey-castello-biale-szare","status":"publish","type":"product","link":"https:\/\/baldumarket.lt\/lt\/product\/twenty-twez01-lozko-120-1s-dab-honey-castello-biale-szare\/","title":{"rendered":"Twenty TWEZ01 &#8211; Lova 120 1S, medaus \u0105\u017euolo spalvos, Castello\/balta\/pilka"},"content":{"rendered":"<p>I\u0161skirtinai stilinga ir moderni savo paprastumu, \u201eTwenty TWEZ01 \u2013 Lova 120 1S Honey Castello Oak\/White\/Gray\u201c \u2013 tai baldas, kuris puikiai tiks jaunimo miegamajame. Pasirink\u0119 \u0161\u012f gamin\u012f, u\u017etikrinsite ne tik patog\u0173 poils\u012f, bet ir funkcional\u0173 bei gerai apgalvot\u0105 sprendim\u0105 savo kambariui. \u0160ios viengul\u0117s lovos matmenys buvo kruop\u0161\u010diai parinkti, siekiant u\u017etikrinti maksimal\u0173 komfort\u0105 neu\u017eimant per daug vietos. 125,3 cm plo\u010dio, 204,9 cm gylio ir 95,5 cm auk\u0161\u010dio, ji sukuria idealias proporcijas, kurios tiks daugumai jaunimo kambari\u0173. Ji pagaminta i\u0161 patvarios laminuotos plok\u0161t\u0117s, kuri yra atspari pa\u017eeidimams, ta\u010diau lengvai valoma ir pri\u017ei\u016brima. Esteti\u0161ka \u201eHoney Castello Oak\u201c atspalvi\u0173 spalv\u0173 gama kartu su nesenstan\u010dia balta ir pilka spalvomis u\u017etikrina harmoning\u0105 der\u0117jim\u0105 prie bet kokio interjero \u2013 nuo klasikinio iki modernaus. Subtilus spalv\u0173 kontrastas suteiks charakterio bet kokiam i\u0161d\u0117stymui, o modernus dizainas pabr\u0117\u0161 individual\u0173 kambario stili\u0173.<\/p>","protected":false},"excerpt":{"rendered":"<p>Plotis (cm): 125,3<br \/>\n\u016agis (cm): 95,5<br \/>\nGylis (cm): 204,9<\/p>","protected":false},"featured_media":164135,"comment_status":"open","ping_status":"open","template":"","meta":[],"product_brand":[],"product_cat":[9500,505,4107],"product_tag":[],"class_list":{"0":"post-164134","1":"product","2":"type-product","3":"status-publish","4":"has-post-thumbnail","6":"product_cat-furniture-system-twenty-wojcik-meble","7":"product_cat-bedroom-beds","8":"product_cat-meble-wojcik","10":"first","11":"instock","12":"purchasable","13":"product-type-simple"},"_links":{"self":[{"href":"https:\/\/baldumarket.lt\/lt\/wp-json\/wp\/v2\/product\/164134","targetHints":{"allow":["GET"]}}],"collection":[{"href":"https:\/\/baldumarket.lt\/lt\/wp-json\/wp\/v2\/product"}],"about":[{"href":"https:\/\/baldumarket.lt\/lt\/wp-json\/wp\/v2\/types\/product"}],"replies":[{"embeddable":true,"href":"https:\/\/baldumarket.lt\/lt\/wp-json\/wp\/v2\/comments?post=164134"}],"wp:featuredmedia":[{"embeddable":true,"href":"https:\/\/baldumarket.lt\/lt\/wp-json\/wp\/v2\/media\/164135"}],"wp:attachment":[{"href":"https:\/\/baldumarket.lt\/lt\/wp-json\/wp\/v2\/media?parent=164134"}],"wp:term":[{"taxonomy":"product_brand","embeddable":true,"href":"https:\/\/baldumarket.lt\/lt\/wp-json\/wp\/v2\/product_brand?post=164134"},{"taxonomy":"product_cat","embeddable":true,"href":"https:\/\/baldumarket.lt\/lt\/wp-json\/wp\/v2\/product_cat?post=164134"},{"taxonomy":"product_tag","embeddable":true,"href":"https:\/\/baldumarket.lt\/lt\/wp-json\/wp\/v2\/product_tag?post=164134"}],"curies":[{"name":"wp","href":"https:\/\/api.w.org\/{rel}","templated":true}]}}