{"id":16413,"date":"2025-11-14T09:15:53","date_gmt":"2025-11-14T06:15:53","guid":{"rendered":"https:\/\/baldumarket.lt\/product\/cortina-140x200\/"},"modified":"2026-04-06T23:34:43","modified_gmt":"2026-04-06T20:34:43","slug":"cortina-140x200","status":"publish","type":"product","link":"https:\/\/baldumarket.lt\/lt\/product\/cortina-140x200\/","title":{"rendered":"Cortina 140\u00d7200"},"content":{"rendered":"<p>\u201eCortina\u201c kontinentin\u0117 lova papildys j\u016bs\u0173 miegamojo interjer\u0105 diskreti\u0161ku, minimalistiniu stiliumi. Ji pagaminta i\u0161 tvirtos d\u0117\u017e\u0117s, juod\u0173 metalini\u0173 kojeli\u0173 ir puo\u0161naus galv\u016bgalio. \u201eCortina\u201c spyruoklinis galv\u016bgalis yra trij\u0173 miegojimo pavir\u0161iaus dyd\u017ei\u0173: 140 \u00d7 200 cm, 160 \u00d7 200 cm ir 180 \u00d7 200 cm. Putplas\u010diu u\u017epildytas galv\u016bgalis suteikia papildom\u0105, mink\u0161t\u0105 atram\u0105 j\u016bs\u0173 galvai. Be to, galv\u016bgalis yra papuo\u0161tas dygsniais ir si\u016bl\u0117mis \u2013 visa tai kartu sukuria de\u0161imtis rombo formos ra\u0161t\u0173, kurie papildo baldo \u017eaves\u012f. \u010ciu\u017einys taip pat yra svarbi kiekvienos lovos dalis, o \u0161iuo atveju mes \u012ftraukiame itin patog\u0173 \u010diu\u017ein\u012f. \u201eCortina\u201c spyruoklinis \u010diu\u017einys turi ki\u0161enini\u0173 spyruokli\u0173 \u010diu\u017ein\u012f, kuris padidina komfort\u0105 poilsio metu. Be patogaus \u010diu\u017einio privalum\u0173, nepamir\u0161kite pasirinkti apmu\u0161al\u0173 audinio spalvos ir tekst\u016bros i\u0161 m\u016bs\u0173 pla\u010dios \u201eBalduMarket\u201c kolekcijos.<\/p>","protected":false},"excerpt":{"rendered":"<p>\u201eCortina\u201c kontinentin\u0117 lova papildys j\u016bs\u0173 miegamojo interjer\u0105 diskreti\u0161ku, minimalistiniu stiliumi. Ji pagaminta i\u0161 tvirtos d\u0117\u017e\u0117s, juod\u0173 metalini\u0173 kojeli\u0173 ir puo\u0161naus galv\u016bgalio. \u201eCortina\u201c spyruoklin\u0117 lova yra trij\u0173 miegojimo pavir\u0161iaus dyd\u017ei\u0173: 140 \u00d7 200 cm, 160 \u00d7 200 cm ir 180 \u00d7 200 cm. Putplas\u010diu u\u017epildytas galv\u016bgalis suteikia papildom\u0105, mink\u0161t\u0105 atram\u0105 j\u016bs\u0173 galvai. Be to, [\u2026]<\/p>","protected":false},"featured_media":16414,"comment_status":"open","ping_status":"open","template":"","meta":[],"product_brand":[],"product_cat":[505,514,2012,9174],"product_tag":[],"class_list":{"0":"post-16413","1":"product","2":"type-product","3":"status-publish","4":"has-post-thumbnail","6":"product_cat-bedroom-beds","7":"product_cat-continental-beds","8":"product_cat-eltap","9":"product_cat-lozka-kontynentalne-eltap","11":"first","12":"instock","13":"purchasable","14":"product-type-variable","15":"wvs-archive-product-wrapper"},"_links":{"self":[{"href":"https:\/\/baldumarket.lt\/lt\/wp-json\/wp\/v2\/product\/16413","targetHints":{"allow":["GET"]}}],"collection":[{"href":"https:\/\/baldumarket.lt\/lt\/wp-json\/wp\/v2\/product"}],"about":[{"href":"https:\/\/baldumarket.lt\/lt\/wp-json\/wp\/v2\/types\/product"}],"replies":[{"embeddable":true,"href":"https:\/\/baldumarket.lt\/lt\/wp-json\/wp\/v2\/comments?post=16413"}],"wp:featuredmedia":[{"embeddable":true,"href":"https:\/\/baldumarket.lt\/lt\/wp-json\/wp\/v2\/media\/16414"}],"wp:attachment":[{"href":"https:\/\/baldumarket.lt\/lt\/wp-json\/wp\/v2\/media?parent=16413"}],"wp:term":[{"taxonomy":"product_brand","embeddable":true,"href":"https:\/\/baldumarket.lt\/lt\/wp-json\/wp\/v2\/product_brand?post=16413"},{"taxonomy":"product_cat","embeddable":true,"href":"https:\/\/baldumarket.lt\/lt\/wp-json\/wp\/v2\/product_cat?post=16413"},{"taxonomy":"product_tag","embeddable":true,"href":"https:\/\/baldumarket.lt\/lt\/wp-json\/wp\/v2\/product_tag?post=16413"}],"curies":[{"name":"wp","href":"https:\/\/api.w.org\/{rel}","templated":true}]}}