{"id":164129,"date":"2025-12-19T13:13:40","date_gmt":"2025-12-19T10:13:40","guid":{"rendered":"https:\/\/baldumarket.lt\/product\/twenty-tweb01-biurko-1d-dab-honey-castello-biale-szare\/"},"modified":"2026-04-06T20:06:36","modified_gmt":"2026-04-06T17:06:36","slug":"twenty-tweb01-biurko-1d-dab-honey-castello-biale-szare","status":"publish","type":"product","link":"https:\/\/baldumarket.lt\/lt\/product\/twenty-tweb01-biurko-1d-dab-honey-castello-biale-szare\/","title":{"rendered":"Twenty TWEB01 \u2013 1D ra\u0161omasis stalas, medaus spalvos \u0105\u017euolas, Castello\/balta\/pilka"},"content":{"rendered":"<p>\u012esivaizduokite erdv\u0119, kurioje k\u016brybi\u0161kumas dera su funkcionalumu, o estetika persipina su ergonomika. B\u016btent toks ir yra \u201eTwenty TWEB01\u201c ra\u0161omasis stalas \u2013 tobulas sprendimas moderniam jaunimo kambariui, patenkinantis net ir reikliausi\u0173 vartotoj\u0173 l\u016bkes\u010dius. Pagamintas i\u0161 auk\u0161tos kokyb\u0117s laminuotos plok\u0161t\u0117s, jis derina \u0161iltus medaus ir Castello \u0105\u017euolo atspalvius su universalia balta ir eleganti\u0161ka pilka spalvomis. Tai, be nepriekai\u0161tingo atsparumo kasdieniam naudojimui, suteikia interjerui modernumo, kartu i\u0161likdama pakankamai neutrali, kad der\u0117t\u0173 prie \u012fvairi\u0173 i\u0161d\u0117stym\u0173. Modernumas slypi ne tik dizaine, bet ir matmenyse. 130 cm plo\u010dio, 74,5 cm auk\u0161\u010dio ir 50 cm gylio stalas si\u016blo ideali\u0105 darbo viet\u0105, kuri n\u0117ra pernelyg didel\u0117, ta\u010diau sukurta taip, kad u\u017etikrint\u0173 maksimal\u0173 komfort\u0105 mokantis ar dirbant.<\/p>","protected":false},"excerpt":{"rendered":"<p>Plotis (cm): 130<br \/>\n\u016agis (cm): 74,5<br \/>\nGylis (cm): 50<\/p>","protected":false},"featured_media":164130,"comment_status":"open","ping_status":"open","template":"","meta":[],"product_brand":[],"product_cat":[9500,1312,4107],"product_tag":[],"class_list":{"0":"post-164129","1":"product","2":"type-product","3":"status-publish","4":"has-post-thumbnail","6":"product_cat-furniture-system-twenty-wojcik-meble","7":"product_cat-desks","8":"product_cat-meble-wojcik","10":"first","11":"instock","12":"purchasable","13":"product-type-simple"},"_links":{"self":[{"href":"https:\/\/baldumarket.lt\/lt\/wp-json\/wp\/v2\/product\/164129","targetHints":{"allow":["GET"]}}],"collection":[{"href":"https:\/\/baldumarket.lt\/lt\/wp-json\/wp\/v2\/product"}],"about":[{"href":"https:\/\/baldumarket.lt\/lt\/wp-json\/wp\/v2\/types\/product"}],"replies":[{"embeddable":true,"href":"https:\/\/baldumarket.lt\/lt\/wp-json\/wp\/v2\/comments?post=164129"}],"wp:featuredmedia":[{"embeddable":true,"href":"https:\/\/baldumarket.lt\/lt\/wp-json\/wp\/v2\/media\/164130"}],"wp:attachment":[{"href":"https:\/\/baldumarket.lt\/lt\/wp-json\/wp\/v2\/media?parent=164129"}],"wp:term":[{"taxonomy":"product_brand","embeddable":true,"href":"https:\/\/baldumarket.lt\/lt\/wp-json\/wp\/v2\/product_brand?post=164129"},{"taxonomy":"product_cat","embeddable":true,"href":"https:\/\/baldumarket.lt\/lt\/wp-json\/wp\/v2\/product_cat?post=164129"},{"taxonomy":"product_tag","embeddable":true,"href":"https:\/\/baldumarket.lt\/lt\/wp-json\/wp\/v2\/product_tag?post=164129"}],"curies":[{"name":"wp","href":"https:\/\/api.w.org\/{rel}","templated":true}]}}