{"id":164119,"date":"2025-12-19T13:13:20","date_gmt":"2025-12-19T10:13:20","guid":{"rendered":"https:\/\/baldumarket.lt\/product\/toledo-tolv02l-witryna-lewostronna-1-drzwiowa-biala-stirling-oak\/"},"modified":"2026-04-06T20:06:36","modified_gmt":"2026-04-06T17:06:36","slug":"toledo-tolv02l-witryna-lewostronna-1-drzwiowa-biala-stirling-oak","status":"publish","type":"product","link":"https:\/\/baldumarket.lt\/lt\/product\/toledo-tolv02l-witryna-lewostronna-1-drzwiowa-biala-stirling-oak\/","title":{"rendered":"Toledo TOLV02L &#8211; Kairin\u0117 vitrina, 1 dur\u0173, balta\/Stirling \u0105\u017euolas"},"content":{"rendered":"<p>Atraskite elegancij\u0105 ir funkcionalum\u0105 viename balde \u2013 vien\u0173 dur\u0173 vitrinoje \u201eToledo TOLV02L\u201c. \u0160is modelis, sukurtas i\u0161 unikaliai madingo baltos ir nat\u016bralaus Stirling \u0105\u017euolo derinio, skirtas tiems, kurie vertina modern\u0173 po\u017ei\u016br\u012f \u012f interjero dizain\u0105. \u201eToledo\u201c \u2013 tai baldas, kuris \u012fne\u0161 gaivos \u012f j\u016bs\u0173 erdv\u0119 ir leis jums pademonstruoti brangiausius daiktus. 74 cm plo\u010dio, 165,5 cm auk\u0161\u010dio ir 36,1 cm gylio vitrina turi penkias prakti\u0161kas ni\u0161as. U\u017e eleganti\u0161ko fasado, pagaminto i\u0161 rudo, gr\u016bdinto \u201eAntisol\u201c stiklo, slypi erdvios lentynos, kuriose lengvai tilps tiek dekoracijos, tiek kasdieniai daiktai. Spintel\u0117s vid\u0173 puo\u0161ia negr\u016bdintas stiklas \u2013 subtili detal\u0117, deranti su dr\u0105siu dureli\u0173 akcentu. Spintel\u0117s korpusas pagamintas i\u0161 patvarios laminuotos med\u017eio dro\u017eli\u0173 plok\u0161t\u0117s ir MDF, u\u017etikrinan\u010dios stabilum\u0105 ir ilgaam\u017ei\u0161kum\u0105. Fasadas, taip pat pagamintas i\u0161 MDF, suteikia eleganti\u0161k\u0105 ir lyg\u0173 vaizd\u0105. Dizain\u0105 papildo laminuotos plok\u0161t\u0117s apdailos detal\u0117s, kurios suteikia dizainui novatori\u0161kumo.<\/p>","protected":false},"excerpt":{"rendered":"<p>Plotis (cm): 74<br \/>\n\u016agis (cm): 165,5<br \/>\nGylis (cm): 36,1<\/p>","protected":false},"featured_media":164120,"comment_status":"open","ping_status":"open","template":"","meta":[],"product_brand":[],"product_cat":[9499,4107,2006],"product_tag":[],"class_list":{"0":"post-164119","1":"product","2":"type-product","3":"status-publish","4":"has-post-thumbnail","6":"product_cat-furniture-system-toledo-wojcik-meble","7":"product_cat-meble-wojcik","8":"product_cat-vitrines","10":"first","11":"instock","12":"purchasable","13":"product-type-simple"},"_links":{"self":[{"href":"https:\/\/baldumarket.lt\/lt\/wp-json\/wp\/v2\/product\/164119","targetHints":{"allow":["GET"]}}],"collection":[{"href":"https:\/\/baldumarket.lt\/lt\/wp-json\/wp\/v2\/product"}],"about":[{"href":"https:\/\/baldumarket.lt\/lt\/wp-json\/wp\/v2\/types\/product"}],"replies":[{"embeddable":true,"href":"https:\/\/baldumarket.lt\/lt\/wp-json\/wp\/v2\/comments?post=164119"}],"wp:featuredmedia":[{"embeddable":true,"href":"https:\/\/baldumarket.lt\/lt\/wp-json\/wp\/v2\/media\/164120"}],"wp:attachment":[{"href":"https:\/\/baldumarket.lt\/lt\/wp-json\/wp\/v2\/media?parent=164119"}],"wp:term":[{"taxonomy":"product_brand","embeddable":true,"href":"https:\/\/baldumarket.lt\/lt\/wp-json\/wp\/v2\/product_brand?post=164119"},{"taxonomy":"product_cat","embeddable":true,"href":"https:\/\/baldumarket.lt\/lt\/wp-json\/wp\/v2\/product_cat?post=164119"},{"taxonomy":"product_tag","embeddable":true,"href":"https:\/\/baldumarket.lt\/lt\/wp-json\/wp\/v2\/product_tag?post=164119"}],"curies":[{"name":"wp","href":"https:\/\/api.w.org\/{rel}","templated":true}]}}