{"id":164114,"date":"2025-12-19T13:13:09","date_gmt":"2025-12-19T10:13:09","guid":{"rendered":"https:\/\/baldumarket.lt\/product\/toledo-tolt03-stol-rozkladany-bialy-stirling-oak\/"},"modified":"2026-04-06T20:06:36","modified_gmt":"2026-04-06T17:06:36","slug":"toledo-tolt03-stol-rozkladany-bialy-stirling-oak","status":"publish","type":"product","link":"https:\/\/baldumarket.lt\/lt\/product\/toledo-tolt03-stol-rozkladany-bialy-stirling-oak\/","title":{"rendered":"Toledo TOLT03 &#8211; I\u0161skleid\u017eiamas stalas, baltas\/Stirlingo \u0105\u017euolas"},"content":{"rendered":"<p>Ie\u0161kote stalo, kuris d\u017eiugint\u0173 savo i\u0161vaizda ir funkcionalumu? Leiskite mums pristatyti Jums \u201eToledo TOLT03\u201c \u2013 balto\/stirlingo \u0105\u017euolo stal\u0105 \u2013 bald\u0105, kuris suteiks J\u016bs\u0173 namams modernumo ir sukurs jauki\u0105 erdv\u0119 bendriems patiekalams ir pokalbiams. \u012esivaizduokite jaukias akimirkas, praleistas su \u0161eima ir draugais prie stalo, kuris puikiai atspindi naujausias interjero dizaino tendencijas. I\u0161skirtinis \u201eToledo TOLT03\u201c stalo bruo\u017eas yra jo dydis \u2013 standartinis ilgis yra 160 cm, o i\u0161skleistas \u2013 net 200 cm, tod\u0117l prie stalo patogiai gali naudotis daugiau \u017emoni\u0173. Stalas, apr\u016bpintas sinchroniniu b\u0117geliu, gali b\u016bti lengvai ir greitai i\u0161skleistas be joki\u0173 pastang\u0173, vienu rankos mostu suteikiant papildomos erdv\u0117s. Naudojimo paprastumas neatsiejamas nuo patvarumo ir kokybi\u0161ko darbo. Tvirtos stalo kojel\u0117s, pagamintos i\u0161 laminuotos med\u017eio dro\u017eli\u0173 plok\u0161t\u0117s, u\u017etikrina stabilum\u0105 ir ilgaam\u017ei\u0161kum\u0105 daugel\u012f met\u0173. Visum\u0105 papildo stalvir\u0161is, pagamintas i\u0161 tos pa\u010dios patvarios med\u017eiagos, atsparios \u012fbr\u0117\u017eimams, mechaniniams pa\u017eeidimams, dr\u0117gmei ir auk\u0161tai temperat\u016brai, tod\u0117l jis i\u0161laikys savo gro\u017e\u012f daugel\u012f naudojimo sezon\u0173.<\/p>","protected":false},"excerpt":{"rendered":"<p>Plotis (cm): 160\u2013200<br \/>\n\u016agis (cm): 75,8<br \/>\nGylis (cm): 90<\/p>","protected":false},"featured_media":164115,"comment_status":"open","ping_status":"open","template":"","meta":[],"product_brand":[],"product_cat":[9499,4107,1934],"product_tag":[],"class_list":{"0":"post-164114","1":"product","2":"type-product","3":"status-publish","4":"has-post-thumbnail","6":"product_cat-furniture-system-toledo-wojcik-meble","7":"product_cat-meble-wojcik","8":"product_cat-tables","10":"first","11":"instock","12":"purchasable","13":"product-type-simple"},"_links":{"self":[{"href":"https:\/\/baldumarket.lt\/lt\/wp-json\/wp\/v2\/product\/164114","targetHints":{"allow":["GET"]}}],"collection":[{"href":"https:\/\/baldumarket.lt\/lt\/wp-json\/wp\/v2\/product"}],"about":[{"href":"https:\/\/baldumarket.lt\/lt\/wp-json\/wp\/v2\/types\/product"}],"replies":[{"embeddable":true,"href":"https:\/\/baldumarket.lt\/lt\/wp-json\/wp\/v2\/comments?post=164114"}],"wp:featuredmedia":[{"embeddable":true,"href":"https:\/\/baldumarket.lt\/lt\/wp-json\/wp\/v2\/media\/164115"}],"wp:attachment":[{"href":"https:\/\/baldumarket.lt\/lt\/wp-json\/wp\/v2\/media?parent=164114"}],"wp:term":[{"taxonomy":"product_brand","embeddable":true,"href":"https:\/\/baldumarket.lt\/lt\/wp-json\/wp\/v2\/product_brand?post=164114"},{"taxonomy":"product_cat","embeddable":true,"href":"https:\/\/baldumarket.lt\/lt\/wp-json\/wp\/v2\/product_cat?post=164114"},{"taxonomy":"product_tag","embeddable":true,"href":"https:\/\/baldumarket.lt\/lt\/wp-json\/wp\/v2\/product_tag?post=164114"}],"curies":[{"name":"wp","href":"https:\/\/api.w.org\/{rel}","templated":true}]}}