{"id":164109,"date":"2025-12-19T13:12:59","date_gmt":"2025-12-19T10:12:59","guid":{"rendered":"https:\/\/baldumarket.lt\/product\/toledo-tolt02-stolik-bialy-stirling-oak\/"},"modified":"2026-04-06T20:06:36","modified_gmt":"2026-04-06T17:06:36","slug":"toledo-tolt02-stolik-bialy-stirling-oak","status":"publish","type":"product","link":"https:\/\/baldumarket.lt\/lt\/product\/toledo-tolt02-stolik-bialy-stirling-oak\/","title":{"rendered":"Toledo TOLT02 \u2013 Baltas\/Stirlingo \u0105\u017euolo stalas"},"content":{"rendered":"<p>Atraskite unikal\u0173 elegancijos ir funkcionalumo derin\u012f, kuris puikiai dera prie modernaus interjero \u2013 atraskite \u201eToledo TOLT02\u201c \u0161onin\u012f staliuk\u0105 baltos\/Stirlingo \u0105\u017euolo spalvos. Jo nesenstantis dizainas ir rafinuota apdaila neabejotinai taps bet kurio svetain\u0117s, knyg\u0173 lentynos ar skaityklos traukos centru. Stalo matmenys \u2013 110 cm plo\u010dio, 42,5 cm auk\u0161\u010dio ir 70 cm gylio \u2013 suteikia erdv\u0173 stalvir\u0161\u012f, pagamint\u0105 i\u0161 auk\u0161tos kokyb\u0117s MDF, puikiai tinkant\u012f u\u017ekand\u017eiams vakaro filmui sud\u0117lioti ar eleganti\u0161kai eksponuoti m\u0117gstamas dekoracijas. Be to, harmoningas Stirlingo \u0105\u017euolo atspalvis suteikia subtil\u0173 nat\u016bralios \u0161ilumos prisilietim\u0105, puikiai papildydamas gryn\u0105 balt\u0105 spalv\u0105 ir sukurdamas harmonijos bei modernumo atmosfer\u0105. \u0160is tvirtas stalas, pagamintas i\u0161 auk\u0161tos kokyb\u0117s med\u017eiag\u0173, toki\u0173 kaip laminuota plok\u0161t\u0117 ir MDF, garantuoja patvarum\u0105 ir atsparum\u0105 kasdieniam naudojimui. Nesvarbu, ar ant jo pad\u0117site kar\u0161tus g\u0117rimus, ar sunkius albumus, galite b\u016bti tikri, kad \u201eToledo TOLT02\u201c pateisins j\u016bs\u0173 l\u016bkes\u010dius.<\/p>","protected":false},"excerpt":{"rendered":"<p>Plotis (cm): 110<br \/>\n\u016agis (cm): 42,5<br \/>\nGylis (cm): 70<\/p>","protected":false},"featured_media":164110,"comment_status":"open","ping_status":"open","template":"","meta":[],"product_brand":[],"product_cat":[9499,866,4107],"product_tag":[],"class_list":{"0":"post-164109","1":"product","2":"type-product","3":"status-publish","4":"has-post-thumbnail","6":"product_cat-furniture-system-toledo-wojcik-meble","7":"product_cat-coffee-tables","8":"product_cat-meble-wojcik","10":"first","11":"instock","12":"purchasable","13":"product-type-simple"},"_links":{"self":[{"href":"https:\/\/baldumarket.lt\/lt\/wp-json\/wp\/v2\/product\/164109","targetHints":{"allow":["GET"]}}],"collection":[{"href":"https:\/\/baldumarket.lt\/lt\/wp-json\/wp\/v2\/product"}],"about":[{"href":"https:\/\/baldumarket.lt\/lt\/wp-json\/wp\/v2\/types\/product"}],"replies":[{"embeddable":true,"href":"https:\/\/baldumarket.lt\/lt\/wp-json\/wp\/v2\/comments?post=164109"}],"wp:featuredmedia":[{"embeddable":true,"href":"https:\/\/baldumarket.lt\/lt\/wp-json\/wp\/v2\/media\/164110"}],"wp:attachment":[{"href":"https:\/\/baldumarket.lt\/lt\/wp-json\/wp\/v2\/media?parent=164109"}],"wp:term":[{"taxonomy":"product_brand","embeddable":true,"href":"https:\/\/baldumarket.lt\/lt\/wp-json\/wp\/v2\/product_brand?post=164109"},{"taxonomy":"product_cat","embeddable":true,"href":"https:\/\/baldumarket.lt\/lt\/wp-json\/wp\/v2\/product_cat?post=164109"},{"taxonomy":"product_tag","embeddable":true,"href":"https:\/\/baldumarket.lt\/lt\/wp-json\/wp\/v2\/product_tag?post=164109"}],"curies":[{"name":"wp","href":"https:\/\/api.w.org\/{rel}","templated":true}]}}