{"id":164103,"date":"2025-12-19T13:12:46","date_gmt":"2025-12-19T10:12:46","guid":{"rendered":"https:\/\/baldumarket.lt\/product\/summer-typ-71-stolik-san-remo-jasny\/"},"modified":"2026-02-09T10:54:08","modified_gmt":"2026-02-09T07:54:08","slug":"summer-typ-71-stolik-san-remo-jasny","status":"publish","type":"product","link":"https:\/\/baldumarket.lt\/lt\/product\/summer-typ-71-stolik-san-remo-jasny\/","title":{"rendered":"\u201eSummer TYPE 71\u201c \u2013 San Remo \u0161viesos staliukas"},"content":{"rendered":"<p>Atraskite modern\u0173 dizain\u0105 ir funkcionalum\u0105 viename \u2013 pristatome \u201eSummer TYPE 71 \u2013 Light San Remo\u201c stal\u0105, kuris puikiai tiks tiek ma\u017euose, tiek dideliuose kambariuose ir taps pagrindiniu j\u016bs\u0173 interjero elementu. D\u0117l kompakti\u0161k\u0173 matmen\u0173: plo\u010dio 75 cm, auk\u0161\u010dio 48 cm ir gylio 75 cm, stalas puikiai tinka tiek ma\u017eesn\u0117ms svetain\u0117ms, tiek jaukiems poilsio kampeliams. Stilinga \u201eLight San Remo\u201c spalva imituoja nat\u016brali\u0105 med\u017eio spalv\u0105, suteikdama baldui \u0161ilt\u0105 ir eleganti\u0161k\u0105 i\u0161vaizd\u0105, i\u0161laikant nat\u016bral\u0173 charakter\u012f. Pagamintas i\u0161 patvarios, auk\u0161tos kokyb\u0117s MDF laminuotos plok\u0161t\u0117s, \u201eSummer TYPE 71\u201c stalas yra labai patvarus kasdieniam naudojimui. Be to, kasdieniai \u012fbr\u0117\u017eimai, atsitiktiniai sm\u016bgiai ar dr\u0117gm\u0117 nepakenks jo puikiai i\u0161vaizdai, \u012frodydami panaudot\u0173 med\u017eiag\u0173 patvarum\u0105. Modern\u0173 stalo stili\u0173 pabr\u0117\u017eia paprastos, geometrin\u0117s formos ir minimalistin\u0117s detal\u0117s. Laminuotos stalvir\u0161iai ir r\u0117mo elementai harmoningai dera su subtiliai kont\u016bruotomis MDF kojel\u0117mis, sukurdami \u0161iuolaiki\u0161k\u0105 ir universal\u0173 estetik\u0105. Stalas taip pat turi prakti\u0161k\u0105 lentyn\u0105, puikiai tinkan\u010di\u0105 laikyti kasdienius daiktus, tokius kaip \u017eurnalai, televizoriaus nuotolinio valdymo pultas ar m\u0117gstami albumai.<\/p>","protected":false},"excerpt":{"rendered":"<p>Plotis (cm): 75<br \/>\n\u016agis (cm): 48<br \/>\nGylis (cm): 75<\/p>","protected":false},"featured_media":164104,"comment_status":"open","ping_status":"open","template":"","meta":[],"product_brand":[],"product_cat":[9467,4107,1934],"product_tag":[],"class_list":{"0":"post-164103","1":"product","2":"type-product","3":"status-publish","4":"has-post-thumbnail","6":"product_cat-furniture-system-summer-wojcik-meble","7":"product_cat-meble-wojcik","8":"product_cat-tables","10":"first","11":"instock","12":"purchasable","13":"product-type-simple"},"_links":{"self":[{"href":"https:\/\/baldumarket.lt\/lt\/wp-json\/wp\/v2\/product\/164103","targetHints":{"allow":["GET"]}}],"collection":[{"href":"https:\/\/baldumarket.lt\/lt\/wp-json\/wp\/v2\/product"}],"about":[{"href":"https:\/\/baldumarket.lt\/lt\/wp-json\/wp\/v2\/types\/product"}],"replies":[{"embeddable":true,"href":"https:\/\/baldumarket.lt\/lt\/wp-json\/wp\/v2\/comments?post=164103"}],"wp:featuredmedia":[{"embeddable":true,"href":"https:\/\/baldumarket.lt\/lt\/wp-json\/wp\/v2\/media\/164104"}],"wp:attachment":[{"href":"https:\/\/baldumarket.lt\/lt\/wp-json\/wp\/v2\/media?parent=164103"}],"wp:term":[{"taxonomy":"product_brand","embeddable":true,"href":"https:\/\/baldumarket.lt\/lt\/wp-json\/wp\/v2\/product_brand?post=164103"},{"taxonomy":"product_cat","embeddable":true,"href":"https:\/\/baldumarket.lt\/lt\/wp-json\/wp\/v2\/product_cat?post=164103"},{"taxonomy":"product_tag","embeddable":true,"href":"https:\/\/baldumarket.lt\/lt\/wp-json\/wp\/v2\/product_tag?post=164103"}],"curies":[{"name":"wp","href":"https:\/\/api.w.org\/{rel}","templated":true}]}}