{"id":164097,"date":"2025-12-19T13:12:32","date_gmt":"2025-12-19T10:12:32","guid":{"rendered":"https:\/\/baldumarket.lt\/product\/summer-typ-75-stol-rozkladany-san-remo-jasny\/"},"modified":"2026-02-09T10:54:08","modified_gmt":"2026-02-09T07:54:08","slug":"summer-typ-75-stol-rozkladany-san-remo-jasny","status":"publish","type":"product","link":"https:\/\/baldumarket.lt\/lt\/product\/summer-typ-75-stol-rozkladany-san-remo-jasny\/","title":{"rendered":"\u201eSummer TYPE 75\u201c \u2013 i\u0161traukiamas \u201eSan Remo\u201c stalinis \u0161viestuvas"},"content":{"rendered":"<p>Suteikite savo interjerui modernumo ir funkcionalumo su m\u016bs\u0173 \u201eSummer TYP 75\u201c stalu, apdailintu \u0161ilta \u201eLight San Remo\u201c spalva. \u0160is gaminys atstovauja stal\u0173 kategorijai, kurie yra pagrindiniai bet kurio valgomojo ar svetain\u0117s elementai, tarnaujantys kaip socialinio gyvenimo centras namuose. \u201eSummer TYP 75\u201c stalas yra ne tik gra\u017eus, bet ir i\u0161skirtinai prakti\u0161kas. Jo matmenys \u2013 140 cm plo\u010dio ir 85 cm gylio \u2013 suteikia patogi\u0105 erdv\u0119 kasdieniams visos \u0161eimos valgiams. \u0160vent\u0117se ar didesniuose susib\u016brimuose patogus sinchroninis b\u0117gelis leid\u017eia stalvir\u0161\u012f lengvai prailginti iki 180 cm, sukuriant papildom\u0105 erdv\u0119, reikaling\u0105 daugiau sve\u010di\u0173 susodinti ar i\u0161skirtiniams patiekalams patiekti. \u201eLight San Remo\u201c spalva yra eleganti\u0161kas ir nat\u016bralus pasirinkimas, kuris lengvai der\u0117s prie \u012fvairi\u0173 interjero dizain\u0173. Subtilus atspalvis ir medienos ra\u0161tas suteikia stalui rafinuot\u0105 i\u0161vaizd\u0105 ir leid\u017eia j\u012f naudoti \u012fvairiuose stiliuose \u2013 nuo klasikinio iki modernaus. \u201eSummer TYP 75\u201c \u2013 tai baldas, kuris d\u0117l savo spalv\u0173 ir apdailos i\u0161lieka gaivus ir nesenstantis.<\/p>","protected":false},"excerpt":{"rendered":"<p>Plotis (cm): 140\u2013180<br \/>\n\u016agis (cm): 77<br \/>\nGylis (cm): 85<\/p>","protected":false},"featured_media":164098,"comment_status":"open","ping_status":"open","template":"","meta":[],"product_brand":[],"product_cat":[9467,4107,1934],"product_tag":[],"class_list":{"0":"post-164097","1":"product","2":"type-product","3":"status-publish","4":"has-post-thumbnail","6":"product_cat-furniture-system-summer-wojcik-meble","7":"product_cat-meble-wojcik","8":"product_cat-tables","10":"first","11":"instock","12":"purchasable","13":"product-type-simple"},"_links":{"self":[{"href":"https:\/\/baldumarket.lt\/lt\/wp-json\/wp\/v2\/product\/164097","targetHints":{"allow":["GET"]}}],"collection":[{"href":"https:\/\/baldumarket.lt\/lt\/wp-json\/wp\/v2\/product"}],"about":[{"href":"https:\/\/baldumarket.lt\/lt\/wp-json\/wp\/v2\/types\/product"}],"replies":[{"embeddable":true,"href":"https:\/\/baldumarket.lt\/lt\/wp-json\/wp\/v2\/comments?post=164097"}],"wp:featuredmedia":[{"embeddable":true,"href":"https:\/\/baldumarket.lt\/lt\/wp-json\/wp\/v2\/media\/164098"}],"wp:attachment":[{"href":"https:\/\/baldumarket.lt\/lt\/wp-json\/wp\/v2\/media?parent=164097"}],"wp:term":[{"taxonomy":"product_brand","embeddable":true,"href":"https:\/\/baldumarket.lt\/lt\/wp-json\/wp\/v2\/product_brand?post=164097"},{"taxonomy":"product_cat","embeddable":true,"href":"https:\/\/baldumarket.lt\/lt\/wp-json\/wp\/v2\/product_cat?post=164097"},{"taxonomy":"product_tag","embeddable":true,"href":"https:\/\/baldumarket.lt\/lt\/wp-json\/wp\/v2\/product_tag?post=164097"}],"curies":[{"name":"wp","href":"https:\/\/api.w.org\/{rel}","templated":true}]}}