{"id":164091,"date":"2025-12-19T13:12:18","date_gmt":"2025-12-19T10:12:18","guid":{"rendered":"https:\/\/baldumarket.lt\/product\/summer-typ-61-polka-wiszaca-san-remo-jasna\/"},"modified":"2026-04-06T20:06:23","modified_gmt":"2026-04-06T17:06:23","slug":"summer-typ-61-polka-wiszaca-san-remo-jasna","status":"publish","type":"product","link":"https:\/\/baldumarket.lt\/lt\/product\/summer-typ-61-polka-wiszaca-san-remo-jasna\/","title":{"rendered":"\u201eSummer TYPE 61\u201c \u2013 pakabinama lentyn\u0117l\u0117 \u201eSan Remo\u201c \u0161viestuvui"},"content":{"rendered":"<p>Atraskite \u201eSummer TYPE 61 \u2013 Light San Remo\u201c lentyn\u0105 \u2013 tai interjero dizaino raktas, kuris jus prad\u017eiugins paprastumu ir funkcionalumu. \u0160i lentyna derina modern\u0173 dizain\u0105 su nat\u016braliomis spalvomis, sukurdama tobul\u0105 fon\u0105 j\u016bs\u0173 knygoms, papuo\u0161alams ar r\u0117meliams su m\u0117gstamomis nuotraukomis. Pagaminta i\u0161 auk\u0161\u010diausios kokyb\u0117s laminuotos plok\u0161t\u0117s, kurios plotis \u2013 150 cm, auk\u0161tis \u2013 6 cm, o gylis \u2013 25 cm, \u201eSummer TYPE 61\u201c lentyna yra sukurta ilgam tarnavimui. Be eleganti\u0161kos i\u0161vaizdos, laminuota med\u017eio dro\u017eli\u0173 plok\u0161t\u0117 yra atspari pa\u017eeidimams ir \u012fbr\u0117\u017eimams, taip pat dr\u0117gmei ir auk\u0161tai temperat\u016brai. \u0160viesi San Remo spalva puikiai dera su daugeliu sien\u0173 ir bald\u0173 spalv\u0173, suteikdama interjerui \u0161ilt\u0105, jauki\u0105 atmosfer\u0105. Modernus \u0161ios lentynos stilius yra minimalizmo ir elegancijos sinonimas, puikiai atitinkantis naujausias dizaino tendencijas. \u201eSummer TYPE 61\u201c lentyn\u0105 itin lengva sumontuoti \u2013 pridedami tvirtinimo elementai leid\u017eia j\u0105 pakabinti bet kokiame auk\u0161tyje, nepriklausomai nuo to, ar tai betonin\u0117, ar bet kokio kito tipo siena.<\/p>","protected":false},"excerpt":{"rendered":"<p>Plotis (cm): 150<br \/>\n\u016agis (cm): 6<br \/>\nGylis (cm): 25<\/p>","protected":false},"featured_media":164092,"comment_status":"open","ping_status":"open","template":"","meta":[],"product_brand":[],"product_cat":[9467,1174,4107],"product_tag":[],"class_list":{"0":"post-164091","1":"product","2":"type-product","3":"status-publish","4":"has-post-thumbnail","6":"product_cat-furniture-system-summer-wojcik-meble","7":"product_cat-hanging-shelves","8":"product_cat-meble-wojcik","10":"first","11":"instock","12":"purchasable","13":"product-type-simple"},"_links":{"self":[{"href":"https:\/\/baldumarket.lt\/lt\/wp-json\/wp\/v2\/product\/164091","targetHints":{"allow":["GET"]}}],"collection":[{"href":"https:\/\/baldumarket.lt\/lt\/wp-json\/wp\/v2\/product"}],"about":[{"href":"https:\/\/baldumarket.lt\/lt\/wp-json\/wp\/v2\/types\/product"}],"replies":[{"embeddable":true,"href":"https:\/\/baldumarket.lt\/lt\/wp-json\/wp\/v2\/comments?post=164091"}],"wp:featuredmedia":[{"embeddable":true,"href":"https:\/\/baldumarket.lt\/lt\/wp-json\/wp\/v2\/media\/164092"}],"wp:attachment":[{"href":"https:\/\/baldumarket.lt\/lt\/wp-json\/wp\/v2\/media?parent=164091"}],"wp:term":[{"taxonomy":"product_brand","embeddable":true,"href":"https:\/\/baldumarket.lt\/lt\/wp-json\/wp\/v2\/product_brand?post=164091"},{"taxonomy":"product_cat","embeddable":true,"href":"https:\/\/baldumarket.lt\/lt\/wp-json\/wp\/v2\/product_cat?post=164091"},{"taxonomy":"product_tag","embeddable":true,"href":"https:\/\/baldumarket.lt\/lt\/wp-json\/wp\/v2\/product_tag?post=164091"}],"curies":[{"name":"wp","href":"https:\/\/api.w.org\/{rel}","templated":true}]}}