{"id":164085,"date":"2025-12-19T13:12:06","date_gmt":"2025-12-19T10:12:06","guid":{"rendered":"https:\/\/baldumarket.lt\/product\/summer-typ-43-witryna-3d-3s-san-remo-jasna-arusha\/"},"modified":"2026-04-06T20:06:23","modified_gmt":"2026-04-06T17:06:23","slug":"summer-typ-43-witryna-3d-3s-san-remo-jasna-arusha","status":"publish","type":"product","link":"https:\/\/baldumarket.lt\/lt\/product\/summer-typ-43-witryna-3d-3s-san-remo-jasna-arusha\/","title":{"rendered":"\u201eSummer TYP 43\u201c \u2013 vitrina 3D-3S San Remo Bright\/Aru\u0161a"},"content":{"rendered":"<p>Atraskite unikal\u0173 elegancijos ir funkcionalumo derin\u012f \u2013 \u201eSummer TYPE 43\u201c vitrin\u0105, kuri veiksmingai pagyvins j\u016bs\u0173 interjero erdv\u0119. Tai ne tik daikt\u0173 laikymo spintel\u0117, bet ir tikra bet kurio kambario puo\u0161mena. Si\u016blome \u201eSan Remo Light\u201c ir \u201eArusha\u201c spalv\u0173 spinteles, kurios puikiai dera su dabartin\u0117mis interjero dizaino tendencijomis. D\u0117l meistri\u0161ko moderni\u0173 med\u017eiag\u0173, toki\u0173 kaip laminuota plok\u0161t\u0117 ir MDF, derinio \u201eSummer TYPE 43\u201c vitrina yra labai atspari kasdieniam naudojimui. Nat\u016brali\u0173 atspalvi\u0173 apdaila suteikia jai \u0161ilt\u0105, jauk\u0173 poj\u016bt\u012f, o bendr\u0105 dizain\u0105 papildo prakti\u0161ka ir esteti\u0161kai patraukli apdaila. \u201eSummer TYPE 43\u201c vitrinos matmenys \u2013 150 cm plo\u010dio, 92,1 cm auk\u0161\u010dio ir 39,9 cm gylio \u2013 garantuoja puiki\u0105 talp\u0105 ir funkcionalum\u0105. Spintel\u0117je yra \u0161e\u0161ios erdvios lentynos, i\u0161 kuri\u0173 keturios eleganti\u0161kai pasl\u0117ptos u\u017e tvirt\u0173 fasad\u0173, tod\u0117l puikiai tinka daiktams, kuriuos norite laikyti nematomus. Dvi papildomos lentynos u\u017e stiklinio fasado leid\u017eia eksponuoti dekoracijas ar stalo \u012frankius, tod\u0117l baldas yra itin prakti\u0161kas sprendimas.<\/p>","protected":false},"excerpt":{"rendered":"<p>Plotis (cm): 150<br \/>\n\u016agis (cm): 92,1<br \/>\nGylis (cm): 39,9<\/p>","protected":false},"featured_media":164086,"comment_status":"open","ping_status":"open","template":"","meta":[],"product_brand":[],"product_cat":[9467,4107,2006],"product_tag":[],"class_list":{"0":"post-164085","1":"product","2":"type-product","3":"status-publish","4":"has-post-thumbnail","6":"product_cat-furniture-system-summer-wojcik-meble","7":"product_cat-meble-wojcik","8":"product_cat-vitrines","10":"first","11":"instock","12":"purchasable","13":"product-type-simple"},"_links":{"self":[{"href":"https:\/\/baldumarket.lt\/lt\/wp-json\/wp\/v2\/product\/164085","targetHints":{"allow":["GET"]}}],"collection":[{"href":"https:\/\/baldumarket.lt\/lt\/wp-json\/wp\/v2\/product"}],"about":[{"href":"https:\/\/baldumarket.lt\/lt\/wp-json\/wp\/v2\/types\/product"}],"replies":[{"embeddable":true,"href":"https:\/\/baldumarket.lt\/lt\/wp-json\/wp\/v2\/comments?post=164085"}],"wp:featuredmedia":[{"embeddable":true,"href":"https:\/\/baldumarket.lt\/lt\/wp-json\/wp\/v2\/media\/164086"}],"wp:attachment":[{"href":"https:\/\/baldumarket.lt\/lt\/wp-json\/wp\/v2\/media?parent=164085"}],"wp:term":[{"taxonomy":"product_brand","embeddable":true,"href":"https:\/\/baldumarket.lt\/lt\/wp-json\/wp\/v2\/product_brand?post=164085"},{"taxonomy":"product_cat","embeddable":true,"href":"https:\/\/baldumarket.lt\/lt\/wp-json\/wp\/v2\/product_cat?post=164085"},{"taxonomy":"product_tag","embeddable":true,"href":"https:\/\/baldumarket.lt\/lt\/wp-json\/wp\/v2\/product_tag?post=164085"}],"curies":[{"name":"wp","href":"https:\/\/api.w.org\/{rel}","templated":true}]}}