{"id":164079,"date":"2025-12-19T13:11:53","date_gmt":"2025-12-19T10:11:53","guid":{"rendered":"https:\/\/baldumarket.lt\/product\/summer-typ-32-witryna-niska-3-drzwiowa-san-remo-jasna-arusha\/"},"modified":"2026-04-06T20:06:23","modified_gmt":"2026-04-06T17:06:23","slug":"summer-typ-32-witryna-niska-3-drzwiowa-san-remo-jasna-arusha","status":"publish","type":"product","link":"https:\/\/baldumarket.lt\/lt\/product\/summer-typ-32-witryna-niska-3-drzwiowa-san-remo-jasna-arusha\/","title":{"rendered":"\u201eSummer TYPE 32\u201c \u2013 \u017eema trij\u0173 dur\u0173 vitrina \u201eSan Remo Bright\/Arusha\u201c"},"content":{"rendered":"<p>Atraskite funkcional\u0173 ir nesenstant\u012f \u017eemos vitrinos \u201eSummer TYPE 32\u201c San Remo Light spalvos dizain\u0105, derint\u0105 su Aru\u0161os \u0161iluma \u2013 modernaus stiliaus ir elegancijos kvintesencija. \u0160i prakti\u0161ka ir esteti\u0161ka \u017eema vitrina i\u0161 \u201eSummer\u201c linijos \u2013 puikus pasirinkimas minimalizmo ir nat\u016brali\u0173 ra\u0161t\u0173 m\u0117g\u0117jams. 86 cm plo\u010dio, 130,8 cm auk\u0161\u010dio ir 39,9 cm gylio spintel\u0117 u\u017etikrina optimal\u0173 erdv\u0117s i\u0161naudojim\u0105 d\u0117l trij\u0173 patogi\u0173 dureli\u0173. U\u017e stiklinio fasado esanti vidin\u0117 erdv\u0117 \u2013 puiki vieta eksponuoti m\u0117gstamiausius daiktus \u2013 nuo stalo \u012franki\u0173 iki nieku\u010di\u0173, kurie bus unikal\u016bs. Tuo tarpu \u0161e\u0161ios tvirtos lentynos u\u017e masyvi\u0173 dureli\u0173 u\u017etikrina puik\u0173 kit\u0173 daikt\u0173 laikym\u0105, u\u017etikrinant tvark\u0105 ir organizuotum\u0105. Fasadai pagaminti i\u0161 patvarios ir eleganti\u0161kos MDF plok\u0161t\u0117s, kuri yra labai atspari kasdieniam naudojimui. Laminuotas korpusas garantuoja atsparum\u0105 pa\u017eeidimams, \u012fbr\u0117\u017eimams, dr\u0117gmei ir auk\u0161tai temperat\u016brai. I\u0161skirtin\u0117 frezuota rankena atspindi baldo d\u0117mes\u012f detal\u0117ms ir ergonomik\u0105. D\u0117l \u0161velnaus u\u017edarymo sistemos vyriai ir kreipian\u010diosios leid\u017eia \u0161velniai ir tyliai u\u017edaryti duris, taip padidindami kasdien\u012f komfort\u0105.<\/p>","protected":false},"excerpt":{"rendered":"<p>Plotis (cm): 86<br \/>\n\u016agis (cm): 130,8<br \/>\nGylis (cm): 39,9<\/p>","protected":false},"featured_media":164080,"comment_status":"open","ping_status":"open","template":"","meta":[],"product_brand":[],"product_cat":[9467,4107,2006],"product_tag":[],"class_list":{"0":"post-164079","1":"product","2":"type-product","3":"status-publish","4":"has-post-thumbnail","6":"product_cat-furniture-system-summer-wojcik-meble","7":"product_cat-meble-wojcik","8":"product_cat-vitrines","10":"first","11":"instock","12":"purchasable","13":"product-type-simple"},"_links":{"self":[{"href":"https:\/\/baldumarket.lt\/lt\/wp-json\/wp\/v2\/product\/164079","targetHints":{"allow":["GET"]}}],"collection":[{"href":"https:\/\/baldumarket.lt\/lt\/wp-json\/wp\/v2\/product"}],"about":[{"href":"https:\/\/baldumarket.lt\/lt\/wp-json\/wp\/v2\/types\/product"}],"replies":[{"embeddable":true,"href":"https:\/\/baldumarket.lt\/lt\/wp-json\/wp\/v2\/comments?post=164079"}],"wp:featuredmedia":[{"embeddable":true,"href":"https:\/\/baldumarket.lt\/lt\/wp-json\/wp\/v2\/media\/164080"}],"wp:attachment":[{"href":"https:\/\/baldumarket.lt\/lt\/wp-json\/wp\/v2\/media?parent=164079"}],"wp:term":[{"taxonomy":"product_brand","embeddable":true,"href":"https:\/\/baldumarket.lt\/lt\/wp-json\/wp\/v2\/product_brand?post=164079"},{"taxonomy":"product_cat","embeddable":true,"href":"https:\/\/baldumarket.lt\/lt\/wp-json\/wp\/v2\/product_cat?post=164079"},{"taxonomy":"product_tag","embeddable":true,"href":"https:\/\/baldumarket.lt\/lt\/wp-json\/wp\/v2\/product_tag?post=164079"}],"curies":[{"name":"wp","href":"https:\/\/api.w.org\/{rel}","templated":true}]}}