{"id":164073,"date":"2025-12-19T13:11:40","date_gmt":"2025-12-19T10:11:40","guid":{"rendered":"https:\/\/baldumarket.lt\/product\/summer-typ-01l-witryna-lewostronna-2-drzwiowa-san-remo-jasna-arusha\/"},"modified":"2026-04-06T20:06:23","modified_gmt":"2026-04-06T17:06:23","slug":"summer-typ-01l-witryna-lewostronna-2-drzwiowa-san-remo-jasna-arusha","status":"publish","type":"product","link":"https:\/\/baldumarket.lt\/lt\/product\/summer-typ-01l-witryna-lewostronna-2-drzwiowa-san-remo-jasna-arusha\/","title":{"rendered":"\u201eSummer TYPE 01L\u201c \u2013 pus\u0117s dviej\u0173 dur\u0173 vitrina \u201eSan Remo Bright\/Arusha\u201c"},"content":{"rendered":"<p>Atraskite \u201eSummer TYP 01L\u201c vitrin\u0105 \u2013 bald\u0105, kuris j\u016bs\u0173 interjerui suteiks lengvumo ir elegancijos, \u012fkv\u0117ptos skandinavi\u0161ko dizaino. \u0160is unikalus baldas yra dviej\u0173 subtili\u0173 atspalvi\u0173 \u2013 \u201eLight San Remo\u201c ir \u201eArusha\u201c \u2013 derinys, kuris kartu sukuria harmoning\u0105 visum\u0105, puikiai tinkan\u010di\u0105 tiek moderniam, tiek klasikiniam interjerui. \u201eSummer TYP 01L\u201c vitrina, kurios matmenys \u2013 54 cm plo\u010dio, 196,5 cm auk\u0161\u010dio ir 39,9 cm gylio \u2013 yra puikus sprendimas tiems, kurie vertina optimal\u0173 erdv\u0117s i\u0161naudojim\u0105. Nepaisant kompakti\u0161ko dyd\u017eio, ji si\u016blo ne\u012fkainojam\u0105 funkcionalum\u0105, leid\u017eiant\u012f esteti\u0161kai eksponuoti jums ypa\u010d vertingus daiktus. \u201eArusha\u201c spalvos priekin\u0117 dalis, pagaminta i\u0161 auk\u0161\u010diausios kokyb\u0117s MDF, garantuoja patvarum\u0105 ir atsparum\u0105 kasdieniam naudojimui. B\u016btent \u010dia yra stiklin\u0117 dalis, pagaminta i\u0161 gr\u016bdinto stiklo, kuri ne tik esteti\u0161kai pateikia turin\u012f, bet ir padidina naudotojo saugum\u0105.<\/p>","protected":false},"excerpt":{"rendered":"<p>Plotis (cm): 54<br \/>\n\u016agis (cm): 196,5<br \/>\nGylis (cm): 39,9<\/p>","protected":false},"featured_media":164074,"comment_status":"open","ping_status":"open","template":"","meta":[],"product_brand":[],"product_cat":[9467,4107,2006],"product_tag":[],"class_list":{"0":"post-164073","1":"product","2":"type-product","3":"status-publish","4":"has-post-thumbnail","6":"product_cat-furniture-system-summer-wojcik-meble","7":"product_cat-meble-wojcik","8":"product_cat-vitrines","10":"first","11":"instock","12":"purchasable","13":"product-type-simple"},"_links":{"self":[{"href":"https:\/\/baldumarket.lt\/lt\/wp-json\/wp\/v2\/product\/164073","targetHints":{"allow":["GET"]}}],"collection":[{"href":"https:\/\/baldumarket.lt\/lt\/wp-json\/wp\/v2\/product"}],"about":[{"href":"https:\/\/baldumarket.lt\/lt\/wp-json\/wp\/v2\/types\/product"}],"replies":[{"embeddable":true,"href":"https:\/\/baldumarket.lt\/lt\/wp-json\/wp\/v2\/comments?post=164073"}],"wp:featuredmedia":[{"embeddable":true,"href":"https:\/\/baldumarket.lt\/lt\/wp-json\/wp\/v2\/media\/164074"}],"wp:attachment":[{"href":"https:\/\/baldumarket.lt\/lt\/wp-json\/wp\/v2\/media?parent=164073"}],"wp:term":[{"taxonomy":"product_brand","embeddable":true,"href":"https:\/\/baldumarket.lt\/lt\/wp-json\/wp\/v2\/product_brand?post=164073"},{"taxonomy":"product_cat","embeddable":true,"href":"https:\/\/baldumarket.lt\/lt\/wp-json\/wp\/v2\/product_cat?post=164073"},{"taxonomy":"product_tag","embeddable":true,"href":"https:\/\/baldumarket.lt\/lt\/wp-json\/wp\/v2\/product_tag?post=164073"}],"curies":[{"name":"wp","href":"https:\/\/api.w.org\/{rel}","templated":true}]}}