{"id":164067,"date":"2025-12-19T13:11:27","date_gmt":"2025-12-19T10:11:27","guid":{"rendered":"https:\/\/baldumarket.lt\/product\/summer-typ-01p-witryna-prawostronna-2-drzwiowa-san-remo-jasna-arusha\/"},"modified":"2026-04-06T20:06:23","modified_gmt":"2026-04-06T17:06:23","slug":"summer-typ-01p-witryna-prawostronna-2-drzwiowa-san-remo-jasna-arusha","status":"publish","type":"product","link":"https:\/\/baldumarket.lt\/lt\/product\/summer-typ-01p-witryna-prawostronna-2-drzwiowa-san-remo-jasna-arusha\/","title":{"rendered":"\u201eSummer TYPE 01P\u201c \u2013 de\u0161inin\u0117 2 dur\u0173 vitrina \u201eSan Remo Bright\/Arusha\u201c"},"content":{"rendered":"<p>Pristatome eleganti\u0161k\u0105 \u201eSummer TYPE 01P\u201c dvidur\u0119 vitrin\u0105, harmoningai derinam\u0105 \u201eLight San Remo\u201c spalvos su subtiliu \u201eArusha\u201c akcentu, kuri puikiai dera prie \u0161iuolaikinio interjero, ie\u0161kan\u010dio \u0161ilumos. \u0160i erdvi vitrina, kurios plotis \u2013 54 cm, auk\u0161tis \u2013 196,5 cm, o gylis \u2013 39,9 cm, yra ne tik funkcionali, bet ir stilingas bet kurio eleganti\u0161ko svetain\u0117s ar valgomojo akcentas. Spintel\u0117s korpusas pagamintas i\u0161 auk\u0161tos kokyb\u0117s laminuotos med\u017eio dro\u017eli\u0173 plok\u0161t\u0117s, u\u017etikrinan\u010dios patvarum\u0105 kasdieniam naudojimui ir lengv\u0105 prie\u017ei\u016br\u0105. MDF fasadai ne tik traukia d\u0117mes\u012f gra\u017eia spalva, bet ir yra atspar\u016bs \u012fbr\u0117\u017eimams bei dr\u0117gmei. Be to, \u0161velnaus u\u017edarymo vyri\u0173 sistema u\u017etikrina tyl\u0173 ir \u0161veln\u0173 dureli\u0173 u\u017edarym\u0105, padidindama kasdienio naudojimo malonum\u0105. Modern\u0173 spintel\u0117s charakter\u012f pabr\u0117\u017eia sistema be ranken\u0117li\u0173 ir subtiliai frezuotos rankenos, kurios suteikia \u201eSummer TYPE 01P\u201c vitrinai subtilios elegancijos. Be to, tvirtos plastikin\u0117s kojel\u0117s u\u017etikrina stabilum\u0105 ir apsaugo grindis nuo \u012fbr\u0117\u017eim\u0173.<\/p>","protected":false},"excerpt":{"rendered":"<p>Plotis (cm): 54<br \/>\n\u016agis (cm): 196,5<br \/>\nGylis (cm): 39,9<\/p>","protected":false},"featured_media":164068,"comment_status":"open","ping_status":"open","template":"","meta":[],"product_brand":[],"product_cat":[9467,4107,2006],"product_tag":[],"class_list":{"0":"post-164067","1":"product","2":"type-product","3":"status-publish","4":"has-post-thumbnail","6":"product_cat-furniture-system-summer-wojcik-meble","7":"product_cat-meble-wojcik","8":"product_cat-vitrines","10":"first","11":"instock","12":"purchasable","13":"product-type-simple"},"_links":{"self":[{"href":"https:\/\/baldumarket.lt\/lt\/wp-json\/wp\/v2\/product\/164067","targetHints":{"allow":["GET"]}}],"collection":[{"href":"https:\/\/baldumarket.lt\/lt\/wp-json\/wp\/v2\/product"}],"about":[{"href":"https:\/\/baldumarket.lt\/lt\/wp-json\/wp\/v2\/types\/product"}],"replies":[{"embeddable":true,"href":"https:\/\/baldumarket.lt\/lt\/wp-json\/wp\/v2\/comments?post=164067"}],"wp:featuredmedia":[{"embeddable":true,"href":"https:\/\/baldumarket.lt\/lt\/wp-json\/wp\/v2\/media\/164068"}],"wp:attachment":[{"href":"https:\/\/baldumarket.lt\/lt\/wp-json\/wp\/v2\/media?parent=164067"}],"wp:term":[{"taxonomy":"product_brand","embeddable":true,"href":"https:\/\/baldumarket.lt\/lt\/wp-json\/wp\/v2\/product_brand?post=164067"},{"taxonomy":"product_cat","embeddable":true,"href":"https:\/\/baldumarket.lt\/lt\/wp-json\/wp\/v2\/product_cat?post=164067"},{"taxonomy":"product_tag","embeddable":true,"href":"https:\/\/baldumarket.lt\/lt\/wp-json\/wp\/v2\/product_tag?post=164067"}],"curies":[{"name":"wp","href":"https:\/\/api.w.org\/{rel}","templated":true}]}}