{"id":164061,"date":"2025-12-19T13:11:13","date_gmt":"2025-12-19T10:11:13","guid":{"rendered":"https:\/\/baldumarket.lt\/product\/summer-typ-06-witryna-3-drzwiowa-san-remo-jasna-arusha\/"},"modified":"2026-02-09T10:54:16","modified_gmt":"2026-02-09T07:54:16","slug":"summer-typ-06-witryna-3-drzwiowa-san-remo-jasna-arusha","status":"publish","type":"product","link":"https:\/\/baldumarket.lt\/lt\/product\/summer-typ-06-witryna-3-drzwiowa-san-remo-jasna-arusha\/","title":{"rendered":"VASAROS PATARIMAS 06 \u2013 3 dur\u0173 vitrina San Remo Bright\/Arusha"},"content":{"rendered":"<p>Pristatome unikal\u0173 bald\u0105, kuris taps ne tik funkcionaliu interjero dizaino elementu, bet ir nepakei\u010diamu j\u016bs\u0173 vakar\u0173 ir \u0161eimos susib\u016brim\u0173 palydovu \u2013 trij\u0173 dur\u0173 vitrin\u0105 i\u0161 \u201eSummer TYPE 06\u201c kolekcijos, \u201eSan Remo Light\/Arusha\u201c spalv\u0173 gamos, skirt\u0105 stilingoms, modernioms svetain\u0117ms. \u201eSummer TYPE 06\u201c vitrina derina klasikin\u012f gro\u017e\u012f su moderniu dizainu. Galima \u012fsigyti \u0161i\u0173 matmen\u0173: plotis: 86 cm, auk\u0161tis: 196,5 cm, gylis: 39,9 cm, tod\u0117l ji puikiai tiks tiek ma\u017euose, tiek dideliuose kambariuose, leisdama optimaliai valdyti erdv\u0119. Pagaminti i\u0161 auk\u0161\u010diausios kokyb\u0117s med\u017eiag\u0173 \u2013 laminuotos plok\u0161t\u0117s ir MDF \u2013 gaminiai garantuoja ilgaam\u017ei\u0161kum\u0105 ir atsparum\u0105 kasdieniam naudojimui. Laminuota plok\u0161t\u0117 yra atspari pa\u017eeidimams, \u012fbr\u0117\u017eimams, dr\u0117gmei ir auk\u0161tai temperat\u016brai, o MDF fasadai u\u017etikrina eleganti\u0161k\u0105 i\u0161vaizd\u0105 ir tvirt\u0105 konstrukcij\u0105. Dekoratyvin\u0117s detal\u0117s, pagamintos i\u0161 laminuotos med\u017eio dro\u017eli\u0173 plok\u0161t\u0117s, padidina vitrinos estetin\u0119 vert\u0119, sukurdamos darni\u0105 ir eleganti\u0161k\u0105 visum\u0105.<\/p>","protected":false},"excerpt":{"rendered":"<p>Plotis (cm): 86<br \/>\n\u016agis (cm): 196,5<br \/>\nGylis (cm): 39,9<\/p>","protected":false},"featured_media":164062,"comment_status":"open","ping_status":"open","template":"","meta":[],"product_brand":[],"product_cat":[9467,4107,2006],"product_tag":[],"class_list":{"0":"post-164061","1":"product","2":"type-product","3":"status-publish","4":"has-post-thumbnail","6":"product_cat-furniture-system-summer-wojcik-meble","7":"product_cat-meble-wojcik","8":"product_cat-vitrines","10":"first","11":"instock","12":"purchasable","13":"product-type-simple"},"_links":{"self":[{"href":"https:\/\/baldumarket.lt\/lt\/wp-json\/wp\/v2\/product\/164061","targetHints":{"allow":["GET"]}}],"collection":[{"href":"https:\/\/baldumarket.lt\/lt\/wp-json\/wp\/v2\/product"}],"about":[{"href":"https:\/\/baldumarket.lt\/lt\/wp-json\/wp\/v2\/types\/product"}],"replies":[{"embeddable":true,"href":"https:\/\/baldumarket.lt\/lt\/wp-json\/wp\/v2\/comments?post=164061"}],"wp:featuredmedia":[{"embeddable":true,"href":"https:\/\/baldumarket.lt\/lt\/wp-json\/wp\/v2\/media\/164062"}],"wp:attachment":[{"href":"https:\/\/baldumarket.lt\/lt\/wp-json\/wp\/v2\/media?parent=164061"}],"wp:term":[{"taxonomy":"product_brand","embeddable":true,"href":"https:\/\/baldumarket.lt\/lt\/wp-json\/wp\/v2\/product_brand?post=164061"},{"taxonomy":"product_cat","embeddable":true,"href":"https:\/\/baldumarket.lt\/lt\/wp-json\/wp\/v2\/product_cat?post=164061"},{"taxonomy":"product_tag","embeddable":true,"href":"https:\/\/baldumarket.lt\/lt\/wp-json\/wp\/v2\/product_tag?post=164061"}],"curies":[{"name":"wp","href":"https:\/\/api.w.org\/{rel}","templated":true}]}}