{"id":164055,"date":"2025-12-19T13:11:00","date_gmt":"2025-12-19T10:11:00","guid":{"rendered":"https:\/\/baldumarket.lt\/product\/shetland-typ-61-polka-wiszaca-dab-shetland-szara\/"},"modified":"2026-04-06T20:06:23","modified_gmt":"2026-04-06T17:06:23","slug":"shetland-typ-61-polka-wiszaca-dab-shetland-szara","status":"publish","type":"product","link":"https:\/\/baldumarket.lt\/lt\/product\/shetland-typ-61-polka-wiszaca-dab-shetland-szara\/","title":{"rendered":"Shetland TYPE 61 &#8211; Pakabinama lentyna, Shetland \u0105\u017euolas\/pilka"},"content":{"rendered":"<p>Atraskite modern\u0173 elegancij\u0105 ir funkcionalum\u0105 viename \u2013 \u201eShetland TYPE 61\u201c lentyna, prakti\u0161ko dizaino simbolis, puikiai tinkantis bet kokiam moderniam interjerui. Jos matmenys (plotis: 136 cm, auk\u0161tis: 30 cm, gylis: 25 cm) leid\u017eia efektyviai i\u0161naudoti erdv\u0119, tod\u0117l ji yra ne tik stilingas, bet ir prakti\u0161kas j\u016bs\u0173 nam\u0173 papildymas. Pagaminta i\u0161 auk\u0161tos kokyb\u0117s laminuotos plok\u0161t\u0117s, primenan\u010dios nat\u016bralaus \u0160etlando \u0105\u017euolo tekst\u016br\u0105 ir \u0161ilum\u0105, \u0161i lentyna spinduliuoja ramia, nat\u016bralia spalva, kuri dera prie daugelio interjero spalv\u0173 pale\u010di\u0173. Pilki akcentai suteikia dizainui \u0161iuolaiki\u0161kumo, i\u0161skirtin\u012f, modern\u0173 vaizd\u0105. Nesvarbu, ar tai b\u016bt\u0173 svetain\u0117, miegamasis, ar biuras \u2013 \u0161i lentyna ras savo viet\u0105, suteikdama gaivumo ir nesenstan\u010dio gro\u017eio. Kiekvienas i\u0161 trij\u0173 prakti\u0161k\u0173 skyri\u0173, taip pat pagamintas i\u0161 patvarios laminuotos med\u017eio dro\u017eli\u0173 plok\u0161t\u0117s, leid\u017eia individualiai i\u0161d\u0117styti erdv\u0119. Juose galite laikyti knygas, m\u0117gstamus kompaktinius diskus, dekoracijas ar kitus asmeninius daiktus, sukurdami unikali\u0105 kompozicij\u0105, atspindin\u010di\u0105 j\u016bs\u0173 stili\u0173 ir asmenyb\u0119. Lentynos \u0161onin\u0117s ir vidin\u0117s sienel\u0117s ne tik atrodo esteti\u0161kai, bet ir atlieka praktin\u0119 funkcij\u0105 \u2013 jos neleid\u017eia daiktams apvirsti, o tai itin patogu ir saugu.<\/p>","protected":false},"excerpt":{"rendered":"<p>Plotis (cm): 136<br \/>\n\u016agis (cm): 30<br \/>\nGylis (cm): 25<\/p>","protected":false},"featured_media":164056,"comment_status":"open","ping_status":"open","template":"","meta":[],"product_brand":[],"product_cat":[9465,1174,4107],"product_tag":[],"class_list":{"0":"post-164055","1":"product","2":"type-product","3":"status-publish","4":"has-post-thumbnail","6":"product_cat-furniture-system-shetland-wojcik-meble","7":"product_cat-hanging-shelves","8":"product_cat-meble-wojcik","10":"first","11":"instock","12":"purchasable","13":"product-type-simple"},"_links":{"self":[{"href":"https:\/\/baldumarket.lt\/lt\/wp-json\/wp\/v2\/product\/164055","targetHints":{"allow":["GET"]}}],"collection":[{"href":"https:\/\/baldumarket.lt\/lt\/wp-json\/wp\/v2\/product"}],"about":[{"href":"https:\/\/baldumarket.lt\/lt\/wp-json\/wp\/v2\/types\/product"}],"replies":[{"embeddable":true,"href":"https:\/\/baldumarket.lt\/lt\/wp-json\/wp\/v2\/comments?post=164055"}],"wp:featuredmedia":[{"embeddable":true,"href":"https:\/\/baldumarket.lt\/lt\/wp-json\/wp\/v2\/media\/164056"}],"wp:attachment":[{"href":"https:\/\/baldumarket.lt\/lt\/wp-json\/wp\/v2\/media?parent=164055"}],"wp:term":[{"taxonomy":"product_brand","embeddable":true,"href":"https:\/\/baldumarket.lt\/lt\/wp-json\/wp\/v2\/product_brand?post=164055"},{"taxonomy":"product_cat","embeddable":true,"href":"https:\/\/baldumarket.lt\/lt\/wp-json\/wp\/v2\/product_cat?post=164055"},{"taxonomy":"product_tag","embeddable":true,"href":"https:\/\/baldumarket.lt\/lt\/wp-json\/wp\/v2\/product_tag?post=164055"}],"curies":[{"name":"wp","href":"https:\/\/api.w.org\/{rel}","templated":true}]}}