{"id":164049,"date":"2025-12-19T13:10:47","date_gmt":"2025-12-19T10:10:47","guid":{"rendered":"https:\/\/baldumarket.lt\/product\/shetland-typ-31-regal-1d-4s-dab-shetland-szary\/"},"modified":"2026-04-06T20:06:23","modified_gmt":"2026-04-06T17:06:23","slug":"shetland-typ-31-regal-1d-4s-dab-shetland-szary","status":"publish","type":"product","link":"https:\/\/baldumarket.lt\/lt\/product\/shetland-typ-31-regal-1d-4s-dab-shetland-szary\/","title":{"rendered":"\u201eShetland TYPE 31 &#8211; 1D-4S\u201c lentyn\u0173 komplektas, \u201eShetland Oak\/Black\u201c"},"content":{"rendered":"<p>Tai \u201eShetland TYPE 31\u201c \u2013 1 dur\u0173 ir 4 pusi\u0173 lentyn\u0173 sistema, kurios spalva \u2013 \u201eShetland Oak\/Grey\u201c \u2013 harmoningas prakti\u0161kumo ir modernaus dizaino derinys, \u017eavintis savo funkcionalumu ir estetika. 86 cm plo\u010dio, 132,1 cm auk\u0161\u010dio ir 40 cm gylio \u2013 \u0161is baldas yra b\u016btinas bet kuriame moderniame interjere, kuriame tvarka, stilius ir elegancija yra prioritetas. Sukurta tiems, kurie vertina nat\u016brali\u0105 med\u017eio i\u0161vaizd\u0105 ir subtilius, modernius akcentus, \u201eShetland\u201c lentyn\u0173 sistema derina \u201eShetland Oak\u201c su pilkais elementais, sukurdama nesenstant\u012f kontrast\u0105, kuris puikiai papildys \u012fvairius interjero dizainus. Jos spalva ir tekst\u016bra primena \u0160etlando laukini\u0173 kra\u0161tovaizd\u017ei\u0173 didingum\u0105. Med\u017eiaga, i\u0161 kurios pagaminta lentyna \u2013 laminuota plok\u0161t\u0117 \u2013 garantuoja ne tik didel\u012f atsparum\u0105 auk\u0161tai temperat\u016brai, dr\u0117gmei ir \u012fbr\u0117\u017eimams, bet ir lengv\u0105 valym\u0105, kuris yra ne\u012fkainojamas kasdien naudojant. Lentynos korpusas ir fasadas, taip pat pagaminti i\u0161 \u0161ios patvarios med\u017eiagos, u\u017etikrina stabilum\u0105 ir ilgaam\u017ei\u0161kum\u0105, tod\u0117l gal\u0117site m\u0117gautis jos gro\u017eiu daugel\u012f met\u0173.<\/p>","protected":false},"excerpt":{"rendered":"<p>Plotis (cm): 86<br \/>\n\u016agis (cm): 132,1<br \/>\nGylis (cm): 40<\/p>","protected":false},"featured_media":164050,"comment_status":"open","ping_status":"open","template":"","meta":[],"product_brand":[],"product_cat":[9465,4107,1177],"product_tag":[],"class_list":{"0":"post-164049","1":"product","2":"type-product","3":"status-publish","4":"has-post-thumbnail","6":"product_cat-furniture-system-shetland-wojcik-meble","7":"product_cat-meble-wojcik","8":"product_cat-wardrobes","10":"first","11":"instock","12":"purchasable","13":"product-type-simple"},"_links":{"self":[{"href":"https:\/\/baldumarket.lt\/lt\/wp-json\/wp\/v2\/product\/164049","targetHints":{"allow":["GET"]}}],"collection":[{"href":"https:\/\/baldumarket.lt\/lt\/wp-json\/wp\/v2\/product"}],"about":[{"href":"https:\/\/baldumarket.lt\/lt\/wp-json\/wp\/v2\/types\/product"}],"replies":[{"embeddable":true,"href":"https:\/\/baldumarket.lt\/lt\/wp-json\/wp\/v2\/comments?post=164049"}],"wp:featuredmedia":[{"embeddable":true,"href":"https:\/\/baldumarket.lt\/lt\/wp-json\/wp\/v2\/media\/164050"}],"wp:attachment":[{"href":"https:\/\/baldumarket.lt\/lt\/wp-json\/wp\/v2\/media?parent=164049"}],"wp:term":[{"taxonomy":"product_brand","embeddable":true,"href":"https:\/\/baldumarket.lt\/lt\/wp-json\/wp\/v2\/product_brand?post=164049"},{"taxonomy":"product_cat","embeddable":true,"href":"https:\/\/baldumarket.lt\/lt\/wp-json\/wp\/v2\/product_cat?post=164049"},{"taxonomy":"product_tag","embeddable":true,"href":"https:\/\/baldumarket.lt\/lt\/wp-json\/wp\/v2\/product_tag?post=164049"}],"curies":[{"name":"wp","href":"https:\/\/api.w.org\/{rel}","templated":true}]}}