{"id":164043,"date":"2025-12-19T13:10:35","date_gmt":"2025-12-19T10:10:35","guid":{"rendered":"https:\/\/baldumarket.lt\/product\/shetland-typ-20-szafa-2d-2s-dab-shetland-szara\/"},"modified":"2026-04-06T20:06:23","modified_gmt":"2026-04-06T17:06:23","slug":"shetland-typ-20-szafa-2d-2s-dab-shetland-szara","status":"publish","type":"product","link":"https:\/\/baldumarket.lt\/lt\/product\/shetland-typ-20-szafa-2d-2s-dab-shetland-szara\/","title":{"rendered":"Shetland TYPE 20 \u2013 Drabu\u017ein\u0117 2D-2S Shetland \u0105\u017euolo\/pilkos spalvos"},"content":{"rendered":"<p>Atraskite elegancij\u0105 ir prakti\u0161kum\u0105, slypint\u012f \u201cShetland TYPE 20 \u2013 2 dur\u0173 ir 2 pusi\u0173 spintoje, pagamintos i\u0161 \u201dShetland Oak\/Gray\u201c medienos. \u0160i spinta sukurta i\u0161rankiausiems interjerams su moderniu stiliumi. 86 cm plotis, 197 cm auk\u0161tis ir 58 cm gylis \u2013 puikus sprendimas norint palaikyti tvark\u0105 savo erdv\u0117je neu\u017eimant nereikalingos vietos. Pagaminta i\u0161 laminuotos plok\u0161t\u0117s, pasi\u017eymin\u010dios padidintu atsparumu auk\u0161tai temperat\u016brai, dr\u0117gmei ir \u012fbr\u0117\u017eimams, \u201dShetland TYPE 20\u201c spinta i\u0161siskiria ilgaam\u017ei\u0161kumu ir ner\u016bpestingumu. Joje yra ne tik vietos pakaboms, bet ir \u012fvairi\u0173 dideli\u0173 bei ma\u017e\u0173 lentyn\u0173, kurios leid\u017eia lengvai susitvarkyti savo garderob\u0105. Spintos unikalum\u0105 pabr\u0117\u017eia moderni estetika \u2013 \u201eShetland Oak\u201c spalva primena nat\u016brali\u0105, \u0161ilt\u0105 medienos spalv\u0105, o pilkos ni\u0161os suteikia modernumo. Madingi horizontal\u016bs fasad\u0173 ra\u0161tai traukia ak\u012f ir paver\u010dia spint\u0105 bet kurio kambario traukos centru.<\/p>","protected":false},"excerpt":{"rendered":"<p>Plotis (cm): 86<br \/>\n\u016agis (cm): 197<br \/>\nGylis (cm): 58<\/p>","protected":false},"featured_media":164044,"comment_status":"open","ping_status":"open","template":"","meta":[],"product_brand":[],"product_cat":[9465,4107,1177],"product_tag":[],"class_list":{"0":"post-164043","1":"product","2":"type-product","3":"status-publish","4":"has-post-thumbnail","6":"product_cat-furniture-system-shetland-wojcik-meble","7":"product_cat-meble-wojcik","8":"product_cat-wardrobes","10":"first","11":"instock","12":"purchasable","13":"product-type-simple"},"_links":{"self":[{"href":"https:\/\/baldumarket.lt\/lt\/wp-json\/wp\/v2\/product\/164043","targetHints":{"allow":["GET"]}}],"collection":[{"href":"https:\/\/baldumarket.lt\/lt\/wp-json\/wp\/v2\/product"}],"about":[{"href":"https:\/\/baldumarket.lt\/lt\/wp-json\/wp\/v2\/types\/product"}],"replies":[{"embeddable":true,"href":"https:\/\/baldumarket.lt\/lt\/wp-json\/wp\/v2\/comments?post=164043"}],"wp:featuredmedia":[{"embeddable":true,"href":"https:\/\/baldumarket.lt\/lt\/wp-json\/wp\/v2\/media\/164044"}],"wp:attachment":[{"href":"https:\/\/baldumarket.lt\/lt\/wp-json\/wp\/v2\/media?parent=164043"}],"wp:term":[{"taxonomy":"product_brand","embeddable":true,"href":"https:\/\/baldumarket.lt\/lt\/wp-json\/wp\/v2\/product_brand?post=164043"},{"taxonomy":"product_cat","embeddable":true,"href":"https:\/\/baldumarket.lt\/lt\/wp-json\/wp\/v2\/product_cat?post=164043"},{"taxonomy":"product_tag","embeddable":true,"href":"https:\/\/baldumarket.lt\/lt\/wp-json\/wp\/v2\/product_tag?post=164043"}],"curies":[{"name":"wp","href":"https:\/\/api.w.org\/{rel}","templated":true}]}}