{"id":164037,"date":"2025-12-19T13:10:21","date_gmt":"2025-12-19T10:10:21","guid":{"rendered":"https:\/\/baldumarket.lt\/product\/shetland-typ-10-bielizniarka-2d-2s-dab-shetland-szara\/"},"modified":"2026-04-06T20:06:14","modified_gmt":"2026-04-06T17:06:14","slug":"shetland-typ-10-bielizniarka-2d-2s-dab-shetland-szara","status":"publish","type":"product","link":"https:\/\/baldumarket.lt\/lt\/product\/shetland-typ-10-bielizniarka-2d-2s-dab-shetland-szara\/","title":{"rendered":"Shetland TIPAS 10 &#8211; 2D-2S \u0160etlando \u0105\u017euolo\/pilkos spalvos komoda su stal\u010diais"},"content":{"rendered":"<p>Ie\u0161kote funkcionalios ir esteti\u0161kai patrauklios patalyn\u0117s spintel\u0117s, kuri \u012fne\u0161t\u0173 harmonijos ir tvarkos \u012f j\u016bs\u0173 nam\u0173 \u0161ventov\u0119? \u201eShetland TYPE 10\u201c \u2013 tai unikalus baldas, kurio unikali konstrukcija ir dizainas patenkins net ir reikliausi\u0173 vartotoj\u0173 poreikius. 56 cm plo\u010dio, 197 cm auk\u0161\u010dio ir 40 cm gylio \u0161i spintel\u0117 yra puikus sprendimas patalynei, drabu\u017eiams ar smulkiems aksesuarams laikyti, puikiai tinkanti miegamajam, persirengimo kambariui ar net prie\u0161kambariui. Spalv\u0173 derinys \u2013 \u0161ilta \u201eShetland Oak\u201c su subtilia pilka apdaila \u2013 suteikia spintelei modern\u0173 charakter\u012f, tod\u0117l ji der\u0117s prie \u012fvairi\u0173 interjero dizain\u0173. Med\u017eiaga, i\u0161 kurios ji pagaminta \u2013 laminuota plok\u0161t\u0117 \u2013 garantuoja patvarum\u0105 ir atsparum\u0105 kasdieniam naudojimui. Nat\u016brali spalva primena klasikin\u0119, \u0161ilt\u0105 medien\u0105, o pilkas akcentas papildo gaminio vizualin\u0119 darn\u0105. Viduje rasite penkias prakti\u0161kas lentynas, kurios leis jums apgalvotai ir sistemingai susid\u0117ti daiktus. Patogi sistema be ranken\u0117li\u0173 papildo modern\u0173 dizain\u0105 ir palengvina fasad\u0173 valym\u0105, u\u017etikrindama vienod\u0105, lyg\u0173 pavir\u0161i\u0173. Ji derina funkcionalum\u0105 su minimalistiniu stiliumi. Be to, \u201eShetland TYPE 10\u201c patalyn\u0117s spintel\u0119 galima montuoti kaire arba de\u0161ine ranka, tod\u0117l j\u0105 galima pritaikyti prie kambario erdv\u0117s.<\/p>","protected":false},"excerpt":{"rendered":"<p>Plotis (cm): 56<br \/>\n\u016agis (cm): 197<br \/>\nGylis (cm): 40<\/p>","protected":false},"featured_media":164038,"comment_status":"open","ping_status":"open","template":"","meta":[],"product_brand":[],"product_cat":[9465,4107,1177],"product_tag":[],"class_list":{"0":"post-164037","1":"product","2":"type-product","3":"status-publish","4":"has-post-thumbnail","6":"product_cat-furniture-system-shetland-wojcik-meble","7":"product_cat-meble-wojcik","8":"product_cat-wardrobes","10":"first","11":"instock","12":"purchasable","13":"product-type-simple"},"_links":{"self":[{"href":"https:\/\/baldumarket.lt\/lt\/wp-json\/wp\/v2\/product\/164037","targetHints":{"allow":["GET"]}}],"collection":[{"href":"https:\/\/baldumarket.lt\/lt\/wp-json\/wp\/v2\/product"}],"about":[{"href":"https:\/\/baldumarket.lt\/lt\/wp-json\/wp\/v2\/types\/product"}],"replies":[{"embeddable":true,"href":"https:\/\/baldumarket.lt\/lt\/wp-json\/wp\/v2\/comments?post=164037"}],"wp:featuredmedia":[{"embeddable":true,"href":"https:\/\/baldumarket.lt\/lt\/wp-json\/wp\/v2\/media\/164038"}],"wp:attachment":[{"href":"https:\/\/baldumarket.lt\/lt\/wp-json\/wp\/v2\/media?parent=164037"}],"wp:term":[{"taxonomy":"product_brand","embeddable":true,"href":"https:\/\/baldumarket.lt\/lt\/wp-json\/wp\/v2\/product_brand?post=164037"},{"taxonomy":"product_cat","embeddable":true,"href":"https:\/\/baldumarket.lt\/lt\/wp-json\/wp\/v2\/product_cat?post=164037"},{"taxonomy":"product_tag","embeddable":true,"href":"https:\/\/baldumarket.lt\/lt\/wp-json\/wp\/v2\/product_tag?post=164037"}],"curies":[{"name":"wp","href":"https:\/\/api.w.org\/{rel}","templated":true}]}}