{"id":164031,"date":"2025-12-19T13:10:05","date_gmt":"2025-12-19T10:10:05","guid":{"rendered":"https:\/\/baldumarket.lt\/product\/shetland-typ-12-regal-1d-4s-dab-shetland-szary\/"},"modified":"2026-04-06T20:06:14","modified_gmt":"2026-04-06T17:06:14","slug":"shetland-typ-12-regal-1d-4s-dab-shetland-szary","status":"publish","type":"product","link":"https:\/\/baldumarket.lt\/lt\/product\/shetland-typ-12-regal-1d-4s-dab-shetland-szary\/","title":{"rendered":"\u201eShetland TYPE 12 &#8211; 1D-4S\u201c lentyn\u0173 blokas, \u201eShetland Oak\/Black\u201c"},"content":{"rendered":"<p>Nesenstan\u010dio elegancijos ir funkcionalumo derinys \u2013 tai \u201eShetland TYPE 12\u201c \u2013 vien\u0173 dur\u0173 ir keturi\u0173 pusi\u0173 lentyn\u0173 spintel\u0117, kurios spalva \u2013 \u201eShetland Oak\/Grey\u201c. Ar esate pasiruo\u0161\u0119 baldui, kuris ne tik papuo\u0161 j\u016bs\u0173 erdv\u0119, bet ir taps tikru nam\u0173 akcentu? D\u017eiaugiam\u0117s gal\u0117dami pristatyti spintel\u0119, kuri neabejotinai patenkins net i\u0161rankiausi\u0173 estet\u0173 ir erdv\u0117s planuotoj\u0173 l\u016bkes\u010dius. D\u0117l dominuojan\u010dio 86 cm plo\u010dio ji idealiai tinka tiek erdvioms svetain\u0117ms, tiek ma\u017eesn\u0117ms patalpoms. Spintel\u0117s auk\u0161tis kartu su 40 cm gyliu sukuria didel\u012f, ta\u010diau sant\u016br\u0173 bald\u0105. \u201eShetland Oak\u201c spalv\u0173 schema primena nat\u016bral\u0173 med\u017eio gro\u017e\u012f, o pilki fasadai suteikia modern\u0173 kontrast\u0105 ir atgaivina klasikin\u0119 spintel\u0117s form\u0105. Spintel\u0117 pagaminta i\u0161 auk\u0161tos kokyb\u0117s laminuotos plok\u0161t\u0117s, gars\u0117jan\u010dios atsparumu auk\u0161tai temperat\u016brai, dr\u0117gmei ir \u012fbr\u0117\u017eimams. Tai u\u017etikrina, kad \u201eShetland TYPE 12\u201c i\u0161laikys savo estetin\u0119 i\u0161vaizd\u0105 daugel\u012f met\u0173.<\/p>","protected":false},"excerpt":{"rendered":"<p>Plotis (cm): 86<br \/>\n\u016agis (cm): 197<br \/>\nGylis (cm): 40<\/p>","protected":false},"featured_media":164032,"comment_status":"open","ping_status":"open","template":"","meta":[],"product_brand":[],"product_cat":[9465,4107,1177],"product_tag":[],"class_list":{"0":"post-164031","1":"product","2":"type-product","3":"status-publish","4":"has-post-thumbnail","6":"product_cat-furniture-system-shetland-wojcik-meble","7":"product_cat-meble-wojcik","8":"product_cat-wardrobes","10":"first","11":"instock","12":"purchasable","13":"product-type-simple"},"_links":{"self":[{"href":"https:\/\/baldumarket.lt\/lt\/wp-json\/wp\/v2\/product\/164031","targetHints":{"allow":["GET"]}}],"collection":[{"href":"https:\/\/baldumarket.lt\/lt\/wp-json\/wp\/v2\/product"}],"about":[{"href":"https:\/\/baldumarket.lt\/lt\/wp-json\/wp\/v2\/types\/product"}],"replies":[{"embeddable":true,"href":"https:\/\/baldumarket.lt\/lt\/wp-json\/wp\/v2\/comments?post=164031"}],"wp:featuredmedia":[{"embeddable":true,"href":"https:\/\/baldumarket.lt\/lt\/wp-json\/wp\/v2\/media\/164032"}],"wp:attachment":[{"href":"https:\/\/baldumarket.lt\/lt\/wp-json\/wp\/v2\/media?parent=164031"}],"wp:term":[{"taxonomy":"product_brand","embeddable":true,"href":"https:\/\/baldumarket.lt\/lt\/wp-json\/wp\/v2\/product_brand?post=164031"},{"taxonomy":"product_cat","embeddable":true,"href":"https:\/\/baldumarket.lt\/lt\/wp-json\/wp\/v2\/product_cat?post=164031"},{"taxonomy":"product_tag","embeddable":true,"href":"https:\/\/baldumarket.lt\/lt\/wp-json\/wp\/v2\/product_tag?post=164031"}],"curies":[{"name":"wp","href":"https:\/\/api.w.org\/{rel}","templated":true}]}}