{"id":164025,"date":"2025-12-19T13:09:50","date_gmt":"2025-12-19T10:09:50","guid":{"rendered":"https:\/\/baldumarket.lt\/product\/salinas-saiv02-witryna-2-drzwiowa-biala-dab-catania-czarna\/"},"modified":"2026-04-06T20:06:14","modified_gmt":"2026-04-06T17:06:14","slug":"salinas-saiv02-witryna-2-drzwiowa-biala-dab-catania-czarna","status":"publish","type":"product","link":"https:\/\/baldumarket.lt\/lt\/product\/salinas-saiv02-witryna-2-drzwiowa-biala-dab-catania-czarna\/","title":{"rendered":"Salinas SAIV02 \u2013 2 dur\u0173 vitrina, balta\/Katanijos \u0105\u017euolas\/juoda"},"content":{"rendered":"<p>Pabr\u0117\u017ekite savo interjero elegancij\u0105 su stilinga ir funkcionalia \u201eSalinas SAIV02\u201c vitrina. Modernus Alpi\u0173 baltos, Katanijos \u0105\u017euolo ir matin\u0117s juodos spalv\u0173 derinys sukurs unikali\u0105 atmosfer\u0105 j\u016bs\u0173 svetain\u0117je ar valgomajame. Kruop\u0161\u010diai parinkti matmenys \u2013 plotis 93 cm, auk\u0161tis 199,3 cm, gylis 37 cm \u2013 garantuoja, kad spintel\u0117 skland\u017eiai \u012fsilies \u012f erdv\u0119 ir kartu suteiks prakti\u0161kos vietos daiktams susid\u0117ti. Vitrinos i\u0161or\u0117 pagaminta i\u0161 auk\u0161tos kokyb\u0117s laminuotos plok\u0161t\u0117s, pasi\u017eymin\u010dios patvarumu ir atsparumu saul\u0117s spinduliams. Moderni matin\u0117s baltos spalvos korpuso apdaila su juodais r\u0117meliais suteikia dinami\u0161k\u0105 ir \u0161iuolaiki\u0161k\u0105 charakter\u012f, kuris papildys bet kok\u012f modern\u0173 ar industrin\u012f interjer\u0105. Vitrinos priekyje panaudotos tvirtos plok\u0161t\u0117s ir gr\u016bdinto pilko \u201eAntisol\u201c stiklo element\u0173 derinys, kuris ne tik padidina konstrukcijos lengvum\u0105, bet ir skatina eksponuoti m\u0117gstamus daiktus. Vitrina, kurios talpa patenkins net ir i\u0161rankiausi\u0105 klient\u0105, turi negr\u016bdinto stiklo lentynas, puikiai tinkan\u010dias aksesuarams eksponuoti. Galimyb\u0117 prid\u0117ti subtil\u0173 ap\u0161vietim\u0105 su pasirenkamu LED ap\u0161vietimu (\u201eSquare 1-point\u201c arba \u201eLED Clip 2-point\u201c) leid\u017eia sukurti atmosferin\u012f akcent\u0105, kuris i\u0161ry\u0161kina eksponuojamus daiktus. Tai daugiau nei baldas \u2013 tai d\u0117mesio centras j\u016bs\u0173 interjere.<\/p>","protected":false},"excerpt":{"rendered":"<p>Plotis (cm): 93<br \/>\n\u016agis (cm): 199,3<br \/>\nGylis (cm): 37<\/p>","protected":false},"featured_media":164026,"comment_status":"open","ping_status":"open","template":"","meta":[],"product_brand":[],"product_cat":[9498,4107,2006],"product_tag":[],"class_list":{"0":"post-164025","1":"product","2":"type-product","3":"status-publish","4":"has-post-thumbnail","6":"product_cat-furniture-system-salinas-wojcik-meble","7":"product_cat-meble-wojcik","8":"product_cat-vitrines","10":"first","11":"instock","12":"purchasable","13":"product-type-simple"},"_links":{"self":[{"href":"https:\/\/baldumarket.lt\/lt\/wp-json\/wp\/v2\/product\/164025","targetHints":{"allow":["GET"]}}],"collection":[{"href":"https:\/\/baldumarket.lt\/lt\/wp-json\/wp\/v2\/product"}],"about":[{"href":"https:\/\/baldumarket.lt\/lt\/wp-json\/wp\/v2\/types\/product"}],"replies":[{"embeddable":true,"href":"https:\/\/baldumarket.lt\/lt\/wp-json\/wp\/v2\/comments?post=164025"}],"wp:featuredmedia":[{"embeddable":true,"href":"https:\/\/baldumarket.lt\/lt\/wp-json\/wp\/v2\/media\/164026"}],"wp:attachment":[{"href":"https:\/\/baldumarket.lt\/lt\/wp-json\/wp\/v2\/media?parent=164025"}],"wp:term":[{"taxonomy":"product_brand","embeddable":true,"href":"https:\/\/baldumarket.lt\/lt\/wp-json\/wp\/v2\/product_brand?post=164025"},{"taxonomy":"product_cat","embeddable":true,"href":"https:\/\/baldumarket.lt\/lt\/wp-json\/wp\/v2\/product_cat?post=164025"},{"taxonomy":"product_tag","embeddable":true,"href":"https:\/\/baldumarket.lt\/lt\/wp-json\/wp\/v2\/product_tag?post=164025"}],"curies":[{"name":"wp","href":"https:\/\/api.w.org\/{rel}","templated":true}]}}