{"id":164019,"date":"2025-12-19T13:09:37","date_gmt":"2025-12-19T10:09:37","guid":{"rendered":"https:\/\/baldumarket.lt\/product\/salinas-saiv01r-witryna-prawostronna-2-drzwiowa-biala-dab-catania-czarna\/"},"modified":"2026-04-06T20:06:14","modified_gmt":"2026-04-06T17:06:14","slug":"salinas-saiv01r-witryna-prawostronna-2-drzwiowa-biala-dab-catania-czarna","status":"publish","type":"product","link":"https:\/\/baldumarket.lt\/lt\/product\/salinas-saiv01r-witryna-prawostronna-2-drzwiowa-biala-dab-catania-czarna\/","title":{"rendered":"Salinas SAIV01R \u2013 De\u0161in\u0117s pus\u0117s 2 dur\u0173 vitrina, balta\/Katanijos \u0105\u017euolas\/juoda"},"content":{"rendered":"<p>Atraskite nauj\u0105 organizavimo ir stiliaus dimensij\u0105 savo namuose su \u201eSalinas SAIV01R\u201c vitrina, kurioje derinami prakti\u0161ki daikt\u0173 laikymo sprendimai su moderniu dizainu, puikiai papildan\u010diu naujausias interjero dizaino tendencijas. Leiskite baltai, juodai ir nat\u016braliai Katanijos \u0105\u017euolo spalvoms \u012fne\u0161ti harmonijos ir elegancijos \u012f j\u016bs\u0173 svetain\u0119, darbo kambar\u012f ar valgom\u0105j\u012f. \u201eSalinas SAIV01R\u201c yra 93 cm plo\u010dio, 139,8 cm auk\u0161\u010dio ir 37 cm gylio baldas, kuris gra\u017eiai papildys j\u016bs\u0173 namus ir suteiks daug vietos daiktams susid\u0117ti. Auk\u0161t\u0105 meistri\u0161kumo kokyb\u0119 patvirtina laminuotos plok\u0161t\u0117s naudojimas, tod\u0117l spintel\u0117 yra patvari ir lengvai valoma. \u0160i stilinga vitrina pagaminta i\u0161 gr\u016bdinto, pilko \u201eAntisol\u201c stiklo, kuris ne tik suteikia klas\u0117s, bet ir yra saugus sprendimas nam\u0173 \u016bkiams. \u0160velniai u\u017esidarantys vyriai u\u017etikrina, kad durys u\u017esidaryt\u0173 \u0161velniai ir tyliai, tod\u0117l kasdienis vitrinos naudojimas tampa lengvesnis. Papildomas LED ap\u0161vietimas (1 kvadratas \u2013 89 PLN) sukurs \u0161ilumos ir jaukumo atmosfer\u0105 vakaro poilsiui arba pabr\u0117\u0161 eksponuojam\u0173 daikt\u0173 estetik\u0105.<\/p>","protected":false},"excerpt":{"rendered":"<p>Plotis (cm): 93<br \/>\n\u016agis (cm): 139,8<br \/>\nGylis (cm): 37<\/p>","protected":false},"featured_media":164020,"comment_status":"open","ping_status":"open","template":"","meta":[],"product_brand":[],"product_cat":[9498,4107,2006],"product_tag":[],"class_list":{"0":"post-164019","1":"product","2":"type-product","3":"status-publish","4":"has-post-thumbnail","6":"product_cat-furniture-system-salinas-wojcik-meble","7":"product_cat-meble-wojcik","8":"product_cat-vitrines","10":"first","11":"instock","12":"purchasable","13":"product-type-simple"},"_links":{"self":[{"href":"https:\/\/baldumarket.lt\/lt\/wp-json\/wp\/v2\/product\/164019","targetHints":{"allow":["GET"]}}],"collection":[{"href":"https:\/\/baldumarket.lt\/lt\/wp-json\/wp\/v2\/product"}],"about":[{"href":"https:\/\/baldumarket.lt\/lt\/wp-json\/wp\/v2\/types\/product"}],"replies":[{"embeddable":true,"href":"https:\/\/baldumarket.lt\/lt\/wp-json\/wp\/v2\/comments?post=164019"}],"wp:featuredmedia":[{"embeddable":true,"href":"https:\/\/baldumarket.lt\/lt\/wp-json\/wp\/v2\/media\/164020"}],"wp:attachment":[{"href":"https:\/\/baldumarket.lt\/lt\/wp-json\/wp\/v2\/media?parent=164019"}],"wp:term":[{"taxonomy":"product_brand","embeddable":true,"href":"https:\/\/baldumarket.lt\/lt\/wp-json\/wp\/v2\/product_brand?post=164019"},{"taxonomy":"product_cat","embeddable":true,"href":"https:\/\/baldumarket.lt\/lt\/wp-json\/wp\/v2\/product_cat?post=164019"},{"taxonomy":"product_tag","embeddable":true,"href":"https:\/\/baldumarket.lt\/lt\/wp-json\/wp\/v2\/product_tag?post=164019"}],"curies":[{"name":"wp","href":"https:\/\/api.w.org\/{rel}","templated":true}]}}