{"id":164013,"date":"2025-12-19T13:09:24","date_gmt":"2025-12-19T10:09:24","guid":{"rendered":"https:\/\/baldumarket.lt\/product\/salinas-saip01-polka-wiszaca-biala-dab-catania\/"},"modified":"2026-04-06T20:06:14","modified_gmt":"2026-04-06T17:06:14","slug":"salinas-saip01-polka-wiszaca-biala-dab-catania","status":"publish","type":"product","link":"https:\/\/baldumarket.lt\/lt\/product\/salinas-saip01-polka-wiszaca-biala-dab-catania\/","title":{"rendered":"Salinas SAIP01 \u2013 Pakabinama lentyna, balta\/Katanijos \u0105\u017euolas"},"content":{"rendered":"<p>Atraskite nauj\u0105 estetikos ir funkcionalumo dimensij\u0105 savo interjere su \u201eSalinas SAIP01\u201c sienine lentyna. \u0160is baldas, sukurtas atsi\u017evelgiant \u012f auk\u0161\u010diausius dizaino standartus, bus unikalus bet kurio kambario papildymas. M\u016bs\u0173 balta \/ \u201eCatania\u201c \u0105\u017euolo lentyna yra tobulas modernaus paprastumo ir prakti\u0161kumo derinys, puikiai tinkantis bet kokiems namams. \u201eSalinas\u201c lentyna pirmiausia pasi\u017eymi moderniu dizainu. Jos plotis yra 152,7 cm, tod\u0117l yra daug vietos knygoms, nuotraukoms ir kitiems asmeniniams suvenyrams eksponuoti. 22 cm auk\u0161tis ir 22 cm gylis leid\u017eia j\u0105 puikiai naudoti net ma\u017eose erdv\u0117se, i\u0161saugant j\u0173 proporcijas ir kartu u\u017etikrinant daug vietos daiktams susid\u0117ti. Pagrindinis \u0161ios lentynos privalumas yra dviej\u0173 spalv\u0173 apdaila. Pati lentynos Alpi\u0173 balta spalva \u017eavi savo universalumu ir spalv\u0173 grynumu, o \u201eCatania\u201c \u0105\u017euolo galin\u0117 plok\u0161t\u0117 suteikia \u0161ilumos ir jaukumo, suteikdama erdvei mading\u0105 akcent\u0105. \u0160is derinys puikiai der\u0117s prie \u012fvairi\u0173 i\u0161d\u0117stym\u0173 \u2013 nuo skandinavi\u0161ko iki bohemi\u0161ko, nuo modernaus iki minimalistinio.<\/p>","protected":false},"excerpt":{"rendered":"<p>Plotis (cm): 152,7<br \/>\n\u016agis (cm): 22<br \/>\nGylis (cm): 22<\/p>","protected":false},"featured_media":164014,"comment_status":"open","ping_status":"open","template":"","meta":[],"product_brand":[],"product_cat":[9498,1174,4107],"product_tag":[],"class_list":{"0":"post-164013","1":"product","2":"type-product","3":"status-publish","4":"has-post-thumbnail","6":"product_cat-furniture-system-salinas-wojcik-meble","7":"product_cat-hanging-shelves","8":"product_cat-meble-wojcik","10":"first","11":"instock","12":"purchasable","13":"product-type-simple"},"_links":{"self":[{"href":"https:\/\/baldumarket.lt\/lt\/wp-json\/wp\/v2\/product\/164013","targetHints":{"allow":["GET"]}}],"collection":[{"href":"https:\/\/baldumarket.lt\/lt\/wp-json\/wp\/v2\/product"}],"about":[{"href":"https:\/\/baldumarket.lt\/lt\/wp-json\/wp\/v2\/types\/product"}],"replies":[{"embeddable":true,"href":"https:\/\/baldumarket.lt\/lt\/wp-json\/wp\/v2\/comments?post=164013"}],"wp:featuredmedia":[{"embeddable":true,"href":"https:\/\/baldumarket.lt\/lt\/wp-json\/wp\/v2\/media\/164014"}],"wp:attachment":[{"href":"https:\/\/baldumarket.lt\/lt\/wp-json\/wp\/v2\/media?parent=164013"}],"wp:term":[{"taxonomy":"product_brand","embeddable":true,"href":"https:\/\/baldumarket.lt\/lt\/wp-json\/wp\/v2\/product_brand?post=164013"},{"taxonomy":"product_cat","embeddable":true,"href":"https:\/\/baldumarket.lt\/lt\/wp-json\/wp\/v2\/product_cat?post=164013"},{"taxonomy":"product_tag","embeddable":true,"href":"https:\/\/baldumarket.lt\/lt\/wp-json\/wp\/v2\/product_tag?post=164013"}],"curies":[{"name":"wp","href":"https:\/\/api.w.org\/{rel}","templated":true}]}}