{"id":164009,"date":"2025-12-19T13:09:16","date_gmt":"2025-12-19T10:09:16","guid":{"rendered":"https:\/\/baldumarket.lt\/product\/roxy-rxygp1-panel-wieszak-dab-viking\/"},"modified":"2026-04-06T20:06:14","modified_gmt":"2026-04-06T17:06:14","slug":"roxy-rxygp1-panel-wieszak-dab-viking","status":"publish","type":"product","link":"https:\/\/baldumarket.lt\/lt\/product\/roxy-rxygp1-panel-wieszak-dab-viking\/","title":{"rendered":"Roxy RXYGP1 \u2013 Viking Oak pakabos panel\u0117"},"content":{"rendered":"<p>Atraskite \u201eRoxy RXYGP1\u201c sienin\u0119 panel\u0119 \u201eViking Oak\u201c atspalvi\u0173 \u2013 nepakei\u010diam\u0105 prie\u0161kambario aksesuar\u0105, kuriame derinamas prakti\u0161kumas ir modernus dizainas. Sukurta tiems, kurie teikia pirmenyb\u0119 estetikai ir funkcionalumui, \u201eRoxy\u201c sienin\u0117 panel\u0117 yra nepakei\u010diamas sprendimas vir\u0161utini\u0173 drabu\u017ei\u0173 laikymui, kruop\u0161\u010diai atsi\u017evelgiant \u012f detales.<br \/>\n\u201eRoxy\u201c dizaineriai suk\u016br\u0117 \u0161\u012f unikal\u0173 bald\u0105, kurio plotis yra 80 cm, auk\u0161tis 107 cm ir gylis 31 cm \u2013 ideal\u016bs matmenys, leid\u017eiantys susid\u0117ti visus b\u016btiniausius daiktus neu\u017eimant per daug vietos. Kepuri\u0173 lentyn\u0117l\u0117, metalinis pakabos laikiklis ir funkcional\u016bs, \u017eemai pritvirtinti kabliukai sukuria visavert\u0119 drabu\u017ei\u0173 organizavimo erdv\u0119.<br \/>\n\u201eViking Oak\u201c spalva kartu su metalin\u0117mis detal\u0117mis ir pilku veltinio \u012fd\u0117klu suteikia \u0161iai plok\u0161tei i\u0161skirtin\u012f ir mading\u0105 charakter\u012f. D\u0117l nesenstan\u010dios spalv\u0173 gamos ji puikiai dera prie \u012fvairi\u0173 interjero dizain\u0173 \u2013 nuo lofto iki bohemi\u0161ko ir modernaus.<br \/>\nGamybai naudojama patvarios laminuotos plok\u0161t\u0117s ir tvirtos MDF plok\u0161t\u0117s derinys, u\u017etikrinantis auk\u0161t\u0105 kokyb\u0119 ir atsparum\u0105 kasdieniam naudojimui. Korpusas, pagamintas i\u0161 laminuotos med\u017eio dro\u017eli\u0173 plok\u0161t\u0117s ir MDF, garantuoja ne tik ilgaam\u017ei\u0161kum\u0105, bet ir eleganti\u0161k\u0105 i\u0161vaizd\u0105 daugel\u012f met\u0173.<br \/>\n\u201eRoxy\u201c skydelis taip pat turi metalinius pakabus \u2013 puikiai tinkan\u010dius pakabinti paltus ar krep\u0161ius be papildom\u0173 pakab\u0173. Kabliukai, nustatyti auk\u0161tyje, pritaikytame jauniausi\u0173 naudotoj\u0173 poreikiams, padeda vaikams ugdyti savaranki\u0161kum\u0105.<br \/>\nPasirink\u0119 \u201eRoxy RXYGP1\u201c sienin\u0119 plok\u0161t\u0119, kasdien \u012fvertinsite patogum\u0105 ir prakti\u0161kum\u0105. Palepinkite save prabangos prisilietimu kasdieniame gyvenime ir suteikite savo prie\u0161kambariui funkcionalumo ir puikaus stiliaus derinio.<\/p>","protected":false},"excerpt":{"rendered":"<p>Plotis (cm): 80<br \/>\n\u016agis (cm): 107<br \/>\nGylis (cm): 31<\/p>","protected":false},"featured_media":164010,"comment_status":"open","ping_status":"open","template":"","meta":[],"product_brand":[],"product_cat":[9497,1931,4107],"product_tag":[],"class_list":{"0":"post-164009","1":"product","2":"type-product","3":"status-publish","4":"has-post-thumbnail","6":"product_cat-furniture-system-roxy-wojcik-meble","7":"product_cat-hangers","8":"product_cat-meble-wojcik","10":"first","11":"instock","12":"purchasable","13":"product-type-simple"},"_links":{"self":[{"href":"https:\/\/baldumarket.lt\/lt\/wp-json\/wp\/v2\/product\/164009","targetHints":{"allow":["GET"]}}],"collection":[{"href":"https:\/\/baldumarket.lt\/lt\/wp-json\/wp\/v2\/product"}],"about":[{"href":"https:\/\/baldumarket.lt\/lt\/wp-json\/wp\/v2\/types\/product"}],"replies":[{"embeddable":true,"href":"https:\/\/baldumarket.lt\/lt\/wp-json\/wp\/v2\/comments?post=164009"}],"wp:featuredmedia":[{"embeddable":true,"href":"https:\/\/baldumarket.lt\/lt\/wp-json\/wp\/v2\/media\/164010"}],"wp:attachment":[{"href":"https:\/\/baldumarket.lt\/lt\/wp-json\/wp\/v2\/media?parent=164009"}],"wp:term":[{"taxonomy":"product_brand","embeddable":true,"href":"https:\/\/baldumarket.lt\/lt\/wp-json\/wp\/v2\/product_brand?post=164009"},{"taxonomy":"product_cat","embeddable":true,"href":"https:\/\/baldumarket.lt\/lt\/wp-json\/wp\/v2\/product_cat?post=164009"},{"taxonomy":"product_tag","embeddable":true,"href":"https:\/\/baldumarket.lt\/lt\/wp-json\/wp\/v2\/product_tag?post=164009"}],"curies":[{"name":"wp","href":"https:\/\/api.w.org\/{rel}","templated":true}]}}