{"id":164005,"date":"2025-12-19T13:09:07","date_gmt":"2025-12-19T10:09:07","guid":{"rendered":"https:\/\/baldumarket.lt\/product\/roxy-rxygl1-lustro-dab-viking\/"},"modified":"2026-04-06T20:06:14","modified_gmt":"2026-04-06T17:06:14","slug":"roxy-rxygl1-lustro-dab-viking","status":"publish","type":"product","link":"https:\/\/baldumarket.lt\/lt\/product\/roxy-rxygl1-lustro-dab-viking\/","title":{"rendered":"Roxy RXYGL1 &#8211; Viking Oak Mirror"},"content":{"rendered":"<p>Ar norite pakeisti savo prie\u0161kambar\u012f ar svetain\u0119 ne\u012fkyriu, bet \u012fsp\u016bdingu dekoratyviniu elementu? Leiskite man pristatyti jums \u201eRoxy RXYGL1\u201c veidrod\u012f \u2013 element\u0105, kuris ne tik pagerins j\u016bs\u0173 interjero estetik\u0105, bet ir padarys j\u012f erdvesn\u012f bei \u0161viesesn\u012f. M\u016bs\u0173 \u201eViking Oak\u201c veidrodis yra ne tik prakti\u0161kas priedas, bet, svarbiausia, moderni dekoracija, atitinkanti naujausias interjero dizaino tendencijas.<\/p>\n<p>\u0160is veidrodis idealiai tinka daugumai kambari\u0173: jo plotis yra 50 cm, tod\u0117l jis u\u017eima minimaliai sienos vietos, o 107 cm auk\u0161tis leid\u017eia apm\u0105styti vis\u0105 k\u016bn\u0105 prie\u0161 i\u0161einant i\u0161 nam\u0173. Ma\u017eas, vos 1,9 cm gylis pabr\u0117\u017eia veidrod\u017eio subtilum\u0105 ir elegancij\u0105, tuo pa\u010diu leisdamas j\u012f lengvai pakabinti beveik bet kur \u2013 nesijaudinant, kad jis sutrikdys erdv\u0117s harmonij\u0105. \u0160is kruop\u0161\u010diai pagamintas veidrodis dera prie modernios estetikos \u2013 jo laminuota viking\u0173 \u0105\u017euolo plok\u0161t\u0117 suteikia nat\u016bralaus med\u017eio \u0161ilum\u0105, subtilios apdailos d\u0117ka suteikdama interjerui jaukumo ir modernumo. Veidrod\u017eio konstrukcij\u0105 palaiko patvari laminuota med\u017eio dro\u017eli\u0173 plok\u0161t\u0117, u\u017etikrinanti stabilum\u0105, ilgaam\u017ei\u0161kum\u0105 ir lengv\u0105 prie\u017ei\u016br\u0105.<\/p>\n<p>I\u0161siskiriantis nat\u016bralia spalva, gaminys puikiai dera su \u012fvairiomis interjero spalvomis \u2013 nuo universalios baltos ir klasikin\u0117s juodos iki ry\u0161ki\u0173, intensyvi\u0173 spalv\u0173 atspalvi\u0173. Tai ypa\u010d svarbu tiems, kurie m\u0117gsta da\u017enai keisti interjer\u0105 \u2013 \u201eViking Oak\u201c veidrodis i\u0161liks madingas ir papildys interjer\u0105, nepaisant bet koki\u0173 poky\u010di\u0173.<\/p>\n<p>Did\u017eiausias \u201eRoxy RXYGL1\u201c veidrod\u017eio privalumas \u2013 jo geb\u0117jimas vizualiai padidinti erdv\u0119. Jis pa\u0161viesina net ma\u017eus ir tamsius kambarius bei suteikia jiems erdv\u0117s poj\u016bt\u012f. M\u016bs\u0173 veidrodis \u2013 tai unikalus \u0161viesos akcentas, galintis pakeisti bet kokio interjero atmosfer\u0105. \u201eRoxy RXYGL1\u201c yra daugiau nei veidrodis; tai gerai apgalvotas dekoro elementas, i\u0161siskiriantis patvarumu ir universalumu, prisitaikantis prie kintan\u010di\u0173 skoni\u0173 ir interjero dizaino stili\u0173. Pasir\u016bpinkite kasdiene stiliaus ir funkcionalumo doze, pasirinkdami veidrod\u012f, kuris atitinka j\u016bs\u0173 l\u016bkes\u010dius ir papildo bet kok\u012f i\u0161d\u0117stym\u0105.<\/p>","protected":false},"excerpt":{"rendered":"<p>Plotis (cm): 50<br \/>\n\u016agis (cm): 107<br \/>\nGylis (cm): 1,9<\/p>","protected":false},"featured_media":164006,"comment_status":"open","ping_status":"open","template":"","meta":[],"product_brand":[],"product_cat":[9497,4107,1108],"product_tag":[],"class_list":{"0":"post-164005","1":"product","2":"type-product","3":"status-publish","4":"has-post-thumbnail","6":"product_cat-furniture-system-roxy-wojcik-meble","7":"product_cat-meble-wojcik","8":"product_cat-mirrors","10":"first","11":"instock","12":"purchasable","13":"product-type-simple"},"_links":{"self":[{"href":"https:\/\/baldumarket.lt\/lt\/wp-json\/wp\/v2\/product\/164005","targetHints":{"allow":["GET"]}}],"collection":[{"href":"https:\/\/baldumarket.lt\/lt\/wp-json\/wp\/v2\/product"}],"about":[{"href":"https:\/\/baldumarket.lt\/lt\/wp-json\/wp\/v2\/types\/product"}],"replies":[{"embeddable":true,"href":"https:\/\/baldumarket.lt\/lt\/wp-json\/wp\/v2\/comments?post=164005"}],"wp:featuredmedia":[{"embeddable":true,"href":"https:\/\/baldumarket.lt\/lt\/wp-json\/wp\/v2\/media\/164006"}],"wp:attachment":[{"href":"https:\/\/baldumarket.lt\/lt\/wp-json\/wp\/v2\/media?parent=164005"}],"wp:term":[{"taxonomy":"product_brand","embeddable":true,"href":"https:\/\/baldumarket.lt\/lt\/wp-json\/wp\/v2\/product_brand?post=164005"},{"taxonomy":"product_cat","embeddable":true,"href":"https:\/\/baldumarket.lt\/lt\/wp-json\/wp\/v2\/product_cat?post=164005"},{"taxonomy":"product_tag","embeddable":true,"href":"https:\/\/baldumarket.lt\/lt\/wp-json\/wp\/v2\/product_tag?post=164005"}],"curies":[{"name":"wp","href":"https:\/\/api.w.org\/{rel}","templated":true}]}}