{"id":164001,"date":"2025-12-19T13:08:59","date_gmt":"2025-12-19T10:08:59","guid":{"rendered":"https:\/\/baldumarket.lt\/product\/roxy-rxygs1-szafa-2-drzwiowa-z-lustrem-dab-viking\/"},"modified":"2026-04-06T20:06:14","modified_gmt":"2026-04-06T17:06:14","slug":"roxy-rxygs1-szafa-2-drzwiowa-z-lustrem-dab-viking","status":"publish","type":"product","link":"https:\/\/baldumarket.lt\/lt\/product\/roxy-rxygs1-szafa-2-drzwiowa-z-lustrem-dab-viking\/","title":{"rendered":"Roxy RXYGS1 &#8211; Dviej\u0173 dur\u0173 spinta su veidrod\u017eiu, Viking Oak"},"content":{"rendered":"<p>\u0160ioje ap\u017evalgoje daugiausia d\u0117mesio skiriama i\u0161skirtinai stilingam ir prakti\u0161kam interjero dizaino elementui \u2013 dviej\u0173 dur\u0173 \u201eRoxy RXYGS1\u201c spintai. Neabejotinas jos privalumas yra ne tik eleganti\u0161kas dizainas, bet ir erdv\u0119 taupanti konstrukcija, tod\u0117l ji idealiai tinka net ir nedidelio dyd\u017eio prie\u0161kambariui. 65 cm plo\u010dio, 201,3 cm auk\u0161\u010dio ir 37,9 cm gylio spinta buvo sukurta siekiant optimizuoti erdv\u0119 ir kartu u\u017etikrinti daug vietos daiktams susid\u0117ti.<\/p>\n<p>Spinta pagaminta i\u0161 auk\u0161tos kokyb\u0117s med\u017eiag\u0173: laminuota plok\u0161t\u0117 ir MDF u\u017etikrina patvarum\u0105 ir atsparum\u0105 kasdieniam naudojimui. Viking\u0173 \u0105\u017euolo apdaila suteikia \u0161ilumos ir nat\u016bralumo, o pilkas veltinio dekoras \u2013 \u0161iuolaiki\u0161kumo. Profesionalus medienos atspalvi\u0173 ir antracito akcento derinys leid\u017eia spintai tinka \u012fvairiems interjerams \u2013 nuo modernaus iki tradici\u0161kesnio.<\/p>\n<p>Spintos priekis \u017eavi ne tik estetika, bet ir funkcionalumu. Vienos i\u0161 dur\u0173 turi viso \u016bgio veidrod\u012f, kuris leid\u017eia puikiai kontroliuoti savo i\u0161vaizd\u0105 prie\u0161 i\u0161einant i\u0161 nam\u0173 ir vizualiai praple\u010dia kambar\u012f. \u0160velniai u\u017esidarantys vyriai padidina komfort\u0105, nes pa\u0161alina triuk\u0161m\u0105 u\u017edarant spintos duris.<br \/>\nSpintos viduje yra prakti\u0161kos lentynos ir i\u0161traukiama metalin\u0117 pakaba, leid\u017eianti palaikyti tvark\u0105 ir lengvai pritaikyti erdv\u0119 individualiems poreikiams. Paprasta, bet tvirta metalin\u0117 rankena palengvina prieig\u0105 prie vidaus, o plastikin\u0117s kojel\u0117s apsaugo grindis nuo \u012fbr\u0117\u017eim\u0173.<br \/>\nPapildydami savo interjer\u0105 \u201eRoxy RXYGS1\u201c spinta, gausite bald\u0105, kuris atitiks net ir reikliausi\u0173 vartotoj\u0173 l\u016bkes\u010dius. Nesvarbu, ar kuriate lofto stiliaus prie\u0161kambar\u012f, renkat\u0117s minimalistin\u0119 atmosfer\u0105, ar svajojate apie jauki\u0105 bohemi\u0161k\u0105 oaz\u0119, \u201eRoxy\u201c suteiks jums ne tik prakti\u0161kus sprendimus, bet ir papildys j\u016bs\u0173 interjer\u0105 savo i\u0161vaizda. Tai baldas, kuriame pa\u017eangus funkcionalumas dera su tobula forma, o kiekviena detal\u0117 kruop\u0161\u010diai apgalvota, kad atitikt\u0173 \u0161iuolaikinio gyvenimo l\u016bkes\u010dius.<\/p>","protected":false},"excerpt":{"rendered":"<p>Plotis (cm): 65<br \/>\n\u016agis (cm): 201,3<br \/>\nGylis (cm): 37,9<\/p>","protected":false},"featured_media":164002,"comment_status":"open","ping_status":"open","template":"","meta":[],"product_brand":[],"product_cat":[9497,4107,1177],"product_tag":[],"class_list":{"0":"post-164001","1":"product","2":"type-product","3":"status-publish","4":"has-post-thumbnail","6":"product_cat-furniture-system-roxy-wojcik-meble","7":"product_cat-meble-wojcik","8":"product_cat-wardrobes","10":"first","11":"instock","12":"purchasable","13":"product-type-simple"},"_links":{"self":[{"href":"https:\/\/baldumarket.lt\/lt\/wp-json\/wp\/v2\/product\/164001","targetHints":{"allow":["GET"]}}],"collection":[{"href":"https:\/\/baldumarket.lt\/lt\/wp-json\/wp\/v2\/product"}],"about":[{"href":"https:\/\/baldumarket.lt\/lt\/wp-json\/wp\/v2\/types\/product"}],"replies":[{"embeddable":true,"href":"https:\/\/baldumarket.lt\/lt\/wp-json\/wp\/v2\/comments?post=164001"}],"wp:featuredmedia":[{"embeddable":true,"href":"https:\/\/baldumarket.lt\/lt\/wp-json\/wp\/v2\/media\/164002"}],"wp:attachment":[{"href":"https:\/\/baldumarket.lt\/lt\/wp-json\/wp\/v2\/media?parent=164001"}],"wp:term":[{"taxonomy":"product_brand","embeddable":true,"href":"https:\/\/baldumarket.lt\/lt\/wp-json\/wp\/v2\/product_brand?post=164001"},{"taxonomy":"product_cat","embeddable":true,"href":"https:\/\/baldumarket.lt\/lt\/wp-json\/wp\/v2\/product_cat?post=164001"},{"taxonomy":"product_tag","embeddable":true,"href":"https:\/\/baldumarket.lt\/lt\/wp-json\/wp\/v2\/product_tag?post=164001"}],"curies":[{"name":"wp","href":"https:\/\/api.w.org\/{rel}","templated":true}]}}