{"id":163997,"date":"2025-12-19T13:08:51","date_gmt":"2025-12-19T10:08:51","guid":{"rendered":"https:\/\/baldumarket.lt\/product\/roxy-rxygd1-lawka-1k-dab-viking\/"},"modified":"2026-04-06T20:06:05","modified_gmt":"2026-04-06T17:06:05","slug":"roxy-rxygd1-lawka-1k-dab-viking","status":"publish","type":"product","link":"https:\/\/baldumarket.lt\/lt\/product\/roxy-rxygd1-lawka-1k-dab-viking\/","title":{"rendered":"Roxy RXYGD1 &#8211; 1K Viking \u0105\u017euolo suoliukas"},"content":{"rendered":"<p>Jei ie\u0161kote baldo, kuris suteikt\u0173 j\u016bs\u0173 namams modernumo ir kartu pasi\u017eym\u0117t\u0173 daugybe praktini\u0173 savybi\u0173, \u201eRoxy RXYGD1\u201c suolas \u201eViking Oak\u201c spalvos yra puikus sprendimas. Sukurtas prie\u0161kambariui, jis puikiai tinka ir kitoms erdv\u0117ms, nes si\u016blo stiling\u0105 ir patog\u0173 s\u0117d\u0117jim\u0105 bei papildom\u0105 daikt\u0173 laikymo viet\u0105.<\/p>\n<p>Matmenys: plotis: 139,4 cm, auk\u0161tis: 47,7 cm ir gylis: 37,9 cm. \u0160is tvirtas \u201eRoxy\u201c suolas pritaikytas \u0161iuolaikini\u0173 vartotoj\u0173 poreikiams. Patvari laminato ir MDF konstrukcija garantuoja ilgaam\u017ei\u0161kum\u0105 ir atsparum\u0105 kasdieniam naudojimui. Nat\u016brali \u201eViking Oak\u201c spalva kartu su pilkais akcentais suteikia interjerui \u0161ilt\u0105, jauk\u0173 poj\u016bt\u012f, i\u0161laikant modern\u0173 dizain\u0105. Be to, suoliuk\u0105 lengva valyti, tod\u0117l jis itin prakti\u0161kas kasdieniam, intensyviam naudojimui.<\/p>\n<p>\u201eRoxy RXYGD1\u201c i\u0161siskiria unikaliu stiliumi, kur\u012f lemia asimetri\u0161ka forma ir metalin\u0117s rankenos. Modern\u0173 stili\u0173 pabr\u0117\u017eia laminuotos med\u017eio dro\u017eli\u0173 plok\u0161t\u0117s korpusas, o suoliuko priekin\u0119 dal\u012f puo\u0161ia MDF elementai ir funkcionalus atvartas su vir\u0161utiniu atidarymo mechanizmu. Be to, suoliukas turi metalines rankenas ir plastikines kojeles, kurios u\u017etikrina stabilum\u0105 ir apsaugo grindis nuo \u012fbr\u0117\u017eim\u0173.<br \/>\nI\u0161skirtin\u012f s\u0117d\u0117jimo komfort\u0105 garantuoja patogi antracito spalvos s\u0117dyn\u0117s pagalv\u0117l\u0117, kurios u\u017evalkal\u0105 galima lengvai nuimti valymui. Patogi s\u0117dyn\u0117 yra vir\u0161 atviros lentynos, kuri, be funkcionalaus atvarto, leid\u017eia sumaniai organizuoti erdv\u0119, eksponuoti dekoracijas arba pasl\u0117pti ma\u017eiau esteti\u0161kai patrauklius daiktus.<br \/>\n\u201eRoxy RXYGD1\u201c suolas \u2013 puikus baldas ne tik prie\u0161kambariui, bet ir miegamajam ar svetainei, puikiai tinkantis \u012fvairiems interjerams \u2013 nuo industrinio iki bohemi\u0161ko. D\u0117l savo universalumo ir nesenstan\u010dios i\u0161vaizdos \u201eRoxy\u201c suolas yra \u012fdomus bet kurio modernaus kambario papildymas, o derinamas su kitais tos pa\u010dios kolekcijos baldais sukuria darn\u0173 ir eleganti\u0161k\u0105 komplekt\u0105. \u201eRoxy RXYGD1\u201c \u2013 1K viking\u0173 \u0105\u017euolo suolas \u2013 tai baldas, kuris j\u016bs\u0173 namams suteiks ne tik elegancijos, bet ir tvarkos bei harmonijos, paversdamas kiekvien\u0105 atvykim\u0105 ir i\u0161vykim\u0105 maloniu ir patogiu ritualu.<\/p>","protected":false},"excerpt":{"rendered":"<p>Plotis (cm): 139,4<br \/>\n\u016agis (cm): 47,7<br \/>\nGylis (cm): 37,9<\/p>","protected":false},"featured_media":163998,"comment_status":"open","ping_status":"open","template":"","meta":[],"product_brand":[],"product_cat":[9497,4107,1997],"product_tag":[],"class_list":{"0":"post-163997","1":"product","2":"type-product","3":"status-publish","4":"has-post-thumbnail","6":"product_cat-furniture-system-roxy-wojcik-meble","7":"product_cat-meble-wojcik","8":"product_cat-shoe-cabinets","10":"first","11":"instock","12":"purchasable","13":"product-type-simple"},"_links":{"self":[{"href":"https:\/\/baldumarket.lt\/lt\/wp-json\/wp\/v2\/product\/163997","targetHints":{"allow":["GET"]}}],"collection":[{"href":"https:\/\/baldumarket.lt\/lt\/wp-json\/wp\/v2\/product"}],"about":[{"href":"https:\/\/baldumarket.lt\/lt\/wp-json\/wp\/v2\/types\/product"}],"replies":[{"embeddable":true,"href":"https:\/\/baldumarket.lt\/lt\/wp-json\/wp\/v2\/comments?post=163997"}],"wp:featuredmedia":[{"embeddable":true,"href":"https:\/\/baldumarket.lt\/lt\/wp-json\/wp\/v2\/media\/163998"}],"wp:attachment":[{"href":"https:\/\/baldumarket.lt\/lt\/wp-json\/wp\/v2\/media?parent=163997"}],"wp:term":[{"taxonomy":"product_brand","embeddable":true,"href":"https:\/\/baldumarket.lt\/lt\/wp-json\/wp\/v2\/product_brand?post=163997"},{"taxonomy":"product_cat","embeddable":true,"href":"https:\/\/baldumarket.lt\/lt\/wp-json\/wp\/v2\/product_cat?post=163997"},{"taxonomy":"product_tag","embeddable":true,"href":"https:\/\/baldumarket.lt\/lt\/wp-json\/wp\/v2\/product_tag?post=163997"}],"curies":[{"name":"wp","href":"https:\/\/api.w.org\/{rel}","templated":true}]}}