{"id":163991,"date":"2025-12-19T13:08:39","date_gmt":"2025-12-19T10:08:39","guid":{"rendered":"https:\/\/baldumarket.lt\/product\/rivero-rivv05-witryna-3d1s-szara-dab-flagstaff-ciemna\/"},"modified":"2026-04-06T19:47:35","modified_gmt":"2026-04-06T16:47:35","slug":"rivero-rivv05-witryna-3d1s-szara-dab-flagstaff-ciemna","status":"publish","type":"product","link":"https:\/\/baldumarket.lt\/lt\/product\/rivero-rivv05-witryna-3d1s-szara-dab-flagstaff-ciemna\/","title":{"rendered":"Rivero RIVV05 &#8211; 3D1S vitrina, pilka\/tamsaus \u0105\u017euolo spalvos, Flagstaff spalvos"},"content":{"rendered":"<p>Presti\u017ein\u0117 ir moderni \u2013 tai \u201eRivero RIVV05\u201c vitrina, kuri eleganti\u0161kos pilkos ir sodraus tamsaus v\u0117liavos \u0105\u017euolo atspalvio suteiks j\u016bs\u0173 interjerui prabangos ir originalumo. 200,5 cm auk\u0161\u010dio ir proporcing\u0173 proporcij\u0173 (82,7 cm plo\u010dio ir 40 cm gylio) tai puikus baldas, kuriame gal\u0117site pademonstruoti brangiausias dekoracijas ir aksesuarus. Pagaminta i\u0161 tvirtos laminuotos plok\u0161t\u0117s, \u201eRivero\u201c vitrina yra atspari kasdieniam naudojimui ir lengvai valoma. \u0160ilta tamsaus v\u0117liavos \u0105\u017euolo spalva dera su universalia pilka, sukurdama moderni\u0105 spalv\u0173 harmonij\u0105, kuri s\u0117kmingai papildys bet kok\u012f, net ir reikliausi\u0105 interjer\u0105. Vitrinos priekin\u0117 dalis taip pat pagaminta i\u0161 laminuotos med\u017eio dro\u017eli\u0173 plok\u0161t\u0117s, pasi\u017eymi apgalvotu dizainu su trimis durel\u0117mis ir vienu stal\u010diumi. Gr\u016bdinto stiklo kolona vizualiai skaido konstrukcij\u0105, tuo pa\u010diu suteikdama lengvumo ir modernumo elemento. Skaidrios, negr\u016bdinto stiklo lentynos yra ne tik prakti\u0161kos, bet ir suteikia papildomos vietos dekoratyviniams daiktams eksponuoti.<\/p>","protected":false},"excerpt":{"rendered":"<p>Plotis (cm): 82,7<br \/>\n\u016agis (cm): 200,5<br \/>\nGylis (cm): 40<\/p>","protected":false},"featured_media":163992,"comment_status":"open","ping_status":"open","template":"","meta":[],"product_brand":[],"product_cat":[9496,4107,2006],"product_tag":[],"class_list":{"0":"post-163991","1":"product","2":"type-product","3":"status-publish","4":"has-post-thumbnail","6":"product_cat-furniture-system-rivero-wojcik-meble","7":"product_cat-meble-wojcik","8":"product_cat-vitrines","10":"first","11":"instock","12":"purchasable","13":"product-type-simple"},"_links":{"self":[{"href":"https:\/\/baldumarket.lt\/lt\/wp-json\/wp\/v2\/product\/163991","targetHints":{"allow":["GET"]}}],"collection":[{"href":"https:\/\/baldumarket.lt\/lt\/wp-json\/wp\/v2\/product"}],"about":[{"href":"https:\/\/baldumarket.lt\/lt\/wp-json\/wp\/v2\/types\/product"}],"replies":[{"embeddable":true,"href":"https:\/\/baldumarket.lt\/lt\/wp-json\/wp\/v2\/comments?post=163991"}],"wp:featuredmedia":[{"embeddable":true,"href":"https:\/\/baldumarket.lt\/lt\/wp-json\/wp\/v2\/media\/163992"}],"wp:attachment":[{"href":"https:\/\/baldumarket.lt\/lt\/wp-json\/wp\/v2\/media?parent=163991"}],"wp:term":[{"taxonomy":"product_brand","embeddable":true,"href":"https:\/\/baldumarket.lt\/lt\/wp-json\/wp\/v2\/product_brand?post=163991"},{"taxonomy":"product_cat","embeddable":true,"href":"https:\/\/baldumarket.lt\/lt\/wp-json\/wp\/v2\/product_cat?post=163991"},{"taxonomy":"product_tag","embeddable":true,"href":"https:\/\/baldumarket.lt\/lt\/wp-json\/wp\/v2\/product_tag?post=163991"}],"curies":[{"name":"wp","href":"https:\/\/api.w.org\/{rel}","templated":true}]}}