{"id":163985,"date":"2025-12-19T13:08:27","date_gmt":"2025-12-19T10:08:27","guid":{"rendered":"https:\/\/baldumarket.lt\/product\/rivero-rivb02-regal-1d2s1k-szary-dab-flagstaff-ciemny\/"},"modified":"2026-04-06T19:47:35","modified_gmt":"2026-04-06T16:47:35","slug":"rivero-rivb02-regal-1d2s1k-szary-dab-flagstaff-ciemny","status":"publish","type":"product","link":"https:\/\/baldumarket.lt\/lt\/product\/rivero-rivb02-regal-1d2s1k-szary-dab-flagstaff-ciemny\/","title":{"rendered":"Rivero RIVB02 &#8211; 1D2S1K Lentyna Pilka\/Tamsaus \u0105\u017euolo Flagstaff"},"content":{"rendered":"<p>\u012esivaizduokite bald\u0105, kuris ne tik saugo j\u016bs\u0173 literat\u016brinius lobius, bet ir tampa j\u016bs\u0173 kasdienio gyvenimo bei darbo organizavimo \u0161irdimi. Pristatome \u201eRivero RIVB02 \u2013 1D2S1K\u201c knyg\u0173 spint\u0105 pilkos ir tamsaus Flagstaff \u0105\u017euolo spalvos \u2013 sprendim\u0105, kuris lengvai atitiks j\u016bs\u0173 poreikius ir erdv\u0119. \u201eRivero\u201c knyg\u0173 spinta yra modernaus dizaino ir funkcionalumo kvintesencija. 123,7 cm plo\u010dio, 143 cm auk\u0161\u010dio ir 40 cm gylio \u0161is baldas puikiai tinka tiems, kurie turi ribot\u0105 erdv\u0119, ir tiems, kurie vertina apgalvotus nam\u0173 dizaino sprendimus. Unikalios spalvos \u2013 tamsus Flagstaff \u0105\u017euolas ir silikonin\u0117 pilka \u2013 i\u0161ry\u0161kina nat\u016bral\u0173 \u0161io baldo gro\u017e\u012f ir elegancij\u0105. Jos paver\u010dia knyg\u0173 lentyn\u0105 unikaliu bet kokio interjero papildymu, pabr\u0117\u017eiant jos individual\u0173 charakter\u012f. Tvirta laminuotos med\u017eio dro\u017eli\u0173 plok\u0161t\u0117s konstrukcija garantuoja ilgalaik\u012f patvarum\u0105, o metalin\u0117s rankenos suteikia modernumo.<\/p>","protected":false},"excerpt":{"rendered":"<p>Plotis (cm): 123,7<br \/>\n\u016agis (cm): 143<br \/>\nGylis (cm): 40<\/p>","protected":false},"featured_media":163986,"comment_status":"open","ping_status":"open","template":"","meta":[],"product_brand":[],"product_cat":[9496,4107,1987],"product_tag":[],"class_list":{"0":"post-163985","1":"product","2":"type-product","3":"status-publish","4":"has-post-thumbnail","6":"product_cat-furniture-system-rivero-wojcik-meble","7":"product_cat-meble-wojcik","8":"product_cat-shelving-units","10":"first","11":"instock","12":"purchasable","13":"product-type-simple"},"_links":{"self":[{"href":"https:\/\/baldumarket.lt\/lt\/wp-json\/wp\/v2\/product\/163985","targetHints":{"allow":["GET"]}}],"collection":[{"href":"https:\/\/baldumarket.lt\/lt\/wp-json\/wp\/v2\/product"}],"about":[{"href":"https:\/\/baldumarket.lt\/lt\/wp-json\/wp\/v2\/types\/product"}],"replies":[{"embeddable":true,"href":"https:\/\/baldumarket.lt\/lt\/wp-json\/wp\/v2\/comments?post=163985"}],"wp:featuredmedia":[{"embeddable":true,"href":"https:\/\/baldumarket.lt\/lt\/wp-json\/wp\/v2\/media\/163986"}],"wp:attachment":[{"href":"https:\/\/baldumarket.lt\/lt\/wp-json\/wp\/v2\/media?parent=163985"}],"wp:term":[{"taxonomy":"product_brand","embeddable":true,"href":"https:\/\/baldumarket.lt\/lt\/wp-json\/wp\/v2\/product_brand?post=163985"},{"taxonomy":"product_cat","embeddable":true,"href":"https:\/\/baldumarket.lt\/lt\/wp-json\/wp\/v2\/product_cat?post=163985"},{"taxonomy":"product_tag","embeddable":true,"href":"https:\/\/baldumarket.lt\/lt\/wp-json\/wp\/v2\/product_tag?post=163985"}],"curies":[{"name":"wp","href":"https:\/\/api.w.org\/{rel}","templated":true}]}}