{"id":163979,"date":"2025-12-19T13:08:13","date_gmt":"2025-12-19T10:08:13","guid":{"rendered":"https:\/\/baldumarket.lt\/product\/rivero-rivt01-stolik-1s-szary-dab-flagstaff-ciemny\/"},"modified":"2026-04-06T19:47:35","modified_gmt":"2026-04-06T16:47:35","slug":"rivero-rivt01-stolik-1s-szary-dab-flagstaff-ciemny","status":"publish","type":"product","link":"https:\/\/baldumarket.lt\/lt\/product\/rivero-rivt01-stolik-1s-szary-dab-flagstaff-ciemny\/","title":{"rendered":"Rivero RIVT01 \u2013 1S stalas, pilkas\/tamsaus \u0105\u017euolo, Flagstaff"},"content":{"rendered":"<p>Pristatome \u201eRivero RIVT01 \u2013 1S\u201c stal\u0105 pilko\/tamsaus \u0105\u017euolo \u201eFlagstaff\u201c spalvos. \u0160is unikalus baldas pama\u017eu tampa pasauline interjero dizaino tendencija, puikiai tinkan\u010dia tiek modernioms, tiek klasikin\u0117ms svetain\u0117ms. Kiekvienas \u0161io baldo elementas buvo kruop\u0161\u010diai apgalvotas, siekiant u\u017etikrinti auk\u0161\u010diausi\u0105 naudojimo komfort\u0105, i\u0161laikant eleganti\u0161k\u0105, nesenstant\u012f vaizd\u0105. 110 cm plo\u010dio, 42,5 cm auk\u0161\u010dio ir 64 cm gylio \u201eRivero\u201c stalas demonstruoja visi\u0161k\u0105 matmen\u0173 harmonij\u0105. Jis pakankamai erdvus, kad tilpt\u0173 rytin\u0117 kava ar popiet\u0117s desertas, ta\u010diau pakankamai eleganti\u0161kas, kad neu\u017evaldyt\u0173 svetain\u0117s erdv\u0117s. Patvari laminuota lenta u\u017etikrina ilgalaik\u012f naudojim\u0105 ir lengv\u0105 valym\u0105. Neabejotinas privalumas yra nat\u016bralaus med\u017eio atspalvio, kuris sukuria \u0161ilt\u0105 ir jauk\u0173 interjer\u0105, ir subtilios pilkos spalvos, suteikian\u010dios modernaus elegancijos, derinys. Laminuotas stalvir\u0161is, pagrindas ir \u0161onai garantuoja, kad stalas daugel\u012f met\u0173 trauks ak\u012f, be joki\u0173 nusid\u0117v\u0117jimo po\u017eymi\u0173.<\/p>","protected":false},"excerpt":{"rendered":"<p>Plotis (cm): 110<br \/>\n\u016agis (cm): 42,5<br \/>\nGylis (cm): 64<\/p>","protected":false},"featured_media":163980,"comment_status":"open","ping_status":"open","template":"","meta":[],"product_brand":[],"product_cat":[9496,866,4107],"product_tag":[],"class_list":{"0":"post-163979","1":"product","2":"type-product","3":"status-publish","4":"has-post-thumbnail","6":"product_cat-furniture-system-rivero-wojcik-meble","7":"product_cat-coffee-tables","8":"product_cat-meble-wojcik","10":"first","11":"instock","12":"purchasable","13":"product-type-simple"},"_links":{"self":[{"href":"https:\/\/baldumarket.lt\/lt\/wp-json\/wp\/v2\/product\/163979","targetHints":{"allow":["GET"]}}],"collection":[{"href":"https:\/\/baldumarket.lt\/lt\/wp-json\/wp\/v2\/product"}],"about":[{"href":"https:\/\/baldumarket.lt\/lt\/wp-json\/wp\/v2\/types\/product"}],"replies":[{"embeddable":true,"href":"https:\/\/baldumarket.lt\/lt\/wp-json\/wp\/v2\/comments?post=163979"}],"wp:featuredmedia":[{"embeddable":true,"href":"https:\/\/baldumarket.lt\/lt\/wp-json\/wp\/v2\/media\/163980"}],"wp:attachment":[{"href":"https:\/\/baldumarket.lt\/lt\/wp-json\/wp\/v2\/media?parent=163979"}],"wp:term":[{"taxonomy":"product_brand","embeddable":true,"href":"https:\/\/baldumarket.lt\/lt\/wp-json\/wp\/v2\/product_brand?post=163979"},{"taxonomy":"product_cat","embeddable":true,"href":"https:\/\/baldumarket.lt\/lt\/wp-json\/wp\/v2\/product_cat?post=163979"},{"taxonomy":"product_tag","embeddable":true,"href":"https:\/\/baldumarket.lt\/lt\/wp-json\/wp\/v2\/product_tag?post=163979"}],"curies":[{"name":"wp","href":"https:\/\/api.w.org\/{rel}","templated":true}]}}