{"id":163973,"date":"2025-12-19T13:07:58","date_gmt":"2025-12-19T10:07:58","guid":{"rendered":"https:\/\/baldumarket.lt\/product\/rivero-rivv03-witryna-3d3s-szara-dab-flagstaff-ciemna\/"},"modified":"2026-04-06T19:47:35","modified_gmt":"2026-04-06T16:47:35","slug":"rivero-rivv03-witryna-3d3s-szara-dab-flagstaff-ciemna","status":"publish","type":"product","link":"https:\/\/baldumarket.lt\/lt\/product\/rivero-rivv03-witryna-3d3s-szara-dab-flagstaff-ciemna\/","title":{"rendered":"Rivero RIVV03 \u2013 3D3S vitrina, pilka\/tamsaus \u0105\u017euolo spalvos, Flagstaff spalvos"},"content":{"rendered":"<p>Atraskite \u201eRivero RIVV03\u201c vitrin\u0105, kuri taps unikaliu j\u016bs\u0173 interjero elementu, apjungian\u010diu nat\u016bralaus \u0105\u017euolo ir \u0161iuolaiki\u0161kos pilkos spalvos elegancij\u0105. Ji suteiks j\u016bs\u0173 svetainei ar valgomajam ne tik estetikos, bet ir funkcionalumo. \u0160is baldas suteiks j\u016bs\u0173 namams modernumo ir u\u017etikrins patog\u0173 \u012fvairi\u0173 daikt\u0173 laikym\u0105. 123,7 cm plo\u010dio, 143 cm auk\u0161\u010dio ir 40 cm gylio vitrina pagaminta i\u0161 auk\u0161tos kokyb\u0117s laminuotos plok\u0161t\u0117s, kurios spalva \u2013 tamsus \u0105\u017euolo spalvos ir neutralus pilkas atspalvis. \u0160is derinys dera prie \u012fvairi\u0173 interjero stili\u0173 \u2013 nuo minimalistinio iki dekoratyvesnio ir klasikinio. Gr\u016bdinto stiklo priekin\u0117 dalis, papildyta skaidriomis, negr\u016bdintomis lentynomis, leid\u017eia eksponuoti m\u0117gstamiausias dekoracijas ir kolekcijas, kartu apsaugant jas nuo dulki\u0173 ir pa\u017eeidim\u0173. Ar problema yra atstumas, ar \u0161viesos kokyb\u0117? Pasinaudokite papildomu ap\u0161vietimu, tokiu kaip \u201ePrismatic Mini\u201c, \u201eSquare\u201c arba \u201eLED Klips\u201c, kurie leis tinkamai pary\u0161kinti eksponuojamus daiktus.<\/p>","protected":false},"excerpt":{"rendered":"<p>Plotis (cm): 123,7<br \/>\n\u016agis (cm): 143<br \/>\nGylis (cm): 40<\/p>","protected":false},"featured_media":163974,"comment_status":"open","ping_status":"open","template":"","meta":[],"product_brand":[],"product_cat":[9496,4107,2006],"product_tag":[],"class_list":{"0":"post-163973","1":"product","2":"type-product","3":"status-publish","4":"has-post-thumbnail","6":"product_cat-furniture-system-rivero-wojcik-meble","7":"product_cat-meble-wojcik","8":"product_cat-vitrines","10":"first","11":"instock","12":"purchasable","13":"product-type-simple"},"_links":{"self":[{"href":"https:\/\/baldumarket.lt\/lt\/wp-json\/wp\/v2\/product\/163973","targetHints":{"allow":["GET"]}}],"collection":[{"href":"https:\/\/baldumarket.lt\/lt\/wp-json\/wp\/v2\/product"}],"about":[{"href":"https:\/\/baldumarket.lt\/lt\/wp-json\/wp\/v2\/types\/product"}],"replies":[{"embeddable":true,"href":"https:\/\/baldumarket.lt\/lt\/wp-json\/wp\/v2\/comments?post=163973"}],"wp:featuredmedia":[{"embeddable":true,"href":"https:\/\/baldumarket.lt\/lt\/wp-json\/wp\/v2\/media\/163974"}],"wp:attachment":[{"href":"https:\/\/baldumarket.lt\/lt\/wp-json\/wp\/v2\/media?parent=163973"}],"wp:term":[{"taxonomy":"product_brand","embeddable":true,"href":"https:\/\/baldumarket.lt\/lt\/wp-json\/wp\/v2\/product_brand?post=163973"},{"taxonomy":"product_cat","embeddable":true,"href":"https:\/\/baldumarket.lt\/lt\/wp-json\/wp\/v2\/product_cat?post=163973"},{"taxonomy":"product_tag","embeddable":true,"href":"https:\/\/baldumarket.lt\/lt\/wp-json\/wp\/v2\/product_tag?post=163973"}],"curies":[{"name":"wp","href":"https:\/\/api.w.org\/{rel}","templated":true}]}}